{"id":61556,"date":"2021-02-21T18:25:11","date_gmt":"2021-02-21T18:25:11","guid":{"rendered":"https:\/\/www.autonvaraosahaku.fi\/?product=champion-oe253-sytytystulpat"},"modified":"2021-02-21T18:25:15","modified_gmt":"2021-02-21T18:25:15","slug":"champion-oe253-sytytystulpat","status":"publish","type":"product","link":"https:\/\/www.autonvaraosahaku.fi\/?product=champion-oe253-sytytystulpat","title":{"rendered":"Champion OE253 Sytytystulpat"},"content":{"rendered":"<p>K\u00e4rkiv\u00e4li (mm): 1; Liittimet: SAE; Kierremitta: M12x1.25; Avainv\u00e4li: 14 mm; Laatu \/ luokka: Pt GE; Pakkaustyyppi: Laatikko; Sytytystulppa: 1-maaelektroodi, suoralla istukalla, Iridium-keskielektrodi; Kierteen pituus (mm): 26,5; Teknisten tietojen numero: REA8WYPB4; Kipin\u00e4et\u00e4isyys [mm]: 3; Kiristysmomentti > [Nm]: 15; Kiristysmomentti enint\u00e4\u00e4n [Nm]: 25; Pakkauspituus [cm]: 8,85; Pakkausleveys [cm]: 2,6; Pakkauskorkeus [mm]: 2,35; Vastus alkaen [kOhm]: 3; Vastus asti [kOhm]: 7,5; Ulkonema [mm]: 1,5; Tuotelinja: Platinum CT; Tarvittava kappalem\u00e4\u00e4r\u00e4: 4; MAZDA: CX-5 KE, GH,3 BM,6 Kombi GJ, GH,6 Stufenheck GJ, GH,3 Stufenheck BM,2 DL, DJ,CX-3 DK,MX-5 IV ND; P51R18110, PE5R18110, PE5S18110; Tulpat,Sytytystulppa<\/p>\n","protected":false},"excerpt":{"rendered":"<p>CHAMPION Sytytystulpat OE253 Tulpat,Sytytystulppa MAZDA,CX-5 KE, GH,3 BM,6 Kombi GJ, GH,6 Stufenheck GJ, GH,3 Stufenheck BM,2 DL, DJ,CX-3 DK<\/p>\n","protected":false},"featured_media":0,"template":"","meta":{"site-sidebar-layout":"default","site-content-layout":"default","ast-global-header-display":"","ast-main-header-display":"","ast-hfb-above-header-display":"","ast-hfb-below-header-display":"","ast-hfb-mobile-header-display":"","site-post-title":"","ast-breadcrumbs-content":"","ast-featured-img":"","footer-sml-layout":"","theme-transparent-header-meta":"","adv-header-id-meta":"","stick-header-meta":"","header-above-stick-meta":"","header-main-stick-meta":"","header-below-stick-meta":""},"pwb-brand":[536],"product_cat":[165],"product_tag":[],"class_list":{"0":"post-61556","1":"product","2":"type-product","3":"status-publish","5":"pwb-brand-champion","6":"product_cat-sytytystulpat","7":"desktop-align-left","8":"tablet-align-left","9":"mobile-align-left","11":"first","12":"instock","13":"product-type-external"},"brands":[{"id":536,"name":"Champion","slug":"champion"}],"_links":{"self":[{"href":"https:\/\/www.autonvaraosahaku.fi\/index.php?rest_route=\/wp\/v2\/product\/61556","targetHints":{"allow":["GET"]}}],"collection":[{"href":"https:\/\/www.autonvaraosahaku.fi\/index.php?rest_route=\/wp\/v2\/product"}],"about":[{"href":"https:\/\/www.autonvaraosahaku.fi\/index.php?rest_route=\/wp\/v2\/types\/product"}],"wp:attachment":[{"href":"https:\/\/www.autonvaraosahaku.fi\/index.php?rest_route=%2Fwp%2Fv2%2Fmedia&parent=61556"}],"wp:term":[{"taxonomy":"pwb-brand","embeddable":true,"href":"https:\/\/www.autonvaraosahaku.fi\/index.php?rest_route=%2Fwp%2Fv2%2Fpwb-brand&post=61556"},{"taxonomy":"product_cat","embeddable":true,"href":"https:\/\/www.autonvaraosahaku.fi\/index.php?rest_route=%2Fwp%2Fv2%2Fproduct_cat&post=61556"},{"taxonomy":"product_tag","embeddable":true,"href":"https:\/\/www.autonvaraosahaku.fi\/index.php?rest_route=%2Fwp%2Fv2%2Fproduct_tag&post=61556"}],"curies":[{"name":"wp","href":"https:\/\/api.w.org\/{rel}","templated":true}]}}