{"id":61559,"date":"2021-02-21T18:25:11","date_gmt":"2021-02-21T18:25:11","guid":{"rendered":"https:\/\/www.autonvaraosahaku.fi\/?product=champion-oe266-sytytystulpat"},"modified":"2021-02-21T18:25:16","modified_gmt":"2021-02-21T18:25:16","slug":"champion-oe266-sytytystulpat","status":"publish","type":"product","link":"https:\/\/www.autonvaraosahaku.fi\/?product=champion-oe266-sytytystulpat","title":{"rendered":"Champion OE266 Sytytystulpat"},"content":{"rendered":"<p>K\u00e4rkiv\u00e4li (mm): 0,7; Liittimet: SAE; Kierremitta: M14x1.25; Avainv\u00e4li: 16 mm; Laatu \/ luokka: Pt GE; Pakkaustyyppi: Laatikko; Sytytystulppa: 1-maaelektroodi, suoralla istukalla, Iridium-keskielektrodi; Kierteen pituus (mm): 19; Teknisten tietojen numero: KC6ZWHPB; Kipin\u00e4et\u00e4isyys [mm]: 2,5; Runkopituus [mm]: 3,0; Pakkauspituus [cm]: 9,2; Pakkausleveys [cm]: 2,5; Pakkauskorkeus [mm]: 2,2; Vastus alkaen [kOhm]: 1; Vastus asti [kOhm]: 2; Ulkonema [mm]: 0,6; TECDOC-moottorinumero: 24449; VW: GOLF V 1K1,TOURAN 1T1, 1T2,GOLF VI 5K1,GOLF PLUS 5M1, 521,POLO 6R, 6C,TIGUAN 5N_,PASSAT Variant 365,TOURAN 1T3,GOLF VI Variant AJ5,GOLF V Variant 1K5,EOS 1F7, 1F8,SCIROCCO 137, 138,SHARAN 7N1, 7N2,JETTA III 1K2,PASSAT 362,GOLF VI Cabriolet 517,BEETLE 5C1,JETTA IV 162, 163,BEETLE Cabriolet 5C7; AUDI: A1 8X1, 8XF,A1 Sportback 8XA, 8XK; SKODA: FABIA,FABIA Combi; SEAT: IBIZA V 6J5, 6P5,IBIZA V ST 6J8, 6P8,ALHAMBRA 710, 711,IBIZA V SPORTCOUPE 6J1, 6P1; Tulpat,Sytytystulppa<\/p>\n","protected":false},"excerpt":{"rendered":"<p>CHAMPION Sytytystulpat IRIDIUM OE266 Tulpat,Sytytystulppa VW,AUDI,SKODA,GOLF V 1K1,TOURAN 1T1, 1T2,GOLF VI 5K1,GOLF PLUS 5M1, 521,POLO 6R, 6C<\/p>\n","protected":false},"featured_media":0,"template":"","meta":{"site-sidebar-layout":"default","site-content-layout":"default","ast-global-header-display":"","ast-main-header-display":"","ast-hfb-above-header-display":"","ast-hfb-below-header-display":"","ast-hfb-mobile-header-display":"","site-post-title":"","ast-breadcrumbs-content":"","ast-featured-img":"","footer-sml-layout":"","theme-transparent-header-meta":"","adv-header-id-meta":"","stick-header-meta":"","header-above-stick-meta":"","header-main-stick-meta":"","header-below-stick-meta":""},"pwb-brand":[536],"product_cat":[165],"product_tag":[],"class_list":{"0":"post-61559","1":"product","2":"type-product","3":"status-publish","5":"pwb-brand-champion","6":"product_cat-sytytystulpat","7":"desktop-align-left","8":"tablet-align-left","9":"mobile-align-left","11":"first","12":"instock","13":"product-type-external"},"brands":[{"id":536,"name":"Champion","slug":"champion"}],"_links":{"self":[{"href":"https:\/\/www.autonvaraosahaku.fi\/index.php?rest_route=\/wp\/v2\/product\/61559","targetHints":{"allow":["GET"]}}],"collection":[{"href":"https:\/\/www.autonvaraosahaku.fi\/index.php?rest_route=\/wp\/v2\/product"}],"about":[{"href":"https:\/\/www.autonvaraosahaku.fi\/index.php?rest_route=\/wp\/v2\/types\/product"}],"wp:attachment":[{"href":"https:\/\/www.autonvaraosahaku.fi\/index.php?rest_route=%2Fwp%2Fv2%2Fmedia&parent=61559"}],"wp:term":[{"taxonomy":"pwb-brand","embeddable":true,"href":"https:\/\/www.autonvaraosahaku.fi\/index.php?rest_route=%2Fwp%2Fv2%2Fpwb-brand&post=61559"},{"taxonomy":"product_cat","embeddable":true,"href":"https:\/\/www.autonvaraosahaku.fi\/index.php?rest_route=%2Fwp%2Fv2%2Fproduct_cat&post=61559"},{"taxonomy":"product_tag","embeddable":true,"href":"https:\/\/www.autonvaraosahaku.fi\/index.php?rest_route=%2Fwp%2Fv2%2Fproduct_tag&post=61559"}],"curies":[{"name":"wp","href":"https:\/\/api.w.org\/{rel}","templated":true}]}}