{"id":61565,"date":"2021-02-21T18:25:19","date_gmt":"2021-02-21T18:25:19","guid":{"rendered":"https:\/\/www.autonvaraosahaku.fi\/?product=champion-oe255-sytytystulpat"},"modified":"2021-02-21T18:25:20","modified_gmt":"2021-02-21T18:25:20","slug":"champion-oe255-sytytystulpat","status":"publish","type":"product","link":"https:\/\/www.autonvaraosahaku.fi\/?product=champion-oe255-sytytystulpat","title":{"rendered":"Champion OE255 Sytytystulpat"},"content":{"rendered":"<p>K\u00e4rkiv\u00e4li (mm): 1; Liittimet: SAE; Kierremitta: M14x1.25; Avainv\u00e4li: 16 mm; Laatu \/ luokka: Nickel GE; Pakkaustyyppi: Laatikko; Sytytystulppa: 3-maaelektroodia, kartioistukalla, Kuparikeskielektrodi; Kierteen pituus (mm): 25; Teknisten tietojen numero: RES10TMC4; Kipin\u00e4et\u00e4isyys [mm]: 5,7; Kiristysmomentti > [Nm]: 10; Kiristysmomentti enint\u00e4\u00e4n [Nm]: 20; Pakkauspituus [cm]: 8,85; Pakkausleveys [cm]: 2,6; Pakkauskorkeus [mm]: 2,35; Vastus alkaen [kOhm]: 3; Vastus asti [kOhm]: 9; Ulkonema [mm]: 3; lis\u00e4tieto: Powersport; Tarvittava kappalem\u00e4\u00e4r\u00e4: 4; OPEL: ZAFIRA A F75_,ASTRA G CC F48_, F08_,ASTRA G Caravan F35_,VECTRA C,VECTRA B 36_,VECTRA C GTS,VECTRA B Caravan 31_,ASTRA G Cabriolet F67,ASTRA G Coupe F07_,ASTRA G Stufenheck F69_,VECTRA B CC 38_,SPEEDSTER; FIAT: CROMA 194; VAUXHALL: VECTRA Mk II C CC,ZAFIRA Mk I A F75,ASTRA Mk IV G CC,VECTRA Mk II C,VECTRA B CC,VECTRA B Estate,VECTRA B,VX220,ASTRA Mk IV G Coupe F67,ASTRA Mk IV G Convertible,ASTRA Mk IV G Estate; 09199038, 1214013, 1214118, 25324618, 95519057, 1214118, 95519057; Tulpat,Sytytystulppa<\/p>\n","protected":false},"excerpt":{"rendered":"<p>CHAMPION Sytytystulpat OE255 Tulpat,Sytytystulppa OPEL,FIAT,VAUXHALL,ZAFIRA A F75_,ASTRA G CC F48_, F08_,ASTRA G Caravan F35_,VECTRA C,VECTRA B 36_<\/p>\n","protected":false},"featured_media":0,"template":"","meta":{"site-sidebar-layout":"default","site-content-layout":"default","ast-global-header-display":"","ast-main-header-display":"","ast-hfb-above-header-display":"","ast-hfb-below-header-display":"","ast-hfb-mobile-header-display":"","site-post-title":"","ast-breadcrumbs-content":"","ast-featured-img":"","footer-sml-layout":"","theme-transparent-header-meta":"","adv-header-id-meta":"","stick-header-meta":"","header-above-stick-meta":"","header-main-stick-meta":"","header-below-stick-meta":""},"pwb-brand":[536],"product_cat":[165],"product_tag":[],"class_list":{"0":"post-61565","1":"product","2":"type-product","3":"status-publish","5":"pwb-brand-champion","6":"product_cat-sytytystulpat","7":"desktop-align-left","8":"tablet-align-left","9":"mobile-align-left","11":"first","12":"instock","13":"product-type-external"},"brands":[{"id":536,"name":"Champion","slug":"champion"}],"_links":{"self":[{"href":"https:\/\/www.autonvaraosahaku.fi\/index.php?rest_route=\/wp\/v2\/product\/61565","targetHints":{"allow":["GET"]}}],"collection":[{"href":"https:\/\/www.autonvaraosahaku.fi\/index.php?rest_route=\/wp\/v2\/product"}],"about":[{"href":"https:\/\/www.autonvaraosahaku.fi\/index.php?rest_route=\/wp\/v2\/types\/product"}],"wp:attachment":[{"href":"https:\/\/www.autonvaraosahaku.fi\/index.php?rest_route=%2Fwp%2Fv2%2Fmedia&parent=61565"}],"wp:term":[{"taxonomy":"pwb-brand","embeddable":true,"href":"https:\/\/www.autonvaraosahaku.fi\/index.php?rest_route=%2Fwp%2Fv2%2Fpwb-brand&post=61565"},{"taxonomy":"product_cat","embeddable":true,"href":"https:\/\/www.autonvaraosahaku.fi\/index.php?rest_route=%2Fwp%2Fv2%2Fproduct_cat&post=61565"},{"taxonomy":"product_tag","embeddable":true,"href":"https:\/\/www.autonvaraosahaku.fi\/index.php?rest_route=%2Fwp%2Fv2%2Fproduct_tag&post=61565"}],"curies":[{"name":"wp","href":"https:\/\/api.w.org\/{rel}","templated":true}]}}