{"id":61569,"date":"2021-02-21T18:25:19","date_gmt":"2021-02-21T18:25:19","guid":{"rendered":"https:\/\/www.autonvaraosahaku.fi\/?product=champion-oe247-sytytystulpat"},"modified":"2021-02-21T18:25:21","modified_gmt":"2021-02-21T18:25:21","slug":"champion-oe247-sytytystulpat","status":"publish","type":"product","link":"https:\/\/www.autonvaraosahaku.fi\/?product=champion-oe247-sytytystulpat","title":{"rendered":"Champion OE247 Sytytystulpat"},"content":{"rendered":"<p>K\u00e4rkiv\u00e4li (mm): 1; Liittimet: HS 6,4; Kierremitta: M12x1.25; Avainv\u00e4li: 16 mm; Laatu \/ luokka: Cu-core GE; Pakkaustyyppi: Laatikko; Sytytystulppa: 1-maaelektroodi, suoralla istukalla, Kuparikeskielektrodi; Kierteen pituus (mm): 19; Teknisten tietojen numero: KA8ZYCC-1; Kipin\u00e4et\u00e4isyys [mm]: 3; Kiristysmomentti > [Nm]: 15; Kiristysmomentti enint\u00e4\u00e4n [Nm]: 25; Runkopituus [mm]: 1,5; Pakkauspituus [cm]: 8,85; Pakkausleveys [cm]: 2,6; Pakkauskorkeus [mm]: 2,35; Vastus alkaen [kOhm]: 1; Vastus asti [kOhm]: 2; Ulkonema [mm]: 1,5; lis\u00e4tieto: Powersport; Tarvittava kappalem\u00e4\u00e4r\u00e4: 3; VW: POLO 6R, 6C,GOLF VII 5G1, BE1,FOX 5Z1, 5Z3,UP,GOLF VII Kombi BA5,JETTA IV 162, 163,POLO Stufenheck,GOL,GOLF SPORTSVAN AM1,CADDY IV Kombi SAB, SAJ,POLO Van 6R,POLO AW1, BZ1,CADDY IV Kasten SAA, SAH,LOAD UP,FOX; SKODA: OCTAVIA Combi 5E5,YETI 5L,CITIGO,OCTAVIA 5E3,FABIA NJ3,FABIA Kombi NJ5; SEAT: IBIZA V 6J5, 6P5,IBIZA V ST 6J8, 6P8,Mii KF1_,IBIZA V SPORTCOUPE 6J1, 6P1,IBIZA V KJ1; 04C905601, 04C905606, 04C905606A, 04C905616, 04C905616A; Tulpat,Sytytystulppa<\/p>\n","protected":false},"excerpt":{"rendered":"<p>CHAMPION Sytytystulpat OE247 Tulpat,Sytytystulppa VW,SKODA,SEAT,POLO 6R, 6C,GOLF VII 5G1, BE1,FOX 5Z1, 5Z3,UP,GOLF VII Kombi BA5,JETTA IV 162, 163<\/p>\n","protected":false},"featured_media":0,"template":"","meta":{"site-sidebar-layout":"default","site-content-layout":"default","ast-global-header-display":"","ast-main-header-display":"","ast-hfb-above-header-display":"","ast-hfb-below-header-display":"","ast-hfb-mobile-header-display":"","site-post-title":"","ast-breadcrumbs-content":"","ast-featured-img":"","footer-sml-layout":"","theme-transparent-header-meta":"","adv-header-id-meta":"","stick-header-meta":"","header-above-stick-meta":"","header-main-stick-meta":"","header-below-stick-meta":""},"pwb-brand":[536],"product_cat":[165],"product_tag":[],"class_list":{"0":"post-61569","1":"product","2":"type-product","3":"status-publish","5":"pwb-brand-champion","6":"product_cat-sytytystulpat","7":"desktop-align-left","8":"tablet-align-left","9":"mobile-align-left","11":"first","12":"instock","13":"product-type-external"},"brands":[{"id":536,"name":"Champion","slug":"champion"}],"_links":{"self":[{"href":"https:\/\/www.autonvaraosahaku.fi\/index.php?rest_route=\/wp\/v2\/product\/61569","targetHints":{"allow":["GET"]}}],"collection":[{"href":"https:\/\/www.autonvaraosahaku.fi\/index.php?rest_route=\/wp\/v2\/product"}],"about":[{"href":"https:\/\/www.autonvaraosahaku.fi\/index.php?rest_route=\/wp\/v2\/types\/product"}],"wp:attachment":[{"href":"https:\/\/www.autonvaraosahaku.fi\/index.php?rest_route=%2Fwp%2Fv2%2Fmedia&parent=61569"}],"wp:term":[{"taxonomy":"pwb-brand","embeddable":true,"href":"https:\/\/www.autonvaraosahaku.fi\/index.php?rest_route=%2Fwp%2Fv2%2Fpwb-brand&post=61569"},{"taxonomy":"product_cat","embeddable":true,"href":"https:\/\/www.autonvaraosahaku.fi\/index.php?rest_route=%2Fwp%2Fv2%2Fproduct_cat&post=61569"},{"taxonomy":"product_tag","embeddable":true,"href":"https:\/\/www.autonvaraosahaku.fi\/index.php?rest_route=%2Fwp%2Fv2%2Fproduct_tag&post=61569"}],"curies":[{"name":"wp","href":"https:\/\/api.w.org\/{rel}","templated":true}]}}