{"id":61572,"date":"2021-02-21T18:25:19","date_gmt":"2021-02-21T18:25:19","guid":{"rendered":"https:\/\/www.autonvaraosahaku.fi\/?product=champion-ch189-hehkutulppa"},"modified":"2021-02-21T18:25:21","modified_gmt":"2021-02-21T18:25:21","slug":"champion-ch189-hehkutulppa","status":"publish","type":"product","link":"https:\/\/www.autonvaraosahaku.fi\/?product=champion-ch189-hehkutulppa","title":{"rendered":"Champion CH189 Hehkutulppa"},"content":{"rendered":"<p>J\u00e4nnite (V): 11; Liittimet: M5; L\u00e4pimitta [mm]: 6,1; Kierremitta: M12x1,25; Kokonaispituus (mm): 72; Avainv\u00e4li: 12 mm; Hehkutulppatyyppi: Hehkutulppa, puikko; Pakkaustyyppi: Laatikko; Asennussyvyys (mm): 24,3; Katkeamismomentti [Nm]: 45; Kiristysmomentti > [Nm]: 15; Kiristysmomentti enint\u00e4\u00e4n [Nm]: 25; Pakkauspituus [cm]: 10; Pakkausleveys [cm]: 2,7; Pakkauskorkeus [mm]: 2,3; Tuotelinja: IRIDIUM; Tarvittava kappalem\u00e4\u00e4r\u00e4: 6; BMW: 5 E39,5 Touring E39,3 Compact E36,3 E36,3 E30,7 E38,5 E34,3 Touring E36,5 Touring E34,5 E28,3 Touring E30; SEAT: IBIZA I 021A,MALAGA 023A,131,132,RONDA 022A,RITMO 138; CHEVROLET: C1500 Pick-up; JEEP: CHEROKEE XJ,COMANCHE MJ; LADA: NIVA 2121; IVECO: DAILY I Pritsche\/Fahrgestell,DAILY I Kasten\/Kombi; LAND ROVER: DEFENDER Station Wagon LD,RANGE ROVER II LP,DEFENDER Cabrio LD,90\/110 DHMC,88\/109,88\/109 Hardtop; HYUNDAI: LANTRA II Wagon J-2,LANTRA II J-2; DAIHATSU: HIJET Kasten S85,HIJET Pick-up _U60; ROVER: 800 XS,200 Hatchback XW,800 Hatchback XS,400 Tourer XW,800 Coupe,400 XW,MONTEGO Estate XE,MAESTRO,MONTEGO; 46072001, 4729595, 60596245, 12121286059, 12121288161, 12231288245, 12232240255, 12232241387, 12232241388, 12232241389, 12239061353, 12239061354, 4720600, T0701130, 596154, 5962008, 596203, 596208, 59621R, 59621T, 59621V, 59623H, 59623J, 596258, 5962J4, 5962R8, 5962S8, 5962T1, 5962W8, 5962X1, 91536646, 95493206, 95534788, 96076258, 96141678, 96165724, 9633214380, MKP00065, 0192618, 105977, 1353958, 07029585, 4393814, 4474413, 4714294, 4729585, 4754011, 4774412, 4774413, 4781356, 4849406, 5493206, 5950464, 5951861, 5951861FU2B, 5951879, 5951881, 5951881FU2A, 5951882, 5973752, 5973753, 60812292, 7029585, 71719015, 71735461, 762266740, 7702960, 7735920, 77359200, 9616472480, 96165724, 9633214380, 98462490, F2VB, F4VB, FU2A, FU4A, 1587444, 1H4Z18C636BA, 6063505, 6154593, 7072673, 785F6M090BA, 785F6M090CB, 786B6M090CA, 78GB6M090CA, 83BB6M090A1A, 83BB6M090A2A, 84BB6M090AA, 84FF6M090B2A, 89FF6M091AA, 910X6M090BA, 94DD6M090AA, V94DX6M090AA, XH2270G239AA, B19N, B20N, B22N, B23R, B29SR, B30SR,&#8230;<\/p>\n","protected":false},"excerpt":{"rendered":"<p>CHAMPION Hehkutulppa CH189  BMW,SEAT,CHEVROLET,5 E39,5 Touring E39,3 Compact E36,3 E36,3 E30,7 E38,5 E34,3 Touring E36,5 Touring E34,5 E28<\/p>\n","protected":false},"featured_media":0,"template":"","meta":{"site-sidebar-layout":"default","site-content-layout":"default","ast-global-header-display":"","ast-main-header-display":"","ast-hfb-above-header-display":"","ast-hfb-below-header-display":"","ast-hfb-mobile-header-display":"","site-post-title":"","ast-breadcrumbs-content":"","ast-featured-img":"","footer-sml-layout":"","theme-transparent-header-meta":"","adv-header-id-meta":"","stick-header-meta":"","header-above-stick-meta":"","header-main-stick-meta":"","header-below-stick-meta":""},"pwb-brand":[536],"product_cat":[52],"product_tag":[],"class_list":{"0":"post-61572","1":"product","2":"type-product","3":"status-publish","5":"pwb-brand-champion","6":"product_cat-hehkutulppa","7":"desktop-align-left","8":"tablet-align-left","9":"mobile-align-left","11":"first","12":"instock","13":"product-type-external"},"brands":[{"id":536,"name":"Champion","slug":"champion"}],"_links":{"self":[{"href":"https:\/\/www.autonvaraosahaku.fi\/index.php?rest_route=\/wp\/v2\/product\/61572","targetHints":{"allow":["GET"]}}],"collection":[{"href":"https:\/\/www.autonvaraosahaku.fi\/index.php?rest_route=\/wp\/v2\/product"}],"about":[{"href":"https:\/\/www.autonvaraosahaku.fi\/index.php?rest_route=\/wp\/v2\/types\/product"}],"wp:attachment":[{"href":"https:\/\/www.autonvaraosahaku.fi\/index.php?rest_route=%2Fwp%2Fv2%2Fmedia&parent=61572"}],"wp:term":[{"taxonomy":"pwb-brand","embeddable":true,"href":"https:\/\/www.autonvaraosahaku.fi\/index.php?rest_route=%2Fwp%2Fv2%2Fpwb-brand&post=61572"},{"taxonomy":"product_cat","embeddable":true,"href":"https:\/\/www.autonvaraosahaku.fi\/index.php?rest_route=%2Fwp%2Fv2%2Fproduct_cat&post=61572"},{"taxonomy":"product_tag","embeddable":true,"href":"https:\/\/www.autonvaraosahaku.fi\/index.php?rest_route=%2Fwp%2Fv2%2Fproduct_tag&post=61572"}],"curies":[{"name":"wp","href":"https:\/\/api.w.org\/{rel}","templated":true}]}}