{"id":61573,"date":"2021-02-21T18:25:19","date_gmt":"2021-02-21T18:25:19","guid":{"rendered":"https:\/\/www.autonvaraosahaku.fi\/?product=champion-oe243-sytytystulpat"},"modified":"2021-02-21T18:25:22","modified_gmt":"2021-02-21T18:25:22","slug":"champion-oe243-sytytystulpat","status":"publish","type":"product","link":"https:\/\/www.autonvaraosahaku.fi\/?product=champion-oe243-sytytystulpat","title":{"rendered":"Champion OE243 Sytytystulpat"},"content":{"rendered":"<p>K\u00e4rkiv\u00e4li (mm): 0,8; Liittimet: SAE; Kierremitta: M12x1.25; Avainv\u00e4li: 14 mm Bi-Hex; Laatu \/ luokka: Pt GE; Pakkaustyyppi: Laatikko; Sytytystulppa: 1-maaelektroodi, suoralla istukalla, Platina-keskielektrodi; Kierteen pituus (mm): 26,5; Teknisten tietojen numero: RERX5ZPYPB; Kipin\u00e4et\u00e4isyys [mm]: 3; Versio: Copper Gasket; Kiristysmomentti > [Nm]: 15; Kiristysmomentti enint\u00e4\u00e4n [Nm]: 25; Runkopituus [mm]: 1; Pakkauspituus [cm]: 8,85; Pakkausleveys [cm]: 2,6; Pakkauskorkeus [mm]: 2,35; Vastus alkaen [kOhm]: 3; Vastus asti [kOhm]: 7,5; Ulkonema [mm]: 1,5; lis\u00e4tieto: Aerovantage Standard; TECDOC-moottorinumero: 25629; BMW: 5 Touring F11,5 F10, F18,X1 E84,1 F20,X3 F25,3 Touring F31,3 F30, F35, F80,1 F21,7 F01, F02, F03, F04,Z4 E89,5 Gran Turismo F07,4 Coupe F32, F82,X5 F15, F85,2 Coupe F22,6 Gran Coupe F06,6 Coupe F13,4 Cabriolet F33, F83,6 Cabriolet F12,4 Gran Coupe F36,X4 F26,2 Cabriolet F23,X6 F16, F86; 12120038894, 12120038896, 12120039634, 12120039664, 12120040581, 12127849482; Tulpat,Sytytystulppa<\/p>\n","protected":false},"excerpt":{"rendered":"<p>CHAMPION Sytytystulpat OE243 Tulpat,Sytytystulppa BMW,5 Touring F11,5 F10, F18,X1 E84,1 F20,X3 F25,3 Touring F31,3 F30, F35, F80,1 F21<\/p>\n","protected":false},"featured_media":0,"template":"","meta":{"site-sidebar-layout":"default","site-content-layout":"default","ast-global-header-display":"","ast-main-header-display":"","ast-hfb-above-header-display":"","ast-hfb-below-header-display":"","ast-hfb-mobile-header-display":"","site-post-title":"","ast-breadcrumbs-content":"","ast-featured-img":"","footer-sml-layout":"","theme-transparent-header-meta":"","adv-header-id-meta":"","stick-header-meta":"","header-above-stick-meta":"","header-main-stick-meta":"","header-below-stick-meta":""},"pwb-brand":[536],"product_cat":[165],"product_tag":[],"class_list":{"0":"post-61573","1":"product","2":"type-product","3":"status-publish","5":"pwb-brand-champion","6":"product_cat-sytytystulpat","7":"desktop-align-left","8":"tablet-align-left","9":"mobile-align-left","11":"first","12":"instock","13":"product-type-external"},"brands":[{"id":536,"name":"Champion","slug":"champion"}],"_links":{"self":[{"href":"https:\/\/www.autonvaraosahaku.fi\/index.php?rest_route=\/wp\/v2\/product\/61573","targetHints":{"allow":["GET"]}}],"collection":[{"href":"https:\/\/www.autonvaraosahaku.fi\/index.php?rest_route=\/wp\/v2\/product"}],"about":[{"href":"https:\/\/www.autonvaraosahaku.fi\/index.php?rest_route=\/wp\/v2\/types\/product"}],"wp:attachment":[{"href":"https:\/\/www.autonvaraosahaku.fi\/index.php?rest_route=%2Fwp%2Fv2%2Fmedia&parent=61573"}],"wp:term":[{"taxonomy":"pwb-brand","embeddable":true,"href":"https:\/\/www.autonvaraosahaku.fi\/index.php?rest_route=%2Fwp%2Fv2%2Fpwb-brand&post=61573"},{"taxonomy":"product_cat","embeddable":true,"href":"https:\/\/www.autonvaraosahaku.fi\/index.php?rest_route=%2Fwp%2Fv2%2Fproduct_cat&post=61573"},{"taxonomy":"product_tag","embeddable":true,"href":"https:\/\/www.autonvaraosahaku.fi\/index.php?rest_route=%2Fwp%2Fv2%2Fproduct_tag&post=61573"}],"curies":[{"name":"wp","href":"https:\/\/api.w.org\/{rel}","templated":true}]}}