{"id":61586,"date":"2021-02-21T18:25:25","date_gmt":"2021-02-21T18:25:25","guid":{"rendered":"https:\/\/www.autonvaraosahaku.fi\/?product=champion-cof100787e-oljynsuodatin"},"modified":"2021-02-21T18:25:26","modified_gmt":"2021-02-21T18:25:26","slug":"champion-cof100787e-oljynsuodatin","status":"publish","type":"product","link":"https:\/\/www.autonvaraosahaku.fi\/?product=champion-cof100787e-oljynsuodatin","title":{"rendered":"Champion COF100787E \u00d6ljynsuodatin"},"content":{"rendered":"<p>Korkeus (mm): 69; Sis\u00e4l\u00e4pimitta [mm]: 24; Ulkol\u00e4pimitta [mm]: 65; Pakkaustyyppi: Laatikko; Suodatintyyppi: Suodatinpanos; Pakkauspituus [cm]: 7,4; Pakkausleveys [cm]: 7,1; Pakkauskorkeus [mm]: 8,2; Moottorinumerosta: 4413115; LAND ROVER: FREELANDER 2 FA_,DEFENDER Station Wagon LD,RANGE ROVER EVOQUE LV,DEFENDER Pick-up LD_,DEFENDER Cabrio LD,DEFENDER Pritsche\/Fahrgestell LD,DISCOVERY SPORT LC; MINI: MINI R56,MINI CLUBMAN R55,MINI Cabriolet R57,MINI COUNTRYMAN R60,MINI Coupe R58,MINI Roadster R59,MINI PACEMAN R61,MINI CLUBVAN R55; JAGUAR: XF _J05_, CC9,XF SPORTBRAKE CC9; LANCIA: PHEDRA 179; TOYOTA: PROACE Kasten\/Kombi; VOLVO: V50 MW,V70 III BW,C30,S40 II MS,C70 II Cabriolet,S80 II AS; FORD: FOCUS II Kombi DA_,MONDEO IV Turnier BA7,FOCUS II DA_,S-MAX WA6,FOCUS III Turnier,FOCUS C-MAX,GALAXY WA6,KUGA I,C-MAX DM2,FOCUS III,TRANSIT MK-7 Kasten,C-MAX II,MONDEO IV BA7,KUGA II DM2,GRAND C-MAX,TRANSIT MK-7 Bus,FOCUS II Stufenheck DA_,FOCUS II Cabriolet,TRANSIT MK-7 Pritsche\/Fahrgestell,FOCUS III Stufenheck,TRANSIT CUSTOM Kasten,TOURNEO CUSTOM Bus,MONDEO IV Stufenheck BA7,TRANSIT TOURNEO FB,TRANSIT CUSTOM Bus,GRAND C-MAX Van,C-MAX II Van; FIAT: DUCATO Kasten 250,DUCATO Pritsche\/Fahrgestell 250,DUCATO Bus 250,SCUDO 270_,ULYSSE 179AX,QUBO 225,SCUDO Kasten 270_,FIORINO Kasten\/Kombi 225,SCUDO Pritsche\/Fahrgestell 270_; CITRO\u00cbN: BERLINGO MF,XSARA PICASSO N68,C2 JM_,C3 I FC_,BERLINGO B9,C5 III Break TD_,C4 Picasso I UD_,C4 Grand Picasso I UA_,C8 EA_, EB_,C4 I LC_,JUMPER Kasten,DS3,BERLINGO Kasten M_,C5 II Break RE_,C3 Picasso,C5 III RD_,C3 II,XSARA N1,C4 Coupe LA_,C3 Pluriel HB_,C4 II B7,C5 II RC_,C-CROSSER EP_,XSARA Break N2,JUMPY,BERLINGO Kasten B9,C6 TD_,JUMPY Kasten,C4 Grand Picasso II,C4 Picasso II,DS4,XSARA Coupe N0,NEMO Kasten AA_,JUMPER Bus,DS5,C4 Stufenheck L,JUMPER Pritsche\/Fahrgestell,NEMO Kombi,C-CROSSER ENTERPRISE,DS3 Cabriolet,C-ELYSEE,C4 Stufenheck N,JUMPY Pritsche\/Fahrgestell; PEUGEOT: 206 Schr\u00e4gheck 2A\/C,206 CC 2D,207 WA_, WC_,307 SW 3H,207 CC WD_,307 CC 3B,407 SW 6E_,307 3A\/C,207 SW WK_,308 SW,206 SW 2E\/K,208,807 E,206+ T3E,308 4A_, 4C_,BOXER Kasten,5008,307 Break 3E,508 SW,607 9D, 9U,407 6D_,3008,PARTNER Tepee,RCZ,308 CC,1007 KM_,PARTNER Combispace 5F,4007 GP_,2008,PARTNER Kasten 5,508,407 Coupe 6C_,EXPERT Tepee VF3V_,EXPERT Kasten VF3A_, VF3U_, VF3X_,PARTNER Kasten,BOXER Bus,207 Stufenheck,206 Stufenheck,BOXER Pritsche\/Fahrgestell,BIPPER AA_,308 II,BIPPER Tepee,301,308 SW II,207 Van,EXPERT Pritsche\/Fahrgestell,408,3008 SUV,5008 II; 11427557012, 11427622446, 1109AH, 1109AJ, 1109CK, 1109CL, 1109X4, 1109Z0, 1109Z2, 9818914980, 9467521180, 9467558380, 9662282580, 1303476, 1373069, 1427824, 1427846, 1717510, 1727561, 3M5Q6744AA, 6C1Q6744AA, 6C1Q6744BA, 6G9Q6744AA, 6G9Q6744AB, LR001247, LR004459, LR030778, MN982159, MN982419, 1109AH, 1109AJ, 1109CK, 1109CL, 1109X3, 1109Y9, 1109Z1, 9818914980, SU001A0178, 30650798, 31372700<\/p>\n","protected":false},"excerpt":{"rendered":"<p>CHAMPION \u00d6ljynsuodatin COF100787E  LAND ROVER,MINI,JAGUAR,FREELANDER 2 FA_,DEFENDER Station Wagon LD,RANGE ROVER EVOQUE LV,DEFENDER Pick-up LD_<\/p>\n","protected":false},"featured_media":0,"template":"","meta":{"site-sidebar-layout":"default","site-content-layout":"default","ast-global-header-display":"","ast-main-header-display":"","ast-hfb-above-header-display":"","ast-hfb-below-header-display":"","ast-hfb-mobile-header-display":"","site-post-title":"","ast-breadcrumbs-content":"","ast-featured-img":"","footer-sml-layout":"","theme-transparent-header-meta":"","adv-header-id-meta":"","stick-header-meta":"","header-above-stick-meta":"","header-main-stick-meta":"","header-below-stick-meta":""},"pwb-brand":[536],"product_cat":[30],"product_tag":[],"class_list":{"0":"post-61586","1":"product","2":"type-product","3":"status-publish","5":"pwb-brand-champion","6":"product_cat-oljynsuodatin","7":"desktop-align-left","8":"tablet-align-left","9":"mobile-align-left","11":"first","12":"instock","13":"product-type-external"},"brands":[{"id":536,"name":"Champion","slug":"champion"}],"_links":{"self":[{"href":"https:\/\/www.autonvaraosahaku.fi\/index.php?rest_route=\/wp\/v2\/product\/61586","targetHints":{"allow":["GET"]}}],"collection":[{"href":"https:\/\/www.autonvaraosahaku.fi\/index.php?rest_route=\/wp\/v2\/product"}],"about":[{"href":"https:\/\/www.autonvaraosahaku.fi\/index.php?rest_route=\/wp\/v2\/types\/product"}],"wp:attachment":[{"href":"https:\/\/www.autonvaraosahaku.fi\/index.php?rest_route=%2Fwp%2Fv2%2Fmedia&parent=61586"}],"wp:term":[{"taxonomy":"pwb-brand","embeddable":true,"href":"https:\/\/www.autonvaraosahaku.fi\/index.php?rest_route=%2Fwp%2Fv2%2Fpwb-brand&post=61586"},{"taxonomy":"product_cat","embeddable":true,"href":"https:\/\/www.autonvaraosahaku.fi\/index.php?rest_route=%2Fwp%2Fv2%2Fproduct_cat&post=61586"},{"taxonomy":"product_tag","embeddable":true,"href":"https:\/\/www.autonvaraosahaku.fi\/index.php?rest_route=%2Fwp%2Fv2%2Fproduct_tag&post=61586"}],"curies":[{"name":"wp","href":"https:\/\/api.w.org\/{rel}","templated":true}]}}