{"id":61588,"date":"2021-02-21T18:25:25","date_gmt":"2021-02-21T18:25:25","guid":{"rendered":"https:\/\/www.autonvaraosahaku.fi\/?product=champion-ch185-hehkutulppa"},"modified":"2021-02-21T18:25:27","modified_gmt":"2021-02-21T18:25:27","slug":"champion-ch185-hehkutulppa","status":"publish","type":"product","link":"https:\/\/www.autonvaraosahaku.fi\/?product=champion-ch185-hehkutulppa","title":{"rendered":"Champion CH185 Hehkutulppa"},"content":{"rendered":"<p>J\u00e4nnite (V): 11; Liittimet: M4; L\u00e4pimitta [mm]: 5; Kierremitta: M10x1,0; Kokonaispituus (mm): 89; Avainv\u00e4li: 10 mm; Hehkutulppatyyppi: Hehkutulppa, puikko; Pakkaustyyppi: Laatikko; Asennussyvyys (mm): 29,6; Katkeamismomentti [Nm]: 35; Kiristysmomentti > [Nm]: 15; Kiristysmomentti enint\u00e4\u00e4n [Nm]: 20; Pakkauspituus [cm]: 10; Pakkausleveys [cm]: 2,7; Pakkauskorkeus [mm]: 2,3; Tuotelinja: IRIDIUM; Tarvittava kappalem\u00e4\u00e4r\u00e4: 4; NISSAN: MICRA II K11; ROVER: 100 \/ METRO XP; TOYOTA: COROLLA Liftback _E11_,COROLLA Compact _E11_,COROLLA _E11_,COROLLA Wagon __E11_; FIAT: DUCATO Pritsche\/Fahrgestell 230,DUCATO Bus 230,DUCATO Kasten 230L,SCUDO Kasten 220L,SCUDO Combinato 220P,SCUDO Pritsche\/Fahrgestell 220_; CITRO\u00cbN: BERLINGO MF,SAXO S0, S1,BERLINGO Kasten M_,XSARA N1,XSARA Break N2,XSARA Coupe N0,AX ZA-_,JUMPY U6U,JUMPY Kasten BS_, BT_, BY_, BZ_,C15 VD-_,XSARA Kasten,SAXO Hatchback van S3_,XSARA Kasten\/Schr\u00e4gheck; PEUGEOT: 206 Schr\u00e4gheck 2A\/C,106 II 1,306 Schr\u00e4gheck 7A, 7C, N3, N5,PARTNER Combispace 5F,106 I 1A, 1C,PARTNER Kasten 5,306 Break 7E, N3, N5,306 7B, N3, N5,EXPERT Kasten 222,206 Van,EXPERT 224,106 Van 1_,306 Van N_, 7_,EXPERT Pritsche\/Fahrgestell 223,PARTNER Pritsche\/Fahrgestell,306 Kasten\/Schr\u00e4gheck; TATA (TELCO): INDICA 40_V2; 596069, 59622Z, 5962W2, 9631658980, 9631658980, 9651029880, 88900726, 59622Y, 5962W3, 9631658980, SU00100351<\/p>\n","protected":false},"excerpt":{"rendered":"<p>CHAMPION Hehkutulppa CH185  NISSAN,ROVER,TOYOTA,MICRA II K11,100 \/ METRO XP,COROLLA Liftback _E11_,COROLLA Compact _E11_,COROLLA _E11_<\/p>\n","protected":false},"featured_media":0,"template":"","meta":{"site-sidebar-layout":"default","site-content-layout":"default","ast-global-header-display":"","ast-main-header-display":"","ast-hfb-above-header-display":"","ast-hfb-below-header-display":"","ast-hfb-mobile-header-display":"","site-post-title":"","ast-breadcrumbs-content":"","ast-featured-img":"","footer-sml-layout":"","theme-transparent-header-meta":"","adv-header-id-meta":"","stick-header-meta":"","header-above-stick-meta":"","header-main-stick-meta":"","header-below-stick-meta":""},"pwb-brand":[536],"product_cat":[52],"product_tag":[],"class_list":{"0":"post-61588","1":"product","2":"type-product","3":"status-publish","5":"pwb-brand-champion","6":"product_cat-hehkutulppa","7":"desktop-align-left","8":"tablet-align-left","9":"mobile-align-left","11":"first","12":"instock","13":"product-type-external"},"brands":[{"id":536,"name":"Champion","slug":"champion"}],"_links":{"self":[{"href":"https:\/\/www.autonvaraosahaku.fi\/index.php?rest_route=\/wp\/v2\/product\/61588","targetHints":{"allow":["GET"]}}],"collection":[{"href":"https:\/\/www.autonvaraosahaku.fi\/index.php?rest_route=\/wp\/v2\/product"}],"about":[{"href":"https:\/\/www.autonvaraosahaku.fi\/index.php?rest_route=\/wp\/v2\/types\/product"}],"wp:attachment":[{"href":"https:\/\/www.autonvaraosahaku.fi\/index.php?rest_route=%2Fwp%2Fv2%2Fmedia&parent=61588"}],"wp:term":[{"taxonomy":"pwb-brand","embeddable":true,"href":"https:\/\/www.autonvaraosahaku.fi\/index.php?rest_route=%2Fwp%2Fv2%2Fpwb-brand&post=61588"},{"taxonomy":"product_cat","embeddable":true,"href":"https:\/\/www.autonvaraosahaku.fi\/index.php?rest_route=%2Fwp%2Fv2%2Fproduct_cat&post=61588"},{"taxonomy":"product_tag","embeddable":true,"href":"https:\/\/www.autonvaraosahaku.fi\/index.php?rest_route=%2Fwp%2Fv2%2Fproduct_tag&post=61588"}],"curies":[{"name":"wp","href":"https:\/\/api.w.org\/{rel}","templated":true}]}}