{"id":61591,"date":"2021-02-21T18:25:25","date_gmt":"2021-02-21T18:25:25","guid":{"rendered":"https:\/\/www.autonvaraosahaku.fi\/?product=champion-ch242-hehkutulppa"},"modified":"2021-02-21T18:25:28","modified_gmt":"2021-02-21T18:25:28","slug":"champion-ch242-hehkutulppa","status":"publish","type":"product","link":"https:\/\/www.autonvaraosahaku.fi\/?product=champion-ch242-hehkutulppa","title":{"rendered":"Champion CH242 Hehkutulppa"},"content":{"rendered":"<p>J\u00e4nnite (V): 11; Liittimet: M4 \/ 2 Nm; Kartionousu: 120; L\u00e4pimitta [mm]: 5; Kierremitta: M10x1,25; Kokonaispituus (mm): 87,5; Avainv\u00e4li: 12 mm; Virta (A): 13; Hehkutulppatyyppi: j\u00e4lkihehkutuksenkest\u00e4v\u00e4, Hehkutulppa, puikko; Pakkaustyyppi: Laatikko; Asennussyvyys (mm): 22; Katkeamismomentti [Nm]: 35; Kiristysmomentti > [Nm]: 15; Kiristysmomentti enint\u00e4\u00e4n [Nm]: 20; Pakkauspituus [cm]: 10; Pakkausleveys [cm]: 2,7; Pakkauskorkeus [mm]: 2,3; Tuotelinja: IRIDIUM; Tarvittava kappalem\u00e4\u00e4r\u00e4: 4; MAZDA: 323 P V BA,626 IV Hatchback GE,B-SERIE UN,BT-50 CD, UN,323 C IV BG,626 IV GE,FAMILIA V BG8,323 III Hatchback BF,626 III GD,FAMILIA IV BG,626 III Hatchback GD,E-SERIE Kasten SR2,626 III Station Wagon GV,626 II GC,626 II Hatchback GC,B-SERIE UF,323 III BF,MPV I LV,BT-50 Pritsche\/Fahrgestell CD, UN,323 III Station Wagon BW,B-SERIE Pritsche\/Fahrgestell UN,B-SERIE Pritsche\/Fahrgestell UF,B-SERIE PE,B-SERIE UD; KIA: SPORTAGE K00,RETONA CE,PREGIO Kasten TB,K2700 SD,BESTA Bus,K2700 K62W,K2700; SUZUKI: GRAND VITARA I FT,VITARA ET, TA; FORD: RANGER ES, ET,RANGER ER, EQ; 1441267, 1536023, 3601370, 4025139, 4434918, 5007956, 8M3412A342AA, XM3412A342BA, XM3412A342BB, XM3412A342CA, 0K05418140, 0K71018140, 0K71018140A, 0K71E18140, 0K71E18140A, 0K75A18140, 0K75B18140, RF1M18601, RFG118601, RFN118601, RFN118601A, RFR118601, S21018140, WL0118601, WL0318601, WL251861X, WL8118601, WLE718601, WLY518601, MQ901659, 11065HA300, 09900RF001, 1855078E00, 1855078E10, 1855078E11, 18550DG146A00, 9991278E00, 9991278E01<\/p>\n","protected":false},"excerpt":{"rendered":"<p>CHAMPION Hehkutulppa CH242  MAZDA,KIA,SUZUKI,323 P V BA,626 IV Hatchback GE,B-SERIE UN,BT-50 CD, UN,323 C IV BG,626 IV GE,FAMILIA V BG8<\/p>\n","protected":false},"featured_media":0,"template":"","meta":{"site-sidebar-layout":"default","site-content-layout":"default","ast-global-header-display":"","ast-main-header-display":"","ast-hfb-above-header-display":"","ast-hfb-below-header-display":"","ast-hfb-mobile-header-display":"","site-post-title":"","ast-breadcrumbs-content":"","ast-featured-img":"","footer-sml-layout":"","theme-transparent-header-meta":"","adv-header-id-meta":"","stick-header-meta":"","header-above-stick-meta":"","header-main-stick-meta":"","header-below-stick-meta":""},"pwb-brand":[536],"product_cat":[52],"product_tag":[],"class_list":{"0":"post-61591","1":"product","2":"type-product","3":"status-publish","5":"pwb-brand-champion","6":"product_cat-hehkutulppa","7":"desktop-align-left","8":"tablet-align-left","9":"mobile-align-left","11":"first","12":"instock","13":"product-type-external"},"brands":[{"id":536,"name":"Champion","slug":"champion"}],"_links":{"self":[{"href":"https:\/\/www.autonvaraosahaku.fi\/index.php?rest_route=\/wp\/v2\/product\/61591","targetHints":{"allow":["GET"]}}],"collection":[{"href":"https:\/\/www.autonvaraosahaku.fi\/index.php?rest_route=\/wp\/v2\/product"}],"about":[{"href":"https:\/\/www.autonvaraosahaku.fi\/index.php?rest_route=\/wp\/v2\/types\/product"}],"wp:attachment":[{"href":"https:\/\/www.autonvaraosahaku.fi\/index.php?rest_route=%2Fwp%2Fv2%2Fmedia&parent=61591"}],"wp:term":[{"taxonomy":"pwb-brand","embeddable":true,"href":"https:\/\/www.autonvaraosahaku.fi\/index.php?rest_route=%2Fwp%2Fv2%2Fpwb-brand&post=61591"},{"taxonomy":"product_cat","embeddable":true,"href":"https:\/\/www.autonvaraosahaku.fi\/index.php?rest_route=%2Fwp%2Fv2%2Fproduct_cat&post=61591"},{"taxonomy":"product_tag","embeddable":true,"href":"https:\/\/www.autonvaraosahaku.fi\/index.php?rest_route=%2Fwp%2Fv2%2Fproduct_tag&post=61591"}],"curies":[{"name":"wp","href":"https:\/\/api.w.org\/{rel}","templated":true}]}}