{"id":61597,"date":"2021-02-21T18:25:25","date_gmt":"2021-02-21T18:25:25","guid":{"rendered":"https:\/\/www.autonvaraosahaku.fi\/?product=champion-ch181-hehkutulppa"},"modified":"2021-02-21T18:25:29","modified_gmt":"2021-02-21T18:25:29","slug":"champion-ch181-hehkutulppa","status":"publish","type":"product","link":"https:\/\/www.autonvaraosahaku.fi\/?product=champion-ch181-hehkutulppa","title":{"rendered":"Champion CH181 Hehkutulppa"},"content":{"rendered":"<p>J\u00e4nnite (V): 11; Liittimet: 4 mm PIN; L\u00e4pimitta [mm]: 5; Kierremitta: M10x1,0; Kokonaispituus (mm): 97; Avainv\u00e4li: 10 mm; Hehkutulppatyyppi: Hehkutulppa, puikko; Pakkaustyyppi: Laatikko; Asennussyvyys (mm): 29,6; Katkeamismomentti [Nm]: 35; Kiristysmomentti > [Nm]: 15; Kiristysmomentti enint\u00e4\u00e4n [Nm]: 20; Pakkauspituus [cm]: 10; Pakkausleveys [cm]: 2,7; Pakkauskorkeus [mm]: 2,3; Tuotelinja: IRIDIUM; Valmistusvuosi alkaen: 05\/1995; VW: GOLF IV 1J1,POLO 9N_,PASSAT Variant 3B6,LUPO 6X1, 6E1,GOLF IV Variant 1J5,SHARAN 7M8, 7M9, 7M6,TRANSPORTER V Bus 7HB, 7HJ, 7EB, 7EJ, 7EF,FOX 5Z1, 5Z3,TOUAREG 7LA, 7L6, 7L7,MULTIVAN V 7HM, 7HN, 7HF, 7EF, 7EM, 7EN,CADDY III Kasten 2KA, 2KH, 2CA, 2CH,BORA 1J2,TRANSPORTER V Kasten 7HA, 7HH, 7EA, 7EH,NEW BEETLE 9C1, 1C1,PASSAT 3B3,PHAETON 3D_,BORA Kombi 1J6,NEW BEETLE Cabriolet 1Y7,TRANSPORTER V Pritsche\/Fahrgestell 7JD, 7JE, 7JL, 7JY, 7JZ,,POLO Stufenheck 9A4,POLO Stufenheck 9N4,GOLF IV Van 1J1; AUDI: A2 8Z0; SKODA: FABIA Combi 6Y5,FABIA,FABIA 6Y2,OCTAVIA Combi 1U5,FABIA Combi,ROOMSTER 5J,OCTAVIA 1U2,SUPERB 3U4,FABIA Stufenheck 6Y3,ROOMSTER Praktik 5J,FABIA Praktik; SEAT: IBIZA IV 6L1,LEON 1M1,AROSA 6H,ALHAMBRA 7V8, 7V9,TOLEDO II 1M2,CORDOBA 6L2; JEEP: GRAND CHEROKEE II WJ, WG,GRAND CHEROKEE I ZJ,CHEROKEE XJ; ROVER: 800 XS,800 Hatchback XS,800 Coupe; OPEL: FRONTERA A Sport 5_SUD2,FRONTERA A 5_MWL4; CHRYSLER: VOYAGER III GS,VOYAGER II ES; FORD: GALAXY WGR,SCORPIO II GFR, GGR,SCORPIO II Kombi GNR, GGR; ALFA ROMEO: 164 164,155 167; 60617002, 71735465, 60617002, 1207068, 1690048, 1M2118B515AA, 95DD6M090AA, 04863826, 04863826AA, 4863826, 4863826AA, 60617002, 1214427, 88900716, 91153919, N10579201, N10579202, N10579201, N10579202<\/p>\n","protected":false},"excerpt":{"rendered":"<p>CHAMPION Hehkutulppa CH181  VW,AUDI,SKODA,GOLF IV 1J1,POLO 9N_,PASSAT Variant 3B6,LUPO 6X1, 6E1,GOLF IV Variant 1J5,SHARAN 7M8, 7M9, 7M6<\/p>\n","protected":false},"featured_media":0,"template":"","meta":{"site-sidebar-layout":"default","site-content-layout":"default","ast-global-header-display":"","ast-main-header-display":"","ast-hfb-above-header-display":"","ast-hfb-below-header-display":"","ast-hfb-mobile-header-display":"","site-post-title":"","ast-breadcrumbs-content":"","ast-featured-img":"","footer-sml-layout":"","theme-transparent-header-meta":"","adv-header-id-meta":"","stick-header-meta":"","header-above-stick-meta":"","header-main-stick-meta":"","header-below-stick-meta":""},"pwb-brand":[536],"product_cat":[52],"product_tag":[],"class_list":{"0":"post-61597","1":"product","2":"type-product","3":"status-publish","5":"pwb-brand-champion","6":"product_cat-hehkutulppa","7":"desktop-align-left","8":"tablet-align-left","9":"mobile-align-left","11":"first","12":"instock","13":"product-type-external"},"brands":[{"id":536,"name":"Champion","slug":"champion"}],"_links":{"self":[{"href":"https:\/\/www.autonvaraosahaku.fi\/index.php?rest_route=\/wp\/v2\/product\/61597","targetHints":{"allow":["GET"]}}],"collection":[{"href":"https:\/\/www.autonvaraosahaku.fi\/index.php?rest_route=\/wp\/v2\/product"}],"about":[{"href":"https:\/\/www.autonvaraosahaku.fi\/index.php?rest_route=\/wp\/v2\/types\/product"}],"wp:attachment":[{"href":"https:\/\/www.autonvaraosahaku.fi\/index.php?rest_route=%2Fwp%2Fv2%2Fmedia&parent=61597"}],"wp:term":[{"taxonomy":"pwb-brand","embeddable":true,"href":"https:\/\/www.autonvaraosahaku.fi\/index.php?rest_route=%2Fwp%2Fv2%2Fpwb-brand&post=61597"},{"taxonomy":"product_cat","embeddable":true,"href":"https:\/\/www.autonvaraosahaku.fi\/index.php?rest_route=%2Fwp%2Fv2%2Fproduct_cat&post=61597"},{"taxonomy":"product_tag","embeddable":true,"href":"https:\/\/www.autonvaraosahaku.fi\/index.php?rest_route=%2Fwp%2Fv2%2Fproduct_tag&post=61597"}],"curies":[{"name":"wp","href":"https:\/\/api.w.org\/{rel}","templated":true}]}}