{"id":61604,"date":"2021-02-21T18:25:31","date_gmt":"2021-02-21T18:25:31","guid":{"rendered":"https:\/\/www.autonvaraosahaku.fi\/?product=champion-caf101081r-ilmansuodatin"},"modified":"2021-02-21T18:25:32","modified_gmt":"2021-02-21T18:25:32","slug":"champion-caf101081r-ilmansuodatin","status":"publish","type":"product","link":"https:\/\/www.autonvaraosahaku.fi\/?product=champion-caf101081r-ilmansuodatin","title":{"rendered":"Champion CAF101081R Ilmansuodatin"},"content":{"rendered":"<p>Korkeus (mm): 122; Sis\u00e4l\u00e4pimitta [mm]: 78; Ulkol\u00e4pimitta [mm]: 169; Pakkaustyyppi: Laatikko; Suodatintyyppi: Suodatinpanos; Pakkauspituus [cm]: 17,5; Pakkausleveys [cm]: 17,5; Pakkauskorkeus [mm]: 13; AUDI: A6 Avant 4G5, C7, 4GD,A6 4G2, C7, 4GC,A7 Sportback 4GA, 4GF; 4G0133843H, 4G0133843K, 4G0133843H<\/p>\n","protected":false},"excerpt":{"rendered":"<p>CHAMPION Ilmansuodatin CAF101081R  AUDI,A6 Avant 4G5, C7, 4GD,A6 4G2, C7, 4GC,A7 Sportback 4GA, 4GF<\/p>\n","protected":false},"featured_media":0,"template":"","meta":{"site-sidebar-layout":"default","site-content-layout":"default","ast-global-header-display":"","ast-main-header-display":"","ast-hfb-above-header-display":"","ast-hfb-below-header-display":"","ast-hfb-mobile-header-display":"","site-post-title":"","ast-breadcrumbs-content":"","ast-featured-img":"","footer-sml-layout":"","theme-transparent-header-meta":"","adv-header-id-meta":"","stick-header-meta":"","header-above-stick-meta":"","header-main-stick-meta":"","header-below-stick-meta":""},"pwb-brand":[536],"product_cat":[31],"product_tag":[],"class_list":{"0":"post-61604","1":"product","2":"type-product","3":"status-publish","5":"pwb-brand-champion","6":"product_cat-ilmansuodatin","7":"desktop-align-left","8":"tablet-align-left","9":"mobile-align-left","11":"first","12":"instock","13":"product-type-external"},"brands":[{"id":536,"name":"Champion","slug":"champion"}],"_links":{"self":[{"href":"https:\/\/www.autonvaraosahaku.fi\/index.php?rest_route=\/wp\/v2\/product\/61604","targetHints":{"allow":["GET"]}}],"collection":[{"href":"https:\/\/www.autonvaraosahaku.fi\/index.php?rest_route=\/wp\/v2\/product"}],"about":[{"href":"https:\/\/www.autonvaraosahaku.fi\/index.php?rest_route=\/wp\/v2\/types\/product"}],"wp:attachment":[{"href":"https:\/\/www.autonvaraosahaku.fi\/index.php?rest_route=%2Fwp%2Fv2%2Fmedia&parent=61604"}],"wp:term":[{"taxonomy":"pwb-brand","embeddable":true,"href":"https:\/\/www.autonvaraosahaku.fi\/index.php?rest_route=%2Fwp%2Fv2%2Fpwb-brand&post=61604"},{"taxonomy":"product_cat","embeddable":true,"href":"https:\/\/www.autonvaraosahaku.fi\/index.php?rest_route=%2Fwp%2Fv2%2Fproduct_cat&post=61604"},{"taxonomy":"product_tag","embeddable":true,"href":"https:\/\/www.autonvaraosahaku.fi\/index.php?rest_route=%2Fwp%2Fv2%2Fproduct_tag&post=61604"}],"curies":[{"name":"wp","href":"https:\/\/api.w.org\/{rel}","templated":true}]}}