{"id":61616,"date":"2021-02-21T18:25:31","date_gmt":"2021-02-21T18:25:31","guid":{"rendered":"https:\/\/www.autonvaraosahaku.fi\/?product=champion-cet9-sytytystulpat"},"modified":"2021-02-21T18:25:35","modified_gmt":"2021-02-21T18:25:35","slug":"champion-cet9-sytytystulpat","status":"publish","type":"product","link":"https:\/\/www.autonvaraosahaku.fi\/?product=champion-cet9-sytytystulpat","title":{"rendered":"Champion CET9 Sytytystulpat"},"content":{"rendered":"<p>K\u00e4rkiv\u00e4li (mm): 0,9; Liittimet: SAE; Kierremitta: M14x1.25; Avainv\u00e4li: 16 mm; Laatu \/ luokka: Ti Poly-V; Pakkaustyyppi: Laatikko; Sytytystulppa: 1-maaelektroodi, kartioistukalla; Kierteen pituus (mm): 17,5; Teknisten tietojen numero: CET9; Kipin\u00e4et\u00e4isyys [mm]: 3; Kiristysmomentti > [Nm]: 10; Kiristysmomentti enint\u00e4\u00e4n [Nm]: 20; Pakkauspituus [cm]: 8,85; Pakkausleveys [cm]: 2,6; Pakkauskorkeus [mm]: 2,35; Vastus alkaen [kOhm]: 3; Vastus asti [kOhm]: 10; Ulkonema [mm]: 1,5; Tuotelinja: Aerovantage Spoiler; Tarvittava kappalem\u00e4\u00e4r\u00e4: 4; AUDI: 100 4A, C4,A8 4D2, 4D8,A6 Avant 4A, C4,A6 4A, C4,100 Avant 4A, C4,V8 44_, 4C_; FORD USA: EXPLORER U2,PROBE I,CROWN VICTORIA,EXPLORER,F-150,MUSTANG Coupe C,EXPEDITION,MUSTANG Convertible C,F-250,E SERIES Kasten,AEROSTAR; VOLVO: 240 Kombi P245,240 P242, P244,760 704, 764,960 Kombi 965,760 Kombi 704, 765,960 964,260 P262, P264,260 Coupe P262,260 Kombi P265,780; ROVER: 75 RJ,75 Tourer RJ,2000-3500 Hatchback SD1; MERCEDES-BENZ: 190 W201,Stufenheck W124,SL R129,SL R107,Stufenheck W123,S-CLASS W126,KOMBI Kombi S124,E-CLASS W124,G-CLASS W463,COUPE C124,G-CLASS W460,E-CLASS Kombi S124,COUPE C123,G-CLASS W461,KOMBI Kombi S123,T1 Bus 601,T1 Pritsche\/Fahrgestell 602,T2\/L Kasten\/Kombi,T1 Kasten 602,T1 Pritsche\/Fahrgestell 601,T2\/LN1 Kasten\/Kombi,HECKFLOSSE W111, W112,T1 Kasten 601,T2\/L Pritsche\/Fahrgestell,T1\/TN Pritsche\/Fahrgestell,G-CLASS Cabrio W463,T2\/LN1 Pritsche\/Fahrgestell,T1\/TN Kasten\/Kombi,T2\/L Kipper; OPEL: MANTA B 58_, 59_,ASCONA B 81_, 86_, 87_, 88_; JAGUAR: XJ X300,XJ XJ 40, 81,XJ,XJSC Convertible,XJ Coupe; LANCIA: THEMA 834; FORD: FIESTA IV JA_, JB_,KA RB_,FIESTA III GFJ,ESCORT VII GAL, AAL, ABL,SIERRA GBG, GB4,ESCORT VII Kombi GAL, ANL,SCORPIO II GFR, GGR,SIERRA Schr\u00e4gheck GBC, GBG,FIESTA I GFBT,ESCORT IV GAF, AWF, ABFT,FIESTA II FBD,SCORPIO I GAE, GGE,ESCORT III GAA,SCORPIO II Kombi GNR, GGR,SCORPIO I Stufenheck GGE,ESCORT V GAL,ESCORT VII Stufenheck GAL, AFL,SIERRA Kombi BNG,ESCORT VI Stufenheck GAL,FIESTA Kasten F3L, F5L,SCORPIO I Kombi GGE,FIESTA Kasten FVD,ORION II AFF,ESCORT IV Kombi AWF, AVF,ESCORT &#8217;86 Express AVF,ESCORT V Kombi GAL, AVL,ESCORT &#8217;91 Express AVL,FIESTA Kasten WFVT,ORION III GAL,ESCORT III Kombi AWA,ESCORT &#8217;81 Express AVA; CITRO\u00cbN: BX XB-_,CX II,CX I MA,DS,BX Break XB-_,VISA Cabriolet,CX II Break,CX I Break MA,OLTCIT,DS Break,DS Cabriolet; Tulpat,Sytytystulppa<\/p>\n","protected":false},"excerpt":{"rendered":"<p>CHAMPION Sytytystulpat CET9 Tulpat,Sytytystulppa AUDI,FORD USA,VOLVO,100 4A, C4,A8 4D2, 4D8,A6 Avant 4A, C4,A6 4A, C4,100 Avant 4A, C4,V8 44_, 4C_<\/p>\n","protected":false},"featured_media":0,"template":"","meta":{"site-sidebar-layout":"default","site-content-layout":"default","ast-global-header-display":"","ast-main-header-display":"","ast-hfb-above-header-display":"","ast-hfb-below-header-display":"","ast-hfb-mobile-header-display":"","site-post-title":"","ast-breadcrumbs-content":"","ast-featured-img":"","footer-sml-layout":"","theme-transparent-header-meta":"","adv-header-id-meta":"","stick-header-meta":"","header-above-stick-meta":"","header-main-stick-meta":"","header-below-stick-meta":""},"pwb-brand":[536],"product_cat":[165],"product_tag":[],"class_list":{"0":"post-61616","1":"product","2":"type-product","3":"status-publish","5":"pwb-brand-champion","6":"product_cat-sytytystulpat","7":"desktop-align-left","8":"tablet-align-left","9":"mobile-align-left","11":"first","12":"instock","13":"product-type-external"},"brands":[{"id":536,"name":"Champion","slug":"champion"}],"_links":{"self":[{"href":"https:\/\/www.autonvaraosahaku.fi\/index.php?rest_route=\/wp\/v2\/product\/61616","targetHints":{"allow":["GET"]}}],"collection":[{"href":"https:\/\/www.autonvaraosahaku.fi\/index.php?rest_route=\/wp\/v2\/product"}],"about":[{"href":"https:\/\/www.autonvaraosahaku.fi\/index.php?rest_route=\/wp\/v2\/types\/product"}],"wp:attachment":[{"href":"https:\/\/www.autonvaraosahaku.fi\/index.php?rest_route=%2Fwp%2Fv2%2Fmedia&parent=61616"}],"wp:term":[{"taxonomy":"pwb-brand","embeddable":true,"href":"https:\/\/www.autonvaraosahaku.fi\/index.php?rest_route=%2Fwp%2Fv2%2Fpwb-brand&post=61616"},{"taxonomy":"product_cat","embeddable":true,"href":"https:\/\/www.autonvaraosahaku.fi\/index.php?rest_route=%2Fwp%2Fv2%2Fproduct_cat&post=61616"},{"taxonomy":"product_tag","embeddable":true,"href":"https:\/\/www.autonvaraosahaku.fi\/index.php?rest_route=%2Fwp%2Fv2%2Fproduct_tag&post=61616"}],"curies":[{"name":"wp","href":"https:\/\/api.w.org\/{rel}","templated":true}]}}