{"id":61622,"date":"2021-02-21T18:25:38","date_gmt":"2021-02-21T18:25:38","guid":{"rendered":"https:\/\/www.autonvaraosahaku.fi\/?product=champion-oe258-sytytystulpat"},"modified":"2021-02-21T18:25:38","modified_gmt":"2021-02-21T18:25:38","slug":"champion-oe258-sytytystulpat","status":"publish","type":"product","link":"https:\/\/www.autonvaraosahaku.fi\/?product=champion-oe258-sytytystulpat","title":{"rendered":"Champion OE258 Sytytystulpat"},"content":{"rendered":"<p>K\u00e4rkiv\u00e4li (mm): 0,7; Liittimet: SAE; Kierremitta: M12x1.25; Avainv\u00e4li: 14 mm; Laatu \/ luokka: Pt GE; Pakkaustyyppi: Laatikko; Sytytystulppa: 1-maaelektroodi, kartioistukalla, Iridium-keskielektrodi; Kierteen pituus (mm): 25; Teknisten tietojen numero: RET4WYPBX; Kipin\u00e4et\u00e4isyys [mm]: 3,5; Kiristysmomentti > [Nm]: 10; Kiristysmomentti enint\u00e4\u00e4n [Nm]: 15; Pakkauspituus [cm]: 9,5; Pakkausleveys [cm]: 2,5; Pakkauskorkeus [mm]: 2,5; Vastus alkaen [kOhm]: 3; Vastus asti [kOhm]: 10; Ulkonema [mm]: 1,5; Tarvittava kappalem\u00e4\u00e4r\u00e4: 4; CHEVROLET: MALIBU; OPEL: ASTRA J Sports Tourer,INSIGNIA Caravan,ASTRA J,ZAFIRA TOURER C P12,MOKKA,ADAM,INSIGNIA,INSIGNIA Stufenheck,ASTRA GTC J,ASTRA J Stufenheck,CASCADA W13,CORSA E,ASTRA K,ASTRA K Caravan,INSIGNIA A Country Tourer G09,INSIGNIA CC,INSIGNIA B Country Tourer Z18; VAUXHALL: INSIGNIA Mk I A,ADAM,INSIGNIA Mk I A Estate,MOKKA,INSIGNIA Mk I A Country Tourer G09,ASTRA Mk VII K Estate,ASTRA Mk VII K,CORSA Mk IV E; 1214105, 1214128; Tulpat,Sytytystulppa<\/p>\n","protected":false},"excerpt":{"rendered":"<p>CHAMPION Sytytystulpat IRIDIUM OE258 Tulpat,Sytytystulppa CHEVROLET,OPEL,VAUXHALL,MALIBU,ASTRA J Sports Tourer,INSIGNIA Caravan,ASTRA J<\/p>\n","protected":false},"featured_media":0,"template":"","meta":{"site-sidebar-layout":"default","site-content-layout":"default","ast-global-header-display":"","ast-main-header-display":"","ast-hfb-above-header-display":"","ast-hfb-below-header-display":"","ast-hfb-mobile-header-display":"","site-post-title":"","ast-breadcrumbs-content":"","ast-featured-img":"","footer-sml-layout":"","theme-transparent-header-meta":"","adv-header-id-meta":"","stick-header-meta":"","header-above-stick-meta":"","header-main-stick-meta":"","header-below-stick-meta":""},"pwb-brand":[536],"product_cat":[165],"product_tag":[],"class_list":{"0":"post-61622","1":"product","2":"type-product","3":"status-publish","5":"pwb-brand-champion","6":"product_cat-sytytystulpat","7":"desktop-align-left","8":"tablet-align-left","9":"mobile-align-left","11":"first","12":"instock","13":"product-type-external"},"brands":[{"id":536,"name":"Champion","slug":"champion"}],"_links":{"self":[{"href":"https:\/\/www.autonvaraosahaku.fi\/index.php?rest_route=\/wp\/v2\/product\/61622","targetHints":{"allow":["GET"]}}],"collection":[{"href":"https:\/\/www.autonvaraosahaku.fi\/index.php?rest_route=\/wp\/v2\/product"}],"about":[{"href":"https:\/\/www.autonvaraosahaku.fi\/index.php?rest_route=\/wp\/v2\/types\/product"}],"wp:attachment":[{"href":"https:\/\/www.autonvaraosahaku.fi\/index.php?rest_route=%2Fwp%2Fv2%2Fmedia&parent=61622"}],"wp:term":[{"taxonomy":"pwb-brand","embeddable":true,"href":"https:\/\/www.autonvaraosahaku.fi\/index.php?rest_route=%2Fwp%2Fv2%2Fpwb-brand&post=61622"},{"taxonomy":"product_cat","embeddable":true,"href":"https:\/\/www.autonvaraosahaku.fi\/index.php?rest_route=%2Fwp%2Fv2%2Fproduct_cat&post=61622"},{"taxonomy":"product_tag","embeddable":true,"href":"https:\/\/www.autonvaraosahaku.fi\/index.php?rest_route=%2Fwp%2Fv2%2Fproduct_tag&post=61622"}],"curies":[{"name":"wp","href":"https:\/\/api.w.org\/{rel}","templated":true}]}}