{"id":61624,"date":"2021-02-21T18:25:38","date_gmt":"2021-02-21T18:25:38","guid":{"rendered":"https:\/\/www.autonvaraosahaku.fi\/?product=champion-cff100646-polttoainesuodatin"},"modified":"2021-02-21T18:25:39","modified_gmt":"2021-02-21T18:25:39","slug":"champion-cff100646-polttoainesuodatin","status":"publish","type":"product","link":"https:\/\/www.autonvaraosahaku.fi\/?product=champion-cff100646-polttoainesuodatin","title":{"rendered":"Champion CFF100646 Polttoainesuodatin"},"content":{"rendered":"<p>Korkeus (mm): 135; Sis\u00e4l\u00e4pimitta [mm]: 9; Ulkol\u00e4pimitta [mm]: 76; Pakkaustyyppi: Laatikko; Suodatintyyppi: Suodatinpanos; Pakkauspituus [cm]: 10; Pakkausleveys [cm]: 10; Pakkauskorkeus [mm]: 14,6; VW: PASSAT Variant 3C5,PASSAT 3C2,TIGUAN 5N_,PASSAT Variant 365,PASSAT CC 357,SHARAN 7N1, 7N2,PASSAT 362,CC 358,PASSAT ALLTRACK 365; AUDI: Q3 8U; SEAT: ALHAMBRA 710, 711; 7N0127177, 7N0127177B, 7N0127177, 7N0127177B<\/p>\n","protected":false},"excerpt":{"rendered":"<p>CHAMPION Polttoainesuodatin CFF100646  VW,AUDI,SEAT,PASSAT Variant 3C5,PASSAT 3C2,TIGUAN 5N_,PASSAT Variant 365,PASSAT CC 357,SHARAN 7N1, 7N2<\/p>\n","protected":false},"featured_media":0,"template":"","meta":{"site-sidebar-layout":"default","site-content-layout":"default","ast-global-header-display":"","ast-main-header-display":"","ast-hfb-above-header-display":"","ast-hfb-below-header-display":"","ast-hfb-mobile-header-display":"","site-post-title":"","ast-breadcrumbs-content":"","ast-featured-img":"","footer-sml-layout":"","theme-transparent-header-meta":"","adv-header-id-meta":"","stick-header-meta":"","header-above-stick-meta":"","header-main-stick-meta":"","header-below-stick-meta":""},"pwb-brand":[536],"product_cat":[29],"product_tag":[],"class_list":{"0":"post-61624","1":"product","2":"type-product","3":"status-publish","5":"pwb-brand-champion","6":"product_cat-polttoainesuodatin","7":"desktop-align-left","8":"tablet-align-left","9":"mobile-align-left","11":"first","12":"instock","13":"product-type-external"},"brands":[{"id":536,"name":"Champion","slug":"champion"}],"_links":{"self":[{"href":"https:\/\/www.autonvaraosahaku.fi\/index.php?rest_route=\/wp\/v2\/product\/61624","targetHints":{"allow":["GET"]}}],"collection":[{"href":"https:\/\/www.autonvaraosahaku.fi\/index.php?rest_route=\/wp\/v2\/product"}],"about":[{"href":"https:\/\/www.autonvaraosahaku.fi\/index.php?rest_route=\/wp\/v2\/types\/product"}],"wp:attachment":[{"href":"https:\/\/www.autonvaraosahaku.fi\/index.php?rest_route=%2Fwp%2Fv2%2Fmedia&parent=61624"}],"wp:term":[{"taxonomy":"pwb-brand","embeddable":true,"href":"https:\/\/www.autonvaraosahaku.fi\/index.php?rest_route=%2Fwp%2Fv2%2Fpwb-brand&post=61624"},{"taxonomy":"product_cat","embeddable":true,"href":"https:\/\/www.autonvaraosahaku.fi\/index.php?rest_route=%2Fwp%2Fv2%2Fproduct_cat&post=61624"},{"taxonomy":"product_tag","embeddable":true,"href":"https:\/\/www.autonvaraosahaku.fi\/index.php?rest_route=%2Fwp%2Fv2%2Fproduct_tag&post=61624"}],"curies":[{"name":"wp","href":"https:\/\/api.w.org\/{rel}","templated":true}]}}