{"id":61633,"date":"2021-02-21T18:25:38","date_gmt":"2021-02-21T18:25:38","guid":{"rendered":"https:\/\/www.autonvaraosahaku.fi\/?product=champion-oe261-sytytystulpat"},"modified":"2021-02-21T18:25:41","modified_gmt":"2021-02-21T18:25:41","slug":"champion-oe261-sytytystulpat","status":"publish","type":"product","link":"https:\/\/www.autonvaraosahaku.fi\/?product=champion-oe261-sytytystulpat","title":{"rendered":"Champion OE261 Sytytystulpat"},"content":{"rendered":"<p>K\u00e4rkiv\u00e4li (mm): 0,7; Liittimet: SAE; Kierremitta: M12x1.25; Avainv\u00e4li: 14 mm; Laatu \/ luokka: Pt GE; Pakkaustyyppi: Laatikko; Sytytystulppa: 1-maaelektroodi, suoralla istukalla, Iridium-keskielektrodi; Kierteen pituus (mm): 26,5; Teknisten tietojen numero: REA10WYPB; Kipin\u00e4et\u00e4isyys [mm]: 4,0; Kiristysmomentti > [Nm]: 15; Kiristysmomentti enint\u00e4\u00e4n [Nm]: 25; Pakkauspituus [cm]: 9; Pakkausleveys [cm]: 2,8; Pakkauskorkeus [mm]: 2,5; Vastus alkaen [kOhm]: 3; Vastus asti [kOhm]: 10; Ulkonema [mm]: 2,0; Tarvittava kappalem\u00e4\u00e4r\u00e4: 4; NISSAN: JUKE F15,QASHQAI J11, J11_,PULSAR Schr\u00e4gheck C13,MICRA V K14; MERCEDES-BENZ: CITAN Kasten 415,CITAN Kombi 415; DACIA: DUSTER,SANDERO II,LODGY,LOGAN MCV II,DOKKER,DOKKER Express,LOGAN II,DUSTER Kasten; SMART: FORTWO Coupe 453,FORFOUR Schr\u00e4gheck 453,FORTWO Cabriolet 453; RENAULT: MEGANE III Grandtour KZ0\/1,SC\u00c9NIC III JZ0\/1_,CLIO IV,MEGANE III Schr\u00e4gheck BZ0_,GRAND SC\u00c9NIC III JZ0\/1_,MEGANE III Coupe DZ0\/1_,KANGOO \/ GRAND KANGOO KW0\/1_,CAPTUR,KANGOO Express FW0\/1_,CLIO Grandtour IV,MEGANE CC EZ0\/1_,TWINGO III,KADJAR,MEGANE IV B9A\/M_,MEGANE IV Grandtour K9A\/M_,CLIO IV Kasten,SC\u00c9NIC IV J9_; A2811590003, 224012047R, 224019133R, A2001590003; Tulpat,Sytytystulppa<\/p>\n","protected":false},"excerpt":{"rendered":"<p>CHAMPION Sytytystulpat IRIDIUM OE261 Tulpat,Sytytystulppa NISSAN,MERCEDES-BENZ,DACIA,JUKE F15,QASHQAI J11, J11_,PULSAR Schr\u00e4gheck C13,MICRA V K14<\/p>\n","protected":false},"featured_media":0,"template":"","meta":{"site-sidebar-layout":"default","site-content-layout":"default","ast-global-header-display":"","ast-main-header-display":"","ast-hfb-above-header-display":"","ast-hfb-below-header-display":"","ast-hfb-mobile-header-display":"","site-post-title":"","ast-breadcrumbs-content":"","ast-featured-img":"","footer-sml-layout":"","theme-transparent-header-meta":"","adv-header-id-meta":"","stick-header-meta":"","header-above-stick-meta":"","header-main-stick-meta":"","header-below-stick-meta":""},"pwb-brand":[536],"product_cat":[165],"product_tag":[],"class_list":{"0":"post-61633","1":"product","2":"type-product","3":"status-publish","5":"pwb-brand-champion","6":"product_cat-sytytystulpat","7":"desktop-align-left","8":"tablet-align-left","9":"mobile-align-left","11":"first","12":"instock","13":"product-type-external"},"brands":[{"id":536,"name":"Champion","slug":"champion"}],"_links":{"self":[{"href":"https:\/\/www.autonvaraosahaku.fi\/index.php?rest_route=\/wp\/v2\/product\/61633","targetHints":{"allow":["GET"]}}],"collection":[{"href":"https:\/\/www.autonvaraosahaku.fi\/index.php?rest_route=\/wp\/v2\/product"}],"about":[{"href":"https:\/\/www.autonvaraosahaku.fi\/index.php?rest_route=\/wp\/v2\/types\/product"}],"wp:attachment":[{"href":"https:\/\/www.autonvaraosahaku.fi\/index.php?rest_route=%2Fwp%2Fv2%2Fmedia&parent=61633"}],"wp:term":[{"taxonomy":"pwb-brand","embeddable":true,"href":"https:\/\/www.autonvaraosahaku.fi\/index.php?rest_route=%2Fwp%2Fv2%2Fpwb-brand&post=61633"},{"taxonomy":"product_cat","embeddable":true,"href":"https:\/\/www.autonvaraosahaku.fi\/index.php?rest_route=%2Fwp%2Fv2%2Fproduct_cat&post=61633"},{"taxonomy":"product_tag","embeddable":true,"href":"https:\/\/www.autonvaraosahaku.fi\/index.php?rest_route=%2Fwp%2Fv2%2Fproduct_tag&post=61633"}],"curies":[{"name":"wp","href":"https:\/\/api.w.org\/{rel}","templated":true}]}}