{"id":61751,"date":"2021-02-21T18:26:16","date_gmt":"2021-02-21T18:26:16","guid":{"rendered":"https:\/\/www.autonvaraosahaku.fi\/?product=delphi-bg4972c-jarrulevyt"},"modified":"2021-02-21T18:26:19","modified_gmt":"2021-02-21T18:26:19","slug":"delphi-bg4972c-jarrulevyt","status":"publish","type":"product","link":"https:\/\/www.autonvaraosahaku.fi\/?product=delphi-bg4972c-jarrulevyt","title":{"rendered":"Delphi BG4972C Jarrulevyt"},"content":{"rendered":"<p>Jarrulevytyyppi: Tuuletettu; Korkeus (mm): 42, 42; Reikien m\u00e4\u00e4r\u00e4: 6; L\u00e4pimitta [mm]: 236; Jarrulevyn paksuus (mm): 20; V\u00e4himm\u00e4ispaksuus (mm): 18; keskitt\u00e4misl\u00e4pimitta [mm]: 60; Syvyys (mm): 41; Asennusmalli: Poltti\/ruuvi; Asennuspuoli: Vorderachse; CHEVROLET: SPARK M300,KALOS,AVEO Schr\u00e4gheck T250, T255,AVEO Stufenheck T250, T255,KALOS Stufenheck,AVEO Stufenheck T200,AVEO Schr\u00e4gheck T200; DAEWOO: KALOS KLAS,LANOS KLAT,KALOS Stufenheck KLAS,LANOS Stufenheck KLAT,NEXIA KLETN,NEXIA Stufenheck KLETN; 90121445, 96471274, 96574633, 90121445, 96471274, 96574633; Jarrulevy<\/p>\n","protected":false},"excerpt":{"rendered":"<p>DELPHI Jarrulevyt BG4972C Jarrulevy CHEVROLET,DAEWOO,SPARK M300,KALOS,AVEO Schr\u00e4gheck T250, T255,AVEO Stufenheck T250, T255,KALOS Stufenheck<\/p>\n","protected":false},"featured_media":0,"template":"","meta":{"site-sidebar-layout":"default","site-content-layout":"default","ast-global-header-display":"","ast-main-header-display":"","ast-hfb-above-header-display":"","ast-hfb-below-header-display":"","ast-hfb-mobile-header-display":"","site-post-title":"","ast-breadcrumbs-content":"","ast-featured-img":"","footer-sml-layout":"","theme-transparent-header-meta":"","adv-header-id-meta":"","stick-header-meta":"","header-above-stick-meta":"","header-main-stick-meta":"","header-below-stick-meta":""},"pwb-brand":[538],"product_cat":[66],"product_tag":[],"class_list":{"0":"post-61751","1":"product","2":"type-product","3":"status-publish","5":"pwb-brand-delphi","6":"product_cat-jarrulevyt","7":"desktop-align-left","8":"tablet-align-left","9":"mobile-align-left","11":"first","12":"instock","13":"product-type-external"},"brands":[{"id":538,"name":"Delphi","slug":"delphi"}],"_links":{"self":[{"href":"https:\/\/www.autonvaraosahaku.fi\/index.php?rest_route=\/wp\/v2\/product\/61751","targetHints":{"allow":["GET"]}}],"collection":[{"href":"https:\/\/www.autonvaraosahaku.fi\/index.php?rest_route=\/wp\/v2\/product"}],"about":[{"href":"https:\/\/www.autonvaraosahaku.fi\/index.php?rest_route=\/wp\/v2\/types\/product"}],"wp:attachment":[{"href":"https:\/\/www.autonvaraosahaku.fi\/index.php?rest_route=%2Fwp%2Fv2%2Fmedia&parent=61751"}],"wp:term":[{"taxonomy":"pwb-brand","embeddable":true,"href":"https:\/\/www.autonvaraosahaku.fi\/index.php?rest_route=%2Fwp%2Fv2%2Fpwb-brand&post=61751"},{"taxonomy":"product_cat","embeddable":true,"href":"https:\/\/www.autonvaraosahaku.fi\/index.php?rest_route=%2Fwp%2Fv2%2Fproduct_cat&post=61751"},{"taxonomy":"product_tag","embeddable":true,"href":"https:\/\/www.autonvaraosahaku.fi\/index.php?rest_route=%2Fwp%2Fv2%2Fproduct_tag&post=61751"}],"curies":[{"name":"wp","href":"https:\/\/api.w.org\/{rel}","templated":true}]}}