{"id":61755,"date":"2021-02-21T18:26:16","date_gmt":"2021-02-21T18:26:16","guid":{"rendered":"https:\/\/www.autonvaraosahaku.fi\/?product=delphi-ps10163-anturit-sensorit"},"modified":"2021-02-21T18:26:20","modified_gmt":"2021-02-21T18:26:20","slug":"delphi-ps10163-anturit-sensorit","status":"publish","type":"product","link":"https:\/\/www.autonvaraosahaku.fi\/?product=delphi-ps10163-anturit-sensorit","title":{"rendered":"Delphi PS10163 Anturit (sensorit)"},"content":{"rendered":"<p>K\u00e4yt\u00f6ss\u00e4 koskettimia: 4; TECDOC-moottorinumero: 20751; OPEL: CORSA D,ZAFIRA B A05,ASTRA H Caravan L35,MERIVA,ASTRA H L48,ASTRA J Sports Tourer,ASTRA J,ASTRA H GTC L08,MERIVA B,ZAFIRA B Van,ASTRA GTC J,ASTRA J Stufenheck,ASTRA H Stufenheck L69,ASTRA H Kasten L70,ASTRA CLASSIC Caravan,ASTRA CLASSIC L48,ASTRA CLASSIC Stufenheck; VAUXHALL: CORSA Mk III D L_8,ZAFIRA Mk II B M75,ASTRA Mk V H CC,ASTRA Mk V H Estate,ASTRA Mk VI J CC,ASTRA Mk VI J,MERIVA Mk I A,MERIVA Mk II B,ASTRA Mk VI J Sedan,ASTRA Mk VI J Estate,ASTRAVAN Mk V H; 6238678, 97381191, 6238678, 97381191<\/p>\n","protected":false},"excerpt":{"rendered":"<p>DELPHI Tunnistin, Imusarjapaine PS10163  OPEL,VAUXHALL,CORSA D,ZAFIRA B A05,ASTRA H Caravan L35,MERIVA,ASTRA H L48,ASTRA J Sports Tourer,ASTRA J<\/p>\n","protected":false},"featured_media":0,"template":"","meta":{"site-sidebar-layout":"default","site-content-layout":"default","ast-global-header-display":"","ast-main-header-display":"","ast-hfb-above-header-display":"","ast-hfb-below-header-display":"","ast-hfb-mobile-header-display":"","site-post-title":"","ast-breadcrumbs-content":"","ast-featured-img":"","footer-sml-layout":"","theme-transparent-header-meta":"","adv-header-id-meta":"","stick-header-meta":"","header-above-stick-meta":"","header-main-stick-meta":"","header-below-stick-meta":""},"pwb-brand":[538],"product_cat":[98],"product_tag":[],"class_list":{"0":"post-61755","1":"product","2":"type-product","3":"status-publish","5":"pwb-brand-delphi","6":"product_cat-anturit-sensorit","7":"desktop-align-left","8":"tablet-align-left","9":"mobile-align-left","11":"first","12":"instock","13":"product-type-external"},"brands":[{"id":538,"name":"Delphi","slug":"delphi"}],"_links":{"self":[{"href":"https:\/\/www.autonvaraosahaku.fi\/index.php?rest_route=\/wp\/v2\/product\/61755","targetHints":{"allow":["GET"]}}],"collection":[{"href":"https:\/\/www.autonvaraosahaku.fi\/index.php?rest_route=\/wp\/v2\/product"}],"about":[{"href":"https:\/\/www.autonvaraosahaku.fi\/index.php?rest_route=\/wp\/v2\/types\/product"}],"wp:attachment":[{"href":"https:\/\/www.autonvaraosahaku.fi\/index.php?rest_route=%2Fwp%2Fv2%2Fmedia&parent=61755"}],"wp:term":[{"taxonomy":"pwb-brand","embeddable":true,"href":"https:\/\/www.autonvaraosahaku.fi\/index.php?rest_route=%2Fwp%2Fv2%2Fpwb-brand&post=61755"},{"taxonomy":"product_cat","embeddable":true,"href":"https:\/\/www.autonvaraosahaku.fi\/index.php?rest_route=%2Fwp%2Fv2%2Fproduct_cat&post=61755"},{"taxonomy":"product_tag","embeddable":true,"href":"https:\/\/www.autonvaraosahaku.fi\/index.php?rest_route=%2Fwp%2Fv2%2Fproduct_tag&post=61755"}],"curies":[{"name":"wp","href":"https:\/\/api.w.org\/{rel}","templated":true}]}}