{"id":61758,"date":"2021-02-21T18:26:16","date_gmt":"2021-02-21T18:26:16","guid":{"rendered":"https:\/\/www.autonvaraosahaku.fi\/?product=delphi-vm10002-hammaspyora"},"modified":"2021-02-21T18:26:21","modified_gmt":"2021-02-21T18:26:21","slug":"delphi-vm10002-hammaspyora","status":"publish","type":"product","link":"https:\/\/www.autonvaraosahaku.fi\/?product=delphi-vm10002-hammaspyora","title":{"rendered":"Delphi VM10002 Hammaspy\u00f6r\u00e4"},"content":{"rendered":"<p>7701478505, 8200545704, 8200743272, 8200836578Nokka-Akselin Ajoituss\u00e4\u00e4din<\/p>\n","protected":false},"excerpt":{"rendered":"<p>DELPHI Nokka-Akselin Hammaspy\u00f6r\u00e4 VM10002 Nokka-Akselin Ajoituss\u00e4\u00e4din<\/p>\n","protected":false},"featured_media":0,"template":"","meta":{"site-sidebar-layout":"default","site-content-layout":"default","ast-global-header-display":"","ast-main-header-display":"","ast-hfb-above-header-display":"","ast-hfb-below-header-display":"","ast-hfb-mobile-header-display":"","site-post-title":"","ast-breadcrumbs-content":"","ast-featured-img":"","footer-sml-layout":"","theme-transparent-header-meta":"","adv-header-id-meta":"","stick-header-meta":"","header-above-stick-meta":"","header-main-stick-meta":"","header-below-stick-meta":""},"pwb-brand":[538],"product_cat":[261],"product_tag":[],"class_list":{"0":"post-61758","1":"product","2":"type-product","3":"status-publish","5":"pwb-brand-delphi","6":"product_cat-hammaspyora","7":"desktop-align-left","8":"tablet-align-left","9":"mobile-align-left","11":"first","12":"instock","13":"product-type-external"},"brands":[{"id":538,"name":"Delphi","slug":"delphi"}],"_links":{"self":[{"href":"https:\/\/www.autonvaraosahaku.fi\/index.php?rest_route=\/wp\/v2\/product\/61758","targetHints":{"allow":["GET"]}}],"collection":[{"href":"https:\/\/www.autonvaraosahaku.fi\/index.php?rest_route=\/wp\/v2\/product"}],"about":[{"href":"https:\/\/www.autonvaraosahaku.fi\/index.php?rest_route=\/wp\/v2\/types\/product"}],"wp:attachment":[{"href":"https:\/\/www.autonvaraosahaku.fi\/index.php?rest_route=%2Fwp%2Fv2%2Fmedia&parent=61758"}],"wp:term":[{"taxonomy":"pwb-brand","embeddable":true,"href":"https:\/\/www.autonvaraosahaku.fi\/index.php?rest_route=%2Fwp%2Fv2%2Fpwb-brand&post=61758"},{"taxonomy":"product_cat","embeddable":true,"href":"https:\/\/www.autonvaraosahaku.fi\/index.php?rest_route=%2Fwp%2Fv2%2Fproduct_cat&post=61758"},{"taxonomy":"product_tag","embeddable":true,"href":"https:\/\/www.autonvaraosahaku.fi\/index.php?rest_route=%2Fwp%2Fv2%2Fproduct_tag&post=61758"}],"curies":[{"name":"wp","href":"https:\/\/api.w.org\/{rel}","templated":true}]}}