{"id":61765,"date":"2021-02-21T18:26:23","date_gmt":"2021-02-21T18:26:23","guid":{"rendered":"https:\/\/www.autonvaraosahaku.fi\/?product=delphi-9001-850-tiivisteet"},"modified":"2021-02-21T18:26:24","modified_gmt":"2021-02-21T18:26:24","slug":"delphi-9001-850-tiivisteet","status":"publish","type":"product","link":"https:\/\/www.autonvaraosahaku.fi\/?product=delphi-9001-850-tiivisteet","title":{"rendered":"Delphi 9001-850 Tiivisteet"},"content":{"rendered":"<p>M\u00e4\u00e4r\u00e4yksikk\u00f6: Sarja; M\u00e4\u00e4r\u00e4: 5; tuotenumerolle: R02201Z; SUZUKI: LIANA Schr\u00e4gheck,LIANA ER; FORD: FOCUS Kombi DNW,FOCUS DAW, DBW,GALAXY WA6,FOCUS Stufenheck DFW,TRANSIT CONNECT P65_, P70_, P80_,TOURNEO CONNECT; CITRO\u00cbN: C3 I FC_; 198157, 1118410, YS4Q9E568AA, 1532073J00000<\/p>\n","protected":false},"excerpt":{"rendered":"<p>DELPHI Tiivisterengas, Ruiskutusventtiili 9001-850  SUZUKI,FORD,CITRO\u00cbN,LIANA Schr\u00e4gheck,LIANA ER,FOCUS Kombi DNW,FOCUS DAW, DBW,GALAXY WA6<\/p>\n","protected":false},"featured_media":0,"template":"","meta":{"site-sidebar-layout":"default","site-content-layout":"default","ast-global-header-display":"","ast-main-header-display":"","ast-hfb-above-header-display":"","ast-hfb-below-header-display":"","ast-hfb-mobile-header-display":"","site-post-title":"","ast-breadcrumbs-content":"","ast-featured-img":"","footer-sml-layout":"","theme-transparent-header-meta":"","adv-header-id-meta":"","stick-header-meta":"","header-above-stick-meta":"","header-main-stick-meta":"","header-below-stick-meta":""},"pwb-brand":[538],"product_cat":[27],"product_tag":[],"class_list":{"0":"post-61765","1":"product","2":"type-product","3":"status-publish","5":"pwb-brand-delphi","6":"product_cat-tiivisteet","7":"desktop-align-left","8":"tablet-align-left","9":"mobile-align-left","11":"first","12":"instock","13":"product-type-external"},"brands":[{"id":538,"name":"Delphi","slug":"delphi"}],"_links":{"self":[{"href":"https:\/\/www.autonvaraosahaku.fi\/index.php?rest_route=\/wp\/v2\/product\/61765","targetHints":{"allow":["GET"]}}],"collection":[{"href":"https:\/\/www.autonvaraosahaku.fi\/index.php?rest_route=\/wp\/v2\/product"}],"about":[{"href":"https:\/\/www.autonvaraosahaku.fi\/index.php?rest_route=\/wp\/v2\/types\/product"}],"wp:attachment":[{"href":"https:\/\/www.autonvaraosahaku.fi\/index.php?rest_route=%2Fwp%2Fv2%2Fmedia&parent=61765"}],"wp:term":[{"taxonomy":"pwb-brand","embeddable":true,"href":"https:\/\/www.autonvaraosahaku.fi\/index.php?rest_route=%2Fwp%2Fv2%2Fpwb-brand&post=61765"},{"taxonomy":"product_cat","embeddable":true,"href":"https:\/\/www.autonvaraosahaku.fi\/index.php?rest_route=%2Fwp%2Fv2%2Fproduct_cat&post=61765"},{"taxonomy":"product_tag","embeddable":true,"href":"https:\/\/www.autonvaraosahaku.fi\/index.php?rest_route=%2Fwp%2Fv2%2Fproduct_tag&post=61765"}],"curies":[{"name":"wp","href":"https:\/\/api.w.org\/{rel}","templated":true}]}}