{"id":61831,"date":"2021-02-21T18:26:42","date_gmt":"2021-02-21T18:26:42","guid":{"rendered":"https:\/\/www.autonvaraosahaku.fi\/?product=delphi-ps10120-anturit-sensorit"},"modified":"2021-02-21T18:26:44","modified_gmt":"2021-02-21T18:26:44","slug":"delphi-ps10120-anturit-sensorit","status":"publish","type":"product","link":"https:\/\/www.autonvaraosahaku.fi\/?product=delphi-ps10120-anturit-sensorit","title":{"rendered":"Delphi PS10120 Anturit (sensorit)"},"content":{"rendered":"<p>K\u00e4yt\u00f6ss\u00e4 koskettimia: 3; Valmistusvuoteen: 03\/2016; MAZDA: 3 BK,2 DE,3 BL,3 Stufenheck BL; VOLVO: V40 Kombi VW,V50 MW,V70 III BW,C30,S40 II MS,S40 I VS,C70 II Cabriolet,S80 II AS; SUZUKI: SX4 EY, GY,LIANA Schr\u00e4gheck,LIANA ER; MINI: MINI R56,MINI CLUBMAN R55; LANCIA: PHEDRA 179; FORD: FIESTA V JH_, JD_,FOCUS II Kombi DA_,FIESTA VI,FOCUS II DA_,FOCUS C-MAX,KUGA I,FUSION JU_,C-MAX DM2,FOCUS II Stufenheck DA_,FOCUS II Cabriolet,FIESTA V Van,FIESTA VI Van; FIAT: SCUDO 270_,ULYSSE 179AX,SCUDO Kasten 270_,SCUDO Pritsche\/Fahrgestell 270_; CITRO\u00cbN: BERLINGO MF,XSARA PICASSO N68,C2 JM_,C3 I FC_,BERLINGO B9,C5 III Break TD_,C4 Picasso I UD_,C4 Grand Picasso I UA_,C8 EA_, EB_,C4 I LC_,BERLINGO Kasten M_,C5 II Break RE_,C3 Picasso,C5 III RD_,C3 II,XSARA N1,C4 Coupe LA_,C5 II RC_,XSARA Break N2,JUMPY,BERLINGO Kasten B9,JUMPY Kasten,XSARA Coupe N0,C4 Stufenheck L,BERLINGO Pritsche\/Fahrgestell B9; PEUGEOT: 206 Schr\u00e4gheck 2A\/C,206 CC 2D,207 WA_, WC_,307 SW 3H,207 CC WD_,307 CC 3B,407 SW 6E_,307 3A\/C,207 SW WK_,308 SW,206 SW 2E\/K,807 E,308 4A_, 4C_,5008,307 Break 3E,508 SW,607 9D, 9U,407 6D_,3008,PARTNER Tepee,308 CC,1007 KM_,PARTNER Combispace 5F,PARTNER Kasten 5,508,407 Coupe 6C_,EXPERT Tepee VF3V_,EXPERT Kasten VF3A_, VF3U_, VF3X_,307 Stufenheck,PARTNER Kasten,207 Van,EXPERT Pritsche\/Fahrgestell,PARTNER Pritsche\/Fahrgestell; 1920CZ, 9639469280, 9639469280, 1231463, 1256481, 1468879, 3M5A12T551AA, 3M5A12T551AB, 3M5A12T551AC, 9639469280, Y60118211A, Y60118211B, 13627794981, 1920CZ, 9639469280, 1859069K00, 30777601, 31216185, 8670292<\/p>\n","protected":false},"excerpt":{"rendered":"<p>DELPHI Tunnistin, Imusarjapaine PS10120  MAZDA,VOLVO,SUZUKI,3 BK,2 DE,3 BL,3 Stufenheck BL,V40 Kombi VW,V50 MW,V70 III BW,C30,S40 II MS,S40 I VS<\/p>\n","protected":false},"featured_media":0,"template":"","meta":{"site-sidebar-layout":"default","site-content-layout":"default","ast-global-header-display":"","ast-main-header-display":"","ast-hfb-above-header-display":"","ast-hfb-below-header-display":"","ast-hfb-mobile-header-display":"","site-post-title":"","ast-breadcrumbs-content":"","ast-featured-img":"","footer-sml-layout":"","theme-transparent-header-meta":"","adv-header-id-meta":"","stick-header-meta":"","header-above-stick-meta":"","header-main-stick-meta":"","header-below-stick-meta":""},"pwb-brand":[538],"product_cat":[98],"product_tag":[],"class_list":{"0":"post-61831","1":"product","2":"type-product","3":"status-publish","5":"pwb-brand-delphi","6":"product_cat-anturit-sensorit","7":"desktop-align-left","8":"tablet-align-left","9":"mobile-align-left","11":"first","12":"instock","13":"product-type-external"},"brands":[{"id":538,"name":"Delphi","slug":"delphi"}],"_links":{"self":[{"href":"https:\/\/www.autonvaraosahaku.fi\/index.php?rest_route=\/wp\/v2\/product\/61831","targetHints":{"allow":["GET"]}}],"collection":[{"href":"https:\/\/www.autonvaraosahaku.fi\/index.php?rest_route=\/wp\/v2\/product"}],"about":[{"href":"https:\/\/www.autonvaraosahaku.fi\/index.php?rest_route=\/wp\/v2\/types\/product"}],"wp:attachment":[{"href":"https:\/\/www.autonvaraosahaku.fi\/index.php?rest_route=%2Fwp%2Fv2%2Fmedia&parent=61831"}],"wp:term":[{"taxonomy":"pwb-brand","embeddable":true,"href":"https:\/\/www.autonvaraosahaku.fi\/index.php?rest_route=%2Fwp%2Fv2%2Fpwb-brand&post=61831"},{"taxonomy":"product_cat","embeddable":true,"href":"https:\/\/www.autonvaraosahaku.fi\/index.php?rest_route=%2Fwp%2Fv2%2Fproduct_cat&post=61831"},{"taxonomy":"product_tag","embeddable":true,"href":"https:\/\/www.autonvaraosahaku.fi\/index.php?rest_route=%2Fwp%2Fv2%2Fproduct_tag&post=61831"}],"curies":[{"name":"wp","href":"https:\/\/api.w.org\/{rel}","templated":true}]}}