{"id":61844,"date":"2021-02-21T18:26:48","date_gmt":"2021-02-21T18:26:48","guid":{"rendered":"https:\/\/www.autonvaraosahaku.fi\/?product=delphi-ss11206-kampiakselin-asentotunnistin"},"modified":"2021-02-21T18:26:49","modified_gmt":"2021-02-21T18:26:49","slug":"delphi-ss11206-kampiakselin-asentotunnistin","status":"publish","type":"product","link":"https:\/\/www.autonvaraosahaku.fi\/?product=delphi-ss11206-kampiakselin-asentotunnistin","title":{"rendered":"Delphi SS11206 Kampiakselin asentotunnistin"},"content":{"rendered":"<p>K\u00e4yt\u00f6ss\u00e4 koskettimia: 3; Valmistusvuosi alkaen: 09\/1996; VW: GOLF IV 1J1,PASSAT Variant 3B6,TRANSPORTER IV Bus 70XB, 70XC, 7DB, 7DW,GOLF IV Variant 1J5,SHARAN 7M8, 7M9, 7M6,PASSAT Variant 3B5,TRANSPORTER V Bus 7HB, 7HJ, 7EB, 7EJ, 7EF,TOUAREG 7LA, 7L6, 7L7,MULTIVAN V 7HM, 7HN, 7HF, 7EF, 7EM, 7EN,BORA 1J2,PASSAT 3B2,TRANSPORTER IV Kasten 70XA,EOS 1F7, 1F8,TRANSPORTER V Kasten 7HA, 7HH, 7EA, 7EH,NEW BEETLE 9C1, 1C1,PASSAT 3B3,PHAETON 3D_,BORA Kombi 1J6,TRANSPORTER IV Pritsche\/Fahrgestell 70XD,TRANSPORTER V Pritsche\/Fahrgestell 7JD, 7JE, 7JL, 7JY, 7JZ,; AUDI: A3 8P1,A3 Sportback 8PA,TT 8N3,A8 4E_,TT Roadster 8N9; SEAT: LEON 1M1,ALHAMBRA 7V8, 7V9,TOLEDO II 1M2; MERCEDES-BENZ: V-CLASS 638\/2; FORD: GALAXY WGR; PORSCHE: CAYENNE 955; 06A905161A, 1072303, 95VW9P986BA, 0041533728, A0041533728, 95560610600, 06A905161A, 06A905161A; Nokka Akselin Anturi,Nokka Akselin Tunnistin,Tunnistin, Nokka-Akselin Ajoitus<\/p>\n","protected":false},"excerpt":{"rendered":"<p>DELPHI Nokka Akselin Asentotunnistin SS11206 Nokka Akselin Anturi,Nokka Akselin Tunnistin VW,AUDI,SEAT,GOLF IV 1J1,PASSAT Variant 3B6<\/p>\n","protected":false},"featured_media":0,"template":"","meta":{"site-sidebar-layout":"default","site-content-layout":"default","ast-global-header-display":"","ast-main-header-display":"","ast-hfb-above-header-display":"","ast-hfb-below-header-display":"","ast-hfb-mobile-header-display":"","site-post-title":"","ast-breadcrumbs-content":"","ast-featured-img":"","footer-sml-layout":"","theme-transparent-header-meta":"","adv-header-id-meta":"","stick-header-meta":"","header-above-stick-meta":"","header-main-stick-meta":"","header-below-stick-meta":""},"pwb-brand":[538],"product_cat":[184],"product_tag":[],"class_list":{"0":"post-61844","1":"product","2":"type-product","3":"status-publish","5":"pwb-brand-delphi","6":"product_cat-kampiakselin-asentotunnistin","7":"desktop-align-left","8":"tablet-align-left","9":"mobile-align-left","11":"first","12":"instock","13":"product-type-external"},"brands":[{"id":538,"name":"Delphi","slug":"delphi"}],"_links":{"self":[{"href":"https:\/\/www.autonvaraosahaku.fi\/index.php?rest_route=\/wp\/v2\/product\/61844","targetHints":{"allow":["GET"]}}],"collection":[{"href":"https:\/\/www.autonvaraosahaku.fi\/index.php?rest_route=\/wp\/v2\/product"}],"about":[{"href":"https:\/\/www.autonvaraosahaku.fi\/index.php?rest_route=\/wp\/v2\/types\/product"}],"wp:attachment":[{"href":"https:\/\/www.autonvaraosahaku.fi\/index.php?rest_route=%2Fwp%2Fv2%2Fmedia&parent=61844"}],"wp:term":[{"taxonomy":"pwb-brand","embeddable":true,"href":"https:\/\/www.autonvaraosahaku.fi\/index.php?rest_route=%2Fwp%2Fv2%2Fpwb-brand&post=61844"},{"taxonomy":"product_cat","embeddable":true,"href":"https:\/\/www.autonvaraosahaku.fi\/index.php?rest_route=%2Fwp%2Fv2%2Fproduct_cat&post=61844"},{"taxonomy":"product_tag","embeddable":true,"href":"https:\/\/www.autonvaraosahaku.fi\/index.php?rest_route=%2Fwp%2Fv2%2Fproduct_tag&post=61844"}],"curies":[{"name":"wp","href":"https:\/\/api.w.org\/{rel}","templated":true}]}}