{"id":61860,"date":"2021-02-21T18:26:48","date_gmt":"2021-02-21T18:26:48","guid":{"rendered":"https:\/\/www.autonvaraosahaku.fi\/?product=delphi-lp3236-jarrupalat"},"modified":"2021-02-21T18:26:53","modified_gmt":"2021-02-21T18:26:53","slug":"delphi-lp3236-jarrupalat","status":"publish","type":"product","link":"https:\/\/www.autonvaraosahaku.fi\/?product=delphi-lp3236-jarrupalat","title":{"rendered":"Delphi LP3236 Jarrupalat"},"content":{"rendered":"<p>WVA-numero: 22326 22327 22328; Jarruj\u00e4rjestelm\u00e4: TRW; Pituus (mm): 129; Pituus 2 (mm): 129; Korkeus (mm): 46; Korkeus 2 (mm): 46; Paksuus 1 [mm]: 18; Paksuus 2 [mm]: 18; M\u00e4\u00e4r\u00e4yksikk\u00f6: Akselisarja; Asennuspuoli: Vorderachse; OPEL: KARL; 1605324, 42349235, 42439338, 95526463, 42349235, 42439338, 95526463; Jarrupalasarja,Jarrupala, Levyjarru<\/p>\n","protected":false},"excerpt":{"rendered":"<p>DELPHI Jarrupalat LP3236 Jarrupalasarja,Jarrupala, Levyjarru OPEL,KARL<\/p>\n","protected":false},"featured_media":0,"template":"","meta":{"site-sidebar-layout":"default","site-content-layout":"default","ast-global-header-display":"","ast-main-header-display":"","ast-hfb-above-header-display":"","ast-hfb-below-header-display":"","ast-hfb-mobile-header-display":"","site-post-title":"","ast-breadcrumbs-content":"","ast-featured-img":"","footer-sml-layout":"","theme-transparent-header-meta":"","adv-header-id-meta":"","stick-header-meta":"","header-above-stick-meta":"","header-main-stick-meta":"","header-below-stick-meta":""},"pwb-brand":[538],"product_cat":[100],"product_tag":[],"class_list":{"0":"post-61860","1":"product","2":"type-product","3":"status-publish","5":"pwb-brand-delphi","6":"product_cat-jarrupalat","7":"desktop-align-left","8":"tablet-align-left","9":"mobile-align-left","11":"first","12":"instock","13":"product-type-external"},"brands":[{"id":538,"name":"Delphi","slug":"delphi"}],"_links":{"self":[{"href":"https:\/\/www.autonvaraosahaku.fi\/index.php?rest_route=\/wp\/v2\/product\/61860","targetHints":{"allow":["GET"]}}],"collection":[{"href":"https:\/\/www.autonvaraosahaku.fi\/index.php?rest_route=\/wp\/v2\/product"}],"about":[{"href":"https:\/\/www.autonvaraosahaku.fi\/index.php?rest_route=\/wp\/v2\/types\/product"}],"wp:attachment":[{"href":"https:\/\/www.autonvaraosahaku.fi\/index.php?rest_route=%2Fwp%2Fv2%2Fmedia&parent=61860"}],"wp:term":[{"taxonomy":"pwb-brand","embeddable":true,"href":"https:\/\/www.autonvaraosahaku.fi\/index.php?rest_route=%2Fwp%2Fv2%2Fpwb-brand&post=61860"},{"taxonomy":"product_cat","embeddable":true,"href":"https:\/\/www.autonvaraosahaku.fi\/index.php?rest_route=%2Fwp%2Fv2%2Fproduct_cat&post=61860"},{"taxonomy":"product_tag","embeddable":true,"href":"https:\/\/www.autonvaraosahaku.fi\/index.php?rest_route=%2Fwp%2Fv2%2Fproduct_tag&post=61860"}],"curies":[{"name":"wp","href":"https:\/\/api.w.org\/{rel}","templated":true}]}}