{"id":61885,"date":"2021-02-21T18:27:01","date_gmt":"2021-02-21T18:27:01","guid":{"rendered":"https:\/\/www.autonvaraosahaku.fi\/?product=delphi-ss11204-kampiakselin-asentotunnistin"},"modified":"2021-02-21T18:27:02","modified_gmt":"2021-02-21T18:27:02","slug":"delphi-ss11204-kampiakselin-asentotunnistin","status":"publish","type":"product","link":"https:\/\/www.autonvaraosahaku.fi\/?product=delphi-ss11204-kampiakselin-asentotunnistin","title":{"rendered":"Delphi SS11204 Kampiakselin asentotunnistin"},"content":{"rendered":"<p>Kaapelinmitta (mm): 660; K\u00e4yt\u00f6ss\u00e4 koskettimia: 3; TECDOC-moottorinumero: 15391; ALFA ROMEO: 147 937,156 Sportwagon 932,156 932,GT 937,SPIDER 916S_,166 936,GTV 916C_,145 930,146 930; 46469912; Nokka Akselin Anturi,Nokka Akselin Tunnistin,Tunnistin, Nokka-Akselin Ajoitus<\/p>\n","protected":false},"excerpt":{"rendered":"<p>DELPHI Nokka Akselin Asentotunnistin SS11204 Nokka Akselin Anturi,Nokka Akselin Tunnistin ALFA ROMEO,147 937,156 Sportwagon 932,156 932,GT 937<\/p>\n","protected":false},"featured_media":0,"template":"","meta":{"site-sidebar-layout":"default","site-content-layout":"default","ast-global-header-display":"","ast-main-header-display":"","ast-hfb-above-header-display":"","ast-hfb-below-header-display":"","ast-hfb-mobile-header-display":"","site-post-title":"","ast-breadcrumbs-content":"","ast-featured-img":"","footer-sml-layout":"","theme-transparent-header-meta":"","adv-header-id-meta":"","stick-header-meta":"","header-above-stick-meta":"","header-main-stick-meta":"","header-below-stick-meta":""},"pwb-brand":[538],"product_cat":[184],"product_tag":[],"class_list":{"0":"post-61885","1":"product","2":"type-product","3":"status-publish","5":"pwb-brand-delphi","6":"product_cat-kampiakselin-asentotunnistin","7":"desktop-align-left","8":"tablet-align-left","9":"mobile-align-left","11":"first","12":"instock","13":"product-type-external"},"brands":[{"id":538,"name":"Delphi","slug":"delphi"}],"_links":{"self":[{"href":"https:\/\/www.autonvaraosahaku.fi\/index.php?rest_route=\/wp\/v2\/product\/61885","targetHints":{"allow":["GET"]}}],"collection":[{"href":"https:\/\/www.autonvaraosahaku.fi\/index.php?rest_route=\/wp\/v2\/product"}],"about":[{"href":"https:\/\/www.autonvaraosahaku.fi\/index.php?rest_route=\/wp\/v2\/types\/product"}],"wp:attachment":[{"href":"https:\/\/www.autonvaraosahaku.fi\/index.php?rest_route=%2Fwp%2Fv2%2Fmedia&parent=61885"}],"wp:term":[{"taxonomy":"pwb-brand","embeddable":true,"href":"https:\/\/www.autonvaraosahaku.fi\/index.php?rest_route=%2Fwp%2Fv2%2Fpwb-brand&post=61885"},{"taxonomy":"product_cat","embeddable":true,"href":"https:\/\/www.autonvaraosahaku.fi\/index.php?rest_route=%2Fwp%2Fv2%2Fproduct_cat&post=61885"},{"taxonomy":"product_tag","embeddable":true,"href":"https:\/\/www.autonvaraosahaku.fi\/index.php?rest_route=%2Fwp%2Fv2%2Fproduct_tag&post=61885"}],"curies":[{"name":"wp","href":"https:\/\/api.w.org\/{rel}","templated":true}]}}