{"id":61914,"date":"2021-02-21T18:27:07","date_gmt":"2021-02-21T18:27:07","guid":{"rendered":"https:\/\/www.autonvaraosahaku.fi\/?product=gsp-803019-vetonivel"},"modified":"2021-02-21T18:27:10","modified_gmt":"2021-02-21T18:27:10","slug":"gsp-803019-vetonivel","status":"publish","type":"product","link":"https:\/\/www.autonvaraosahaku.fi\/?product=gsp-803019-vetonivel","title":{"rendered":"GSP 803019 Vetonivel"},"content":{"rendered":"<p>Erittely: Inner groove; Hammasluku, ABS-keh\u00e4: 45; Tiivisteen l\u00e4pimitta [mm]: 59,5, 59,5; Sis\u00e4hammastus, py\u00f6r\u00e4npuoli: 27; Ulkohammastus, py\u00f6r\u00e4npuoli: 38; Kierremitta: M16x1,5; Pituus (mm): 97,5; Vaihteistomalli: AT\/MT; VW: PASSAT Variant 3B6,PASSAT Variant 3B5,PASSAT 3B2,PASSAT 3B3; AUDI: A4 8D2, B5,A4 Avant 8ED, B7,A4 Avant 8E5, B6,A6 Avant 4B5, C5,A4 Avant 8D5, B5,A4 8E2, B6,A6 4B2, C5,A4 Cabriolet 8H7, B6, 8HE, B7,A4 8EC, B7; SKODA: SUPERB 3U4; 3B0498099E, 3B0498099J, 3B0498099K, 3D0598099, 4D0407305B, 4D0498099, 4D0498099A, 4D0498099AX, 4D0598099, 4D0598099A, 8D0407305J, 8D0498099D, 8D0498099E, 8E0498099A, 8E0498099G, 8E0498099GX, 1H0407271CX, 4D0407305B, 4D0498099A, 4D0598099A, 8E0498099A, 3B0498099J, 3D0598099, 4D0407305B, 4D0498099, 4D0498099A, 4D0498099AX, 4D0598099, 4D0598099A, 8D0407305J, 8D0498099D, 8D0498099E, 8E0498099A, 1H0407271GX, 3B0498099E, 3B0498099EX, 3B0498099J, 3D0598099, 4D0407305B, 4D0498099, 4D0498099A, 4D0498099AX, 4D0598099, 4D0598099A, 8D0407305J, 8D0498099D, 8D0498099DX, 8D0498099E, 8D0498099EX, 8E0498099A, 8E0498099G; Nivelsarja, Vetoakseli<\/p>\n","protected":false},"excerpt":{"rendered":"<p>GSP Vetonivel 803019 Nivelsarja, Vetoakseli VW,AUDI,SKODA,PASSAT Variant 3B6,PASSAT Variant 3B5,PASSAT 3B2,PASSAT 3B3,A4 8D2, B5,A4 Avant 8ED, B7<\/p>\n","protected":false},"featured_media":0,"template":"","meta":{"site-sidebar-layout":"default","site-content-layout":"default","ast-global-header-display":"","ast-main-header-display":"","ast-hfb-above-header-display":"","ast-hfb-below-header-display":"","ast-hfb-mobile-header-display":"","site-post-title":"","ast-breadcrumbs-content":"","ast-featured-img":"","footer-sml-layout":"","theme-transparent-header-meta":"","adv-header-id-meta":"","stick-header-meta":"","header-above-stick-meta":"","header-main-stick-meta":"","header-below-stick-meta":""},"pwb-brand":[543],"product_cat":[175],"product_tag":[],"class_list":{"0":"post-61914","1":"product","2":"type-product","3":"status-publish","5":"pwb-brand-gsp","6":"product_cat-vetonivel","7":"desktop-align-left","8":"tablet-align-left","9":"mobile-align-left","11":"first","12":"instock","13":"product-type-external"},"brands":[{"id":543,"name":"GSP","slug":"gsp"}],"_links":{"self":[{"href":"https:\/\/www.autonvaraosahaku.fi\/index.php?rest_route=\/wp\/v2\/product\/61914","targetHints":{"allow":["GET"]}}],"collection":[{"href":"https:\/\/www.autonvaraosahaku.fi\/index.php?rest_route=\/wp\/v2\/product"}],"about":[{"href":"https:\/\/www.autonvaraosahaku.fi\/index.php?rest_route=\/wp\/v2\/types\/product"}],"wp:attachment":[{"href":"https:\/\/www.autonvaraosahaku.fi\/index.php?rest_route=%2Fwp%2Fv2%2Fmedia&parent=61914"}],"wp:term":[{"taxonomy":"pwb-brand","embeddable":true,"href":"https:\/\/www.autonvaraosahaku.fi\/index.php?rest_route=%2Fwp%2Fv2%2Fpwb-brand&post=61914"},{"taxonomy":"product_cat","embeddable":true,"href":"https:\/\/www.autonvaraosahaku.fi\/index.php?rest_route=%2Fwp%2Fv2%2Fproduct_cat&post=61914"},{"taxonomy":"product_tag","embeddable":true,"href":"https:\/\/www.autonvaraosahaku.fi\/index.php?rest_route=%2Fwp%2Fv2%2Fproduct_tag&post=61914"}],"curies":[{"name":"wp","href":"https:\/\/api.w.org\/{rel}","templated":true}]}}