{"id":61921,"date":"2021-02-21T18:27:07","date_gmt":"2021-02-21T18:27:07","guid":{"rendered":"https:\/\/www.autonvaraosahaku.fi\/?product=gsp-899037-vetonivel"},"modified":"2021-02-21T18:27:12","modified_gmt":"2021-02-21T18:27:12","slug":"gsp-899037-vetonivel","status":"publish","type":"product","link":"https:\/\/www.autonvaraosahaku.fi\/?product=gsp-899037-vetonivel","title":{"rendered":"GSP 899037 Vetonivel"},"content":{"rendered":"<p>Erittely: Inner groove; Tiivisteen l\u00e4pimitta [mm]: 60; Sis\u00e4hammastus, py\u00f6r\u00e4npuoli: 25; Ulkohammastus, py\u00f6r\u00e4npuoli: 25; Kierremitta: M20x1,5; Pituus (mm): 132, 132; Asennuspuoli: Py\u00f6r\u00e4n paikka 1; Vaihteistomalli: K\u00e4sivaihteisto, Schaltgetriebe; MERCEDES-BENZ: A-CLASS W169; 1693601572, 1693601768, 1693602972, 1693604372, 1693604472, 1693608372, A1693601572, A1693602972, A1693604372, A1693604472; Nivelsarja, Vetoakseli<\/p>\n","protected":false},"excerpt":{"rendered":"<p>GSP Vetonivel 899037 Nivelsarja, Vetoakseli MERCEDES-BENZ,A-CLASS W169<\/p>\n","protected":false},"featured_media":0,"template":"","meta":{"site-sidebar-layout":"default","site-content-layout":"default","ast-global-header-display":"","ast-main-header-display":"","ast-hfb-above-header-display":"","ast-hfb-below-header-display":"","ast-hfb-mobile-header-display":"","site-post-title":"","ast-breadcrumbs-content":"","ast-featured-img":"","footer-sml-layout":"","theme-transparent-header-meta":"","adv-header-id-meta":"","stick-header-meta":"","header-above-stick-meta":"","header-main-stick-meta":"","header-below-stick-meta":""},"pwb-brand":[543],"product_cat":[175],"product_tag":[],"class_list":{"0":"post-61921","1":"product","2":"type-product","3":"status-publish","5":"pwb-brand-gsp","6":"product_cat-vetonivel","7":"desktop-align-left","8":"tablet-align-left","9":"mobile-align-left","11":"first","12":"instock","13":"product-type-external"},"brands":[{"id":543,"name":"GSP","slug":"gsp"}],"_links":{"self":[{"href":"https:\/\/www.autonvaraosahaku.fi\/index.php?rest_route=\/wp\/v2\/product\/61921","targetHints":{"allow":["GET"]}}],"collection":[{"href":"https:\/\/www.autonvaraosahaku.fi\/index.php?rest_route=\/wp\/v2\/product"}],"about":[{"href":"https:\/\/www.autonvaraosahaku.fi\/index.php?rest_route=\/wp\/v2\/types\/product"}],"wp:attachment":[{"href":"https:\/\/www.autonvaraosahaku.fi\/index.php?rest_route=%2Fwp%2Fv2%2Fmedia&parent=61921"}],"wp:term":[{"taxonomy":"pwb-brand","embeddable":true,"href":"https:\/\/www.autonvaraosahaku.fi\/index.php?rest_route=%2Fwp%2Fv2%2Fpwb-brand&post=61921"},{"taxonomy":"product_cat","embeddable":true,"href":"https:\/\/www.autonvaraosahaku.fi\/index.php?rest_route=%2Fwp%2Fv2%2Fproduct_cat&post=61921"},{"taxonomy":"product_tag","embeddable":true,"href":"https:\/\/www.autonvaraosahaku.fi\/index.php?rest_route=%2Fwp%2Fv2%2Fproduct_tag&post=61921"}],"curies":[{"name":"wp","href":"https:\/\/api.w.org\/{rel}","templated":true}]}}