{"id":61926,"date":"2021-02-21T18:27:13","date_gmt":"2021-02-21T18:27:13","guid":{"rendered":"https:\/\/www.autonvaraosahaku.fi\/?product=gsp-210007-vetoakseli"},"modified":"2021-02-21T18:27:15","modified_gmt":"2021-02-21T18:27:15","slug":"gsp-210007-vetoakseli","status":"publish","type":"product","link":"https:\/\/www.autonvaraosahaku.fi\/?product=gsp-210007-vetoakseli","title":{"rendered":"GSP 210007 Vetoakseli"},"content":{"rendered":"<p>Tiivisteen l\u00e4pimitta [mm]: 48; Ulkohammastus tasauspy\u00f6r\u00e4st\u00f6puoli: 24; Ulkohammastus, py\u00f6r\u00e4npuoli: 21; Pituus (mm): 845; Asennuspuoli: Vorderachse rechts; CITRO\u00cbN: C15 VD-_; PEUGEOT: 205 II 20A\/C,205 I Cabriolet 741B, 20D,205 I 741A\/C; 327265, 32735R, 3273G2, 3273L9, 3273R6, 3273Y0, 95591074, 95619482, 95654731, 327265, 32735Q, 32735R, 327364, 327365, 327369, 327389, 3273G2, 3273Y0, 95591074<\/p>\n","protected":false},"excerpt":{"rendered":"<p>GSP Vetoakseli 210007  CITRO\u00cbN,PEUGEOT,C15 VD-_,205 II 20A\/C,205 I Cabriolet 741B, 20D,205 I 741A\/C<\/p>\n","protected":false},"featured_media":0,"template":"","meta":{"site-sidebar-layout":"default","site-content-layout":"default","ast-global-header-display":"","ast-main-header-display":"","ast-hfb-above-header-display":"","ast-hfb-below-header-display":"","ast-hfb-mobile-header-display":"","site-post-title":"","ast-breadcrumbs-content":"","ast-featured-img":"","footer-sml-layout":"","theme-transparent-header-meta":"","adv-header-id-meta":"","stick-header-meta":"","header-above-stick-meta":"","header-main-stick-meta":"","header-below-stick-meta":""},"pwb-brand":[543],"product_cat":[215],"product_tag":[],"class_list":{"0":"post-61926","1":"product","2":"type-product","3":"status-publish","5":"pwb-brand-gsp","6":"product_cat-vetoakseli","7":"desktop-align-left","8":"tablet-align-left","9":"mobile-align-left","11":"first","12":"instock","13":"product-type-external"},"brands":[{"id":543,"name":"GSP","slug":"gsp"}],"_links":{"self":[{"href":"https:\/\/www.autonvaraosahaku.fi\/index.php?rest_route=\/wp\/v2\/product\/61926","targetHints":{"allow":["GET"]}}],"collection":[{"href":"https:\/\/www.autonvaraosahaku.fi\/index.php?rest_route=\/wp\/v2\/product"}],"about":[{"href":"https:\/\/www.autonvaraosahaku.fi\/index.php?rest_route=\/wp\/v2\/types\/product"}],"wp:attachment":[{"href":"https:\/\/www.autonvaraosahaku.fi\/index.php?rest_route=%2Fwp%2Fv2%2Fmedia&parent=61926"}],"wp:term":[{"taxonomy":"pwb-brand","embeddable":true,"href":"https:\/\/www.autonvaraosahaku.fi\/index.php?rest_route=%2Fwp%2Fv2%2Fpwb-brand&post=61926"},{"taxonomy":"product_cat","embeddable":true,"href":"https:\/\/www.autonvaraosahaku.fi\/index.php?rest_route=%2Fwp%2Fv2%2Fproduct_cat&post=61926"},{"taxonomy":"product_tag","embeddable":true,"href":"https:\/\/www.autonvaraosahaku.fi\/index.php?rest_route=%2Fwp%2Fv2%2Fproduct_tag&post=61926"}],"curies":[{"name":"wp","href":"https:\/\/api.w.org\/{rel}","templated":true}]}}