{"id":61927,"date":"2021-02-21T18:27:13","date_gmt":"2021-02-21T18:27:13","guid":{"rendered":"https:\/\/www.autonvaraosahaku.fi\/?product=gsp-810015-vetonivel"},"modified":"2021-02-21T18:27:15","modified_gmt":"2021-02-21T18:27:15","slug":"gsp-810015-vetonivel","status":"publish","type":"product","link":"https:\/\/www.autonvaraosahaku.fi\/?product=gsp-810015-vetonivel","title":{"rendered":"GSP 810015 Vetonivel"},"content":{"rendered":"<p>Erittely: Inner groove; Hammasluku, ABS-keh\u00e4: 48; Tiivisteen l\u00e4pimitta [mm]: 59; Sis\u00e4hammastus, py\u00f6r\u00e4npuoli: 39; Ulkohammastus, py\u00f6r\u00e4npuoli: 27; Kierremitta: M24x1,5; Pituus (mm): 145; Asennuspuoli: Py\u00f6r\u00e4n paikka 1, Vorderachse; LANCIA: ZETA 220; FIAT: SCUDO Kasten 220L,SCUDO Combinato 220P,SCUDO Pritsche\/Fahrgestell 220_; CITRO\u00cbN: C8 EA_, EB_,EVASION 22, U6,JUMPY U6U,JUMPY Kasten BS_, BT_, BY_, BZ_,JUMPY Pritsche\/Fahrgestell BU_, BV_, BW_, BX_; PEUGEOT: 806 221,EXPERT Kasten 222,EXPERT 224,EXPERT Pritsche\/Fahrgestell 223; 32729C, 3272GY, 3272RL, 32733Q, 3273AX, 3273GQ, 3273TF, 9617408188, 9626084088, 1481451080, 1481452080, 9617408188, 9617408288, 9626084088, 1481451080, 1481452080, 9617408188, 9617408288, 32729C, 3272GY, 32733Q, 3273AX, 3273GQ, 9617408188, 9617408288, 9626084088; Nivelsarja, Vetoakseli<\/p>\n","protected":false},"excerpt":{"rendered":"<p>GSP Vetonivel 810015 Nivelsarja, Vetoakseli LANCIA,FIAT,CITRO\u00cbN,ZETA 220,SCUDO Kasten 220L,SCUDO Combinato 220P,SCUDO Pritsche\/Fahrgestell 220_<\/p>\n","protected":false},"featured_media":0,"template":"","meta":{"site-sidebar-layout":"default","site-content-layout":"default","ast-global-header-display":"","ast-main-header-display":"","ast-hfb-above-header-display":"","ast-hfb-below-header-display":"","ast-hfb-mobile-header-display":"","site-post-title":"","ast-breadcrumbs-content":"","ast-featured-img":"","footer-sml-layout":"","theme-transparent-header-meta":"","adv-header-id-meta":"","stick-header-meta":"","header-above-stick-meta":"","header-main-stick-meta":"","header-below-stick-meta":""},"pwb-brand":[543],"product_cat":[175],"product_tag":[],"class_list":{"0":"post-61927","1":"product","2":"type-product","3":"status-publish","5":"pwb-brand-gsp","6":"product_cat-vetonivel","7":"desktop-align-left","8":"tablet-align-left","9":"mobile-align-left","11":"first","12":"instock","13":"product-type-external"},"brands":[{"id":543,"name":"GSP","slug":"gsp"}],"_links":{"self":[{"href":"https:\/\/www.autonvaraosahaku.fi\/index.php?rest_route=\/wp\/v2\/product\/61927","targetHints":{"allow":["GET"]}}],"collection":[{"href":"https:\/\/www.autonvaraosahaku.fi\/index.php?rest_route=\/wp\/v2\/product"}],"about":[{"href":"https:\/\/www.autonvaraosahaku.fi\/index.php?rest_route=\/wp\/v2\/types\/product"}],"wp:attachment":[{"href":"https:\/\/www.autonvaraosahaku.fi\/index.php?rest_route=%2Fwp%2Fv2%2Fmedia&parent=61927"}],"wp:term":[{"taxonomy":"pwb-brand","embeddable":true,"href":"https:\/\/www.autonvaraosahaku.fi\/index.php?rest_route=%2Fwp%2Fv2%2Fpwb-brand&post=61927"},{"taxonomy":"product_cat","embeddable":true,"href":"https:\/\/www.autonvaraosahaku.fi\/index.php?rest_route=%2Fwp%2Fv2%2Fproduct_cat&post=61927"},{"taxonomy":"product_tag","embeddable":true,"href":"https:\/\/www.autonvaraosahaku.fi\/index.php?rest_route=%2Fwp%2Fv2%2Fproduct_tag&post=61927"}],"curies":[{"name":"wp","href":"https:\/\/api.w.org\/{rel}","templated":true}]}}