{"id":61941,"date":"2021-02-21T18:27:13","date_gmt":"2021-02-21T18:27:13","guid":{"rendered":"https:\/\/www.autonvaraosahaku.fi\/?product=gsp-603011-vetonivel"},"modified":"2021-02-21T18:27:18","modified_gmt":"2021-02-21T18:27:18","slug":"gsp-603011-vetonivel","status":"publish","type":"product","link":"https:\/\/www.autonvaraosahaku.fi\/?product=gsp-603011-vetonivel","title":{"rendered":"GSP 603011 Vetonivel"},"content":{"rendered":"<p>Sis\u00e4hammastus, vaiht. kiinn.: 33; Pituus (mm): 34; Asennuspuoli: Py\u00f6r\u00e4n paikka 1; Voimansiirtotyyppi: Frontantrieb; VW: POLO 6R, 6C,BORA 1J2,EOS 1F7, 1F8,BORA Kombi 1J6,POLO Stufenheck,POLO Van 6R,PASSAT ALLTRACK 3G5,TIGUAN ALLSPACE BW2; AUDI: A3 8L1,A1 8X1, 8XF,A1 Sportback 8XA, 8XK; SKODA: RAPID Spaceback NH1,RAPID NH3,FABIA NJ3,FABIA Kombi NJ5; SEAT: IBIZA V 6J5, 6P5,LEON 1M1,IBIZA V ST 6J8, 6P8,TOLEDO II 1M2,IBIZA V SPORTCOUPE 6J1, 6P1,TOLEDO IV KG3; 191498103A, 191498103C, 191498104C, 1K0498103X, 1KO498103, 357498103A, 357498103B, A11XLB3AH2203050E, 191498103, 1K0498103, 1KO498103, 357498103, 357498103V, 357498350V, 191498103C, 191498104C, 1J0498103A, 1J0498103AX, 357498103B, 357498103X; Nivelsarja, Vetoakseli<\/p>\n","protected":false},"excerpt":{"rendered":"<p>GSP Vetonivel 603011 Nivelsarja, Vetoakseli VW,AUDI,SKODA,POLO 6R, 6C,BORA 1J2,EOS 1F7, 1F8,BORA Kombi 1J6,POLO Stufenheck,POLO Van 6R<\/p>\n","protected":false},"featured_media":0,"template":"","meta":{"site-sidebar-layout":"default","site-content-layout":"default","ast-global-header-display":"","ast-main-header-display":"","ast-hfb-above-header-display":"","ast-hfb-below-header-display":"","ast-hfb-mobile-header-display":"","site-post-title":"","ast-breadcrumbs-content":"","ast-featured-img":"","footer-sml-layout":"","theme-transparent-header-meta":"","adv-header-id-meta":"","stick-header-meta":"","header-above-stick-meta":"","header-main-stick-meta":"","header-below-stick-meta":""},"pwb-brand":[543],"product_cat":[175],"product_tag":[],"class_list":{"0":"post-61941","1":"product","2":"type-product","3":"status-publish","5":"pwb-brand-gsp","6":"product_cat-vetonivel","7":"desktop-align-left","8":"tablet-align-left","9":"mobile-align-left","11":"first","12":"instock","13":"product-type-external"},"brands":[{"id":543,"name":"GSP","slug":"gsp"}],"_links":{"self":[{"href":"https:\/\/www.autonvaraosahaku.fi\/index.php?rest_route=\/wp\/v2\/product\/61941","targetHints":{"allow":["GET"]}}],"collection":[{"href":"https:\/\/www.autonvaraosahaku.fi\/index.php?rest_route=\/wp\/v2\/product"}],"about":[{"href":"https:\/\/www.autonvaraosahaku.fi\/index.php?rest_route=\/wp\/v2\/types\/product"}],"wp:attachment":[{"href":"https:\/\/www.autonvaraosahaku.fi\/index.php?rest_route=%2Fwp%2Fv2%2Fmedia&parent=61941"}],"wp:term":[{"taxonomy":"pwb-brand","embeddable":true,"href":"https:\/\/www.autonvaraosahaku.fi\/index.php?rest_route=%2Fwp%2Fv2%2Fpwb-brand&post=61941"},{"taxonomy":"product_cat","embeddable":true,"href":"https:\/\/www.autonvaraosahaku.fi\/index.php?rest_route=%2Fwp%2Fv2%2Fproduct_cat&post=61941"},{"taxonomy":"product_tag","embeddable":true,"href":"https:\/\/www.autonvaraosahaku.fi\/index.php?rest_route=%2Fwp%2Fv2%2Fproduct_tag&post=61941"}],"curies":[{"name":"wp","href":"https:\/\/api.w.org\/{rel}","templated":true}]}}