{"id":61967,"date":"2021-02-21T18:27:26","date_gmt":"2021-02-21T18:27:26","guid":{"rendered":"https:\/\/www.autonvaraosahaku.fi\/?product=hitachi-137422-anturit-sensorit"},"modified":"2021-02-21T18:27:28","modified_gmt":"2021-02-21T18:27:28","slug":"hitachi-137422-anturit-sensorit","status":"publish","type":"product","link":"https:\/\/www.autonvaraosahaku.fi\/?product=hitachi-137422-anturit-sensorit","title":{"rendered":"Hitachi 137422 Anturit (sensorit)"},"content":{"rendered":"<p>Pakoputkisto: autoille alkuper\u00e4isasennetulla noki-\/hiukkassuodattimella; Korvaava tuote\/korvaava tiedote 2: ilman liit\u00e4nt\u00e4johtoa; Napojen m\u00e4\u00e4r\u00e4: 3; Moottorinumero: K9K 612; NISSAN: QASHQAI \/ QASHQAI +2 J10, JJ10,NOTE E11,NAVARA D40,JUKE F15,PATHFINDER R51,X-TRAIL T31,NV200 EVALIA,NV200 Kasten,PRIMASTAR Bus X83,PRIMASTAR Kasten X83,CUBE Z12,NV400 Kasten,NV400 Bus,NV400 Pritsche\/Fahrgestell; OPEL: VIVARO Kasten F7,VIVARO Combi J7,MOVANO B Kasten,MOVANO B Bus,VIVARO Pritsche\/Fahrgestell E7,MOVANO B Pritsche\/Fahrgestell; DACIA: DUSTER,SANDERO,LOGAN MCV KS_,SANDERO II,LODGY,LOGAN MCV II,DOKKER,LOGAN LS_,DOKKER Express,LOGAN EXPRESS FS_,LOGAN Pick-up US_,LOGAN II,DUSTER Kasten; RENAULT: CLIO III BR0\/1, CR0\/1,TWINGO II CN0_,MEGANE III Grandtour KZ0\/1,ESPACE IV JK0\/1_,MODUS \/ GRAND MODUS F\/JP0_,SC\u00c9NIC III JZ0\/1_,LAGUNA III Grandtour KT0\/1,CLIO IV,MEGANE III Schr\u00e4gheck BZ0_,TRAFIC II Bus JL,GRAND SC\u00c9NIC III JZ0\/1_,TRAFIC II Kasten FL,MEGANE III Coupe DZ0\/1_,KANGOO \/ GRAND KANGOO KW0\/1_,KOLEOS HY_,CLIO Grandtour KR0\/1_,LAGUNA III BT0\/1,MASTER III Kasten FV,KANGOO Express FW0\/1_,CLIO Grandtour IV,KANGOO BE BOP KW0\/1_,MEGANE CC EZ0\/1_,LAGUNA Coupe DT0\/1,MASTER III Bus JV,MASTER III Pritsche\/Fahrgestell EV, HV, UV,FLUENCE L30_,LATITUDE L70_,TRAFIC II Pritsche\/Fahrgestell EL; 208150017R, 208150018R, 208154268R, 208158908R, 8200921267, 2082700Q0C, 227555X20C, 2277000Q0A, 227709604R, 227711FE0A, 4406514, 4406819, 4419446, 4420807, 4420935, 93197526, 93862461, 95168503, 95514701, 95515330, 208150007R, 208150014R, 208151628R, 208152036R, 208152386R, 208152425R, 208153148R, 208154207R, 208155568R, 208157209R, 208157652R, 208157721R, 8200708175, 8200741321, 8200926578, 8201043914; Sensori Pakokaasupaine<\/p>\n","protected":false},"excerpt":{"rendered":"<p>HITACHI DPF Paine-Eroanturi Hueco 137422 Sensori Pakokaasupaine NISSAN,OPEL,DACIA,QASHQAI \/ QASHQAI +2 J10, JJ10,NOTE E11,NAVARA D40,JUKE F15<\/p>\n","protected":false},"featured_media":0,"template":"","meta":{"site-sidebar-layout":"default","site-content-layout":"default","ast-global-header-display":"","ast-main-header-display":"","ast-hfb-above-header-display":"","ast-hfb-below-header-display":"","ast-hfb-mobile-header-display":"","site-post-title":"","ast-breadcrumbs-content":"","ast-featured-img":"","footer-sml-layout":"","theme-transparent-header-meta":"","adv-header-id-meta":"","stick-header-meta":"","header-above-stick-meta":"","header-main-stick-meta":"","header-below-stick-meta":""},"pwb-brand":[544],"product_cat":[98],"product_tag":[],"class_list":{"0":"post-61967","1":"product","2":"type-product","3":"status-publish","5":"pwb-brand-hitachi","6":"product_cat-anturit-sensorit","7":"desktop-align-left","8":"tablet-align-left","9":"mobile-align-left","11":"first","12":"instock","13":"product-type-external"},"brands":[{"id":544,"name":"Hitachi","slug":"hitachi"}],"_links":{"self":[{"href":"https:\/\/www.autonvaraosahaku.fi\/index.php?rest_route=\/wp\/v2\/product\/61967","targetHints":{"allow":["GET"]}}],"collection":[{"href":"https:\/\/www.autonvaraosahaku.fi\/index.php?rest_route=\/wp\/v2\/product"}],"about":[{"href":"https:\/\/www.autonvaraosahaku.fi\/index.php?rest_route=\/wp\/v2\/types\/product"}],"wp:attachment":[{"href":"https:\/\/www.autonvaraosahaku.fi\/index.php?rest_route=%2Fwp%2Fv2%2Fmedia&parent=61967"}],"wp:term":[{"taxonomy":"pwb-brand","embeddable":true,"href":"https:\/\/www.autonvaraosahaku.fi\/index.php?rest_route=%2Fwp%2Fv2%2Fpwb-brand&post=61967"},{"taxonomy":"product_cat","embeddable":true,"href":"https:\/\/www.autonvaraosahaku.fi\/index.php?rest_route=%2Fwp%2Fv2%2Fproduct_cat&post=61967"},{"taxonomy":"product_tag","embeddable":true,"href":"https:\/\/www.autonvaraosahaku.fi\/index.php?rest_route=%2Fwp%2Fv2%2Fproduct_tag&post=61967"}],"curies":[{"name":"wp","href":"https:\/\/api.w.org\/{rel}","templated":true}]}}