{"id":61971,"date":"2021-02-21T18:27:26","date_gmt":"2021-02-21T18:27:26","guid":{"rendered":"https:\/\/www.autonvaraosahaku.fi\/?product=hitachi-130649-laturin-jannitteensaadin"},"modified":"2021-02-21T18:27:29","modified_gmt":"2021-02-21T18:27:29","slug":"hitachi-130649-laturin-jannitteensaadin","status":"publish","type":"product","link":"https:\/\/www.autonvaraosahaku.fi\/?product=hitachi-130649-laturin-jannitteensaadin","title":{"rendered":"Hitachi 130649 Laturin j\u00e4nnitteens\u00e4\u00e4din"},"content":{"rendered":"<p>Laturi varausvirta (A): 180; Valmistaja rajaus: Valeo; lis\u00e4tieto: Hueco; BMW: 3 Touring E91,3 E90,5 E60,1 E87,5 Touring E61,X3 E83,X1 E84,1 E81,3 Coupe E92,3 Cabriolet E93,1 Cabriolet E88,1 Coupe E82; 12318510088, 8510088; Laturin S\u00e4\u00e4din,J\u00e4nniteens\u00e4\u00e4din<\/p>\n","protected":false},"excerpt":{"rendered":"<p>HITACHI Laturin J\u00e4nnitteens\u00e4\u00e4din 130649 Laturin S\u00e4\u00e4din,J\u00e4nniteens\u00e4\u00e4din BMW,3 Touring E91,3 E90,5 E60,1 E87,5 Touring E61,X3 E83,X1 E84,1 E81<\/p>\n","protected":false},"featured_media":0,"template":"","meta":{"site-sidebar-layout":"default","site-content-layout":"default","ast-global-header-display":"","ast-main-header-display":"","ast-hfb-above-header-display":"","ast-hfb-below-header-display":"","ast-hfb-mobile-header-display":"","site-post-title":"","ast-breadcrumbs-content":"","ast-featured-img":"","footer-sml-layout":"","theme-transparent-header-meta":"","adv-header-id-meta":"","stick-header-meta":"","header-above-stick-meta":"","header-main-stick-meta":"","header-below-stick-meta":""},"pwb-brand":[544],"product_cat":[420],"product_tag":[],"class_list":{"0":"post-61971","1":"product","2":"type-product","3":"status-publish","5":"pwb-brand-hitachi","6":"product_cat-laturin-jannitteensaadin","7":"desktop-align-left","8":"tablet-align-left","9":"mobile-align-left","11":"first","12":"instock","13":"product-type-external"},"brands":[{"id":544,"name":"Hitachi","slug":"hitachi"}],"_links":{"self":[{"href":"https:\/\/www.autonvaraosahaku.fi\/index.php?rest_route=\/wp\/v2\/product\/61971","targetHints":{"allow":["GET"]}}],"collection":[{"href":"https:\/\/www.autonvaraosahaku.fi\/index.php?rest_route=\/wp\/v2\/product"}],"about":[{"href":"https:\/\/www.autonvaraosahaku.fi\/index.php?rest_route=\/wp\/v2\/types\/product"}],"wp:attachment":[{"href":"https:\/\/www.autonvaraosahaku.fi\/index.php?rest_route=%2Fwp%2Fv2%2Fmedia&parent=61971"}],"wp:term":[{"taxonomy":"pwb-brand","embeddable":true,"href":"https:\/\/www.autonvaraosahaku.fi\/index.php?rest_route=%2Fwp%2Fv2%2Fpwb-brand&post=61971"},{"taxonomy":"product_cat","embeddable":true,"href":"https:\/\/www.autonvaraosahaku.fi\/index.php?rest_route=%2Fwp%2Fv2%2Fproduct_cat&post=61971"},{"taxonomy":"product_tag","embeddable":true,"href":"https:\/\/www.autonvaraosahaku.fi\/index.php?rest_route=%2Fwp%2Fv2%2Fproduct_tag&post=61971"}],"curies":[{"name":"wp","href":"https:\/\/api.w.org\/{rel}","templated":true}]}}