{"id":61980,"date":"2021-02-21T18:27:26","date_gmt":"2021-02-21T18:27:26","guid":{"rendered":"https:\/\/www.autonvaraosahaku.fi\/?product=hitachi-2503062-korkeapainepumppu"},"modified":"2021-02-21T18:27:31","modified_gmt":"2021-02-21T18:27:31","slug":"hitachi-2503062-korkeapainepumppu","status":"publish","type":"product","link":"https:\/\/www.autonvaraosahaku.fi\/?product=hitachi-2503062-korkeapainepumppu","title":{"rendered":"Hitachi 2503062 Korkeapainepumppu"},"content":{"rendered":"<p>K\u00e4ytt\u00f6: Mekaaninen; Lis\u00e4tarvike\/lis\u00e4tieto: Tiivisteill\u00e4; Lis\u00e4ksi tarvittavat tuotteet (tuotenumero): 2503058, 03H127307A; Moottorinumero: BMY; VW: GOLF V 1K1,TOURAN 1T1, 1T2,GOLF PLUS 5M1, 521,GOLF V Variant 1K5,JETTA III 1K2; 03C127025T, 03C127025T; Ruiskutuspumppu,Sy\u00f6tt\u00f6pumppu<\/p>\n","protected":false},"excerpt":{"rendered":"<p>HITACHI Korkeapainepumppu 2503062 Ruiskutuspumppu,Sy\u00f6tt\u00f6pumppu VW,GOLF V 1K1,TOURAN 1T1, 1T2,GOLF PLUS 5M1, 521,GOLF V Variant 1K5,JETTA III 1K2<\/p>\n","protected":false},"featured_media":0,"template":"","meta":{"site-sidebar-layout":"default","site-content-layout":"default","ast-global-header-display":"","ast-main-header-display":"","ast-hfb-above-header-display":"","ast-hfb-below-header-display":"","ast-hfb-mobile-header-display":"","site-post-title":"","ast-breadcrumbs-content":"","ast-featured-img":"","footer-sml-layout":"","theme-transparent-header-meta":"","adv-header-id-meta":"","stick-header-meta":"","header-above-stick-meta":"","header-main-stick-meta":"","header-below-stick-meta":""},"pwb-brand":[544],"product_cat":[442],"product_tag":[],"class_list":{"0":"post-61980","1":"product","2":"type-product","3":"status-publish","5":"pwb-brand-hitachi","6":"product_cat-korkeapainepumppu","7":"desktop-align-left","8":"tablet-align-left","9":"mobile-align-left","11":"first","12":"instock","13":"product-type-external"},"brands":[{"id":544,"name":"Hitachi","slug":"hitachi"}],"_links":{"self":[{"href":"https:\/\/www.autonvaraosahaku.fi\/index.php?rest_route=\/wp\/v2\/product\/61980","targetHints":{"allow":["GET"]}}],"collection":[{"href":"https:\/\/www.autonvaraosahaku.fi\/index.php?rest_route=\/wp\/v2\/product"}],"about":[{"href":"https:\/\/www.autonvaraosahaku.fi\/index.php?rest_route=\/wp\/v2\/types\/product"}],"wp:attachment":[{"href":"https:\/\/www.autonvaraosahaku.fi\/index.php?rest_route=%2Fwp%2Fv2%2Fmedia&parent=61980"}],"wp:term":[{"taxonomy":"pwb-brand","embeddable":true,"href":"https:\/\/www.autonvaraosahaku.fi\/index.php?rest_route=%2Fwp%2Fv2%2Fpwb-brand&post=61980"},{"taxonomy":"product_cat","embeddable":true,"href":"https:\/\/www.autonvaraosahaku.fi\/index.php?rest_route=%2Fwp%2Fv2%2Fproduct_cat&post=61980"},{"taxonomy":"product_tag","embeddable":true,"href":"https:\/\/www.autonvaraosahaku.fi\/index.php?rest_route=%2Fwp%2Fv2%2Fproduct_tag&post=61980"}],"curies":[{"name":"wp","href":"https:\/\/api.w.org\/{rel}","templated":true}]}}