{"id":61986,"date":"2021-02-21T18:27:33","date_gmt":"2021-02-21T18:27:33","guid":{"rendered":"https:\/\/www.autonvaraosahaku.fi\/?product=hitachi-132569-lammityslaitteen-puhaltimen-vastus"},"modified":"2021-02-21T18:27:34","modified_gmt":"2021-02-21T18:27:34","slug":"hitachi-132569-lammityslaitteen-puhaltimen-vastus","status":"publish","type":"product","link":"https:\/\/www.autonvaraosahaku.fi\/?product=hitachi-132569-lammityslaitteen-puhaltimen-vastus","title":{"rendered":"Hitachi 132569 L\u00e4mmityslaitteen puhaltimen vastus"},"content":{"rendered":"<p>CITRO\u00cbN: DS5; PEUGEOT: 5008,3008; DS: DS5; 6441CQ, 6441CQ<\/p>\n","protected":false},"excerpt":{"rendered":"<p>HITACHI S\u00e4\u00e4din, Sis\u00e4valaistus 132569  CITRO\u00cbN,PEUGEOT,DS,DS5,5008,3008,DS5<\/p>\n","protected":false},"featured_media":0,"template":"","meta":{"site-sidebar-layout":"default","site-content-layout":"default","ast-global-header-display":"","ast-main-header-display":"","ast-hfb-above-header-display":"","ast-hfb-below-header-display":"","ast-hfb-mobile-header-display":"","site-post-title":"","ast-breadcrumbs-content":"","ast-featured-img":"","footer-sml-layout":"","theme-transparent-header-meta":"","adv-header-id-meta":"","stick-header-meta":"","header-above-stick-meta":"","header-main-stick-meta":"","header-below-stick-meta":""},"pwb-brand":[544],"product_cat":[134],"product_tag":[],"class_list":{"0":"post-61986","1":"product","2":"type-product","3":"status-publish","5":"pwb-brand-hitachi","6":"product_cat-lammityslaitteen-puhaltimen-vastus","7":"desktop-align-left","8":"tablet-align-left","9":"mobile-align-left","11":"first","12":"instock","13":"product-type-external"},"brands":[{"id":544,"name":"Hitachi","slug":"hitachi"}],"_links":{"self":[{"href":"https:\/\/www.autonvaraosahaku.fi\/index.php?rest_route=\/wp\/v2\/product\/61986","targetHints":{"allow":["GET"]}}],"collection":[{"href":"https:\/\/www.autonvaraosahaku.fi\/index.php?rest_route=\/wp\/v2\/product"}],"about":[{"href":"https:\/\/www.autonvaraosahaku.fi\/index.php?rest_route=\/wp\/v2\/types\/product"}],"wp:attachment":[{"href":"https:\/\/www.autonvaraosahaku.fi\/index.php?rest_route=%2Fwp%2Fv2%2Fmedia&parent=61986"}],"wp:term":[{"taxonomy":"pwb-brand","embeddable":true,"href":"https:\/\/www.autonvaraosahaku.fi\/index.php?rest_route=%2Fwp%2Fv2%2Fpwb-brand&post=61986"},{"taxonomy":"product_cat","embeddable":true,"href":"https:\/\/www.autonvaraosahaku.fi\/index.php?rest_route=%2Fwp%2Fv2%2Fproduct_cat&post=61986"},{"taxonomy":"product_tag","embeddable":true,"href":"https:\/\/www.autonvaraosahaku.fi\/index.php?rest_route=%2Fwp%2Fv2%2Fproduct_tag&post=61986"}],"curies":[{"name":"wp","href":"https:\/\/api.w.org\/{rel}","templated":true}]}}