{"id":62095,"date":"2021-02-21T18:28:04","date_gmt":"2021-02-21T18:28:04","guid":{"rendered":"https:\/\/www.autonvaraosahaku.fi\/?product=moog-vv-sb-13273-kallistuksenvakaajan-puslat"},"modified":"2021-02-21T18:28:08","modified_gmt":"2021-02-21T18:28:08","slug":"moog-vv-sb-13273-kallistuksenvakaajan-puslat","status":"publish","type":"product","link":"https:\/\/www.autonvaraosahaku.fi\/?product=moog-vv-sb-13273-kallistuksenvakaajan-puslat","title":{"rendered":"Moog VV-SB-13273 Kallistuksenvakaajan puslat"},"content":{"rendered":"<p>Asennuspuoli: etuakseli molemminpuoleinen; Korkeus (mm): 33,5; Sis\u00e4l\u00e4pimitta [mm]: 20; Pakkaustyyppi: Pussi; Pituus, sis\u00e4 (mm): 36,5; Pakkauspituus [cm]: 4,4; Pakkausleveys [cm]: 3,65; Pakkauskorkeus [mm]: 3,35; VOLVO: V70 II SW,850 Kombi LW,850 LS,S70 LS; 3546730<\/p>\n","protected":false},"excerpt":{"rendered":"<p>MOOG Laakerin Holkki, Vakaaja VV-SB-13273  VOLVO,V70 II SW,850 Kombi LW,850 LS,S70 LS<\/p>\n","protected":false},"featured_media":0,"template":"","meta":{"site-sidebar-layout":"default","site-content-layout":"default","ast-global-header-display":"","ast-main-header-display":"","ast-hfb-above-header-display":"","ast-hfb-below-header-display":"","ast-hfb-mobile-header-display":"","site-post-title":"","ast-breadcrumbs-content":"","ast-featured-img":"","footer-sml-layout":"","theme-transparent-header-meta":"","adv-header-id-meta":"","stick-header-meta":"","header-above-stick-meta":"","header-main-stick-meta":"","header-below-stick-meta":""},"pwb-brand":[548],"product_cat":[82],"product_tag":[],"class_list":{"0":"post-62095","1":"product","2":"type-product","3":"status-publish","5":"pwb-brand-moog","6":"product_cat-kallistuksenvakaajan-puslat","7":"desktop-align-left","8":"tablet-align-left","9":"mobile-align-left","11":"first","12":"instock","13":"product-type-external"},"brands":[{"id":548,"name":"Moog","slug":"moog"}],"_links":{"self":[{"href":"https:\/\/www.autonvaraosahaku.fi\/index.php?rest_route=\/wp\/v2\/product\/62095","targetHints":{"allow":["GET"]}}],"collection":[{"href":"https:\/\/www.autonvaraosahaku.fi\/index.php?rest_route=\/wp\/v2\/product"}],"about":[{"href":"https:\/\/www.autonvaraosahaku.fi\/index.php?rest_route=\/wp\/v2\/types\/product"}],"wp:attachment":[{"href":"https:\/\/www.autonvaraosahaku.fi\/index.php?rest_route=%2Fwp%2Fv2%2Fmedia&parent=62095"}],"wp:term":[{"taxonomy":"pwb-brand","embeddable":true,"href":"https:\/\/www.autonvaraosahaku.fi\/index.php?rest_route=%2Fwp%2Fv2%2Fpwb-brand&post=62095"},{"taxonomy":"product_cat","embeddable":true,"href":"https:\/\/www.autonvaraosahaku.fi\/index.php?rest_route=%2Fwp%2Fv2%2Fproduct_cat&post=62095"},{"taxonomy":"product_tag","embeddable":true,"href":"https:\/\/www.autonvaraosahaku.fi\/index.php?rest_route=%2Fwp%2Fv2%2Fproduct_tag&post=62095"}],"curies":[{"name":"wp","href":"https:\/\/api.w.org\/{rel}","templated":true}]}}