{"id":62121,"date":"2021-02-21T18:28:10","date_gmt":"2021-02-21T18:28:10","guid":{"rendered":"https:\/\/www.autonvaraosahaku.fi\/?product=moog-k150160-hammastangon-suojakumi"},"modified":"2021-02-21T18:28:16","modified_gmt":"2021-02-21T18:28:16","slug":"moog-k150160-hammastangon-suojakumi","status":"publish","type":"product","link":"https:\/\/www.autonvaraosahaku.fi\/?product=moog-k150160-hammastangon-suojakumi","title":{"rendered":"Moog K150160 Hammastangon suojakumi"},"content":{"rendered":"<p>Asennuspuoli: etuakseli molemminpuoleinen; Pituus (mm): 188; Sis\u00e4l\u00e4pimitta [mm]: 43; Ulkol\u00e4pimitta [mm]: 11; Pakkaustyyppi: Laatikko; Pituus 1 (mm): 188; Ulkol\u00e4pimitta 1 [mm]: 11; Sis\u00e4l\u00e4pimitta 1 [mm]: 43; Pakkauspituus [cm]: 23; Pakkausleveys [cm]: 14,6; Pakkauskorkeus [mm]: 9,6; Valmistusvuosi alkaen: 01\/1997; SUBARU: FORESTER SG,FORESTER SH,FORESTER SF,IMPREZA Stufenheck GD,IMPREZA Station Wagon GG,LEGACY III Station Wagon BE, BH,LEGACY II Station Wagon BD, BG,OUTBACK BE, BH,LEGACY III BE, BH,LEGACY II BD, BG,LEGACY OUTBACK BG; MITSUBISHI: SPACE STAR DG_A,CARISMA DA_,CARISMA Stufenheck DA_; MR244902, 34135FC000<\/p>\n","protected":false},"excerpt":{"rendered":"<p>MOOG Paljekumisarja, Ohjaus K150160  SUBARU,MITSUBISHI,FORESTER SG,FORESTER SH,FORESTER SF,IMPREZA Stufenheck GD,IMPREZA Station Wagon GG<\/p>\n","protected":false},"featured_media":0,"template":"","meta":{"site-sidebar-layout":"default","site-content-layout":"default","ast-global-header-display":"","ast-main-header-display":"","ast-hfb-above-header-display":"","ast-hfb-below-header-display":"","ast-hfb-mobile-header-display":"","site-post-title":"","ast-breadcrumbs-content":"","ast-featured-img":"","footer-sml-layout":"","theme-transparent-header-meta":"","adv-header-id-meta":"","stick-header-meta":"","header-above-stick-meta":"","header-main-stick-meta":"","header-below-stick-meta":""},"pwb-brand":[548],"product_cat":[81],"product_tag":[],"class_list":{"0":"post-62121","1":"product","2":"type-product","3":"status-publish","5":"pwb-brand-moog","6":"product_cat-hammastangon-suojakumi","7":"desktop-align-left","8":"tablet-align-left","9":"mobile-align-left","11":"first","12":"instock","13":"product-type-external"},"brands":[{"id":548,"name":"Moog","slug":"moog"}],"_links":{"self":[{"href":"https:\/\/www.autonvaraosahaku.fi\/index.php?rest_route=\/wp\/v2\/product\/62121","targetHints":{"allow":["GET"]}}],"collection":[{"href":"https:\/\/www.autonvaraosahaku.fi\/index.php?rest_route=\/wp\/v2\/product"}],"about":[{"href":"https:\/\/www.autonvaraosahaku.fi\/index.php?rest_route=\/wp\/v2\/types\/product"}],"wp:attachment":[{"href":"https:\/\/www.autonvaraosahaku.fi\/index.php?rest_route=%2Fwp%2Fv2%2Fmedia&parent=62121"}],"wp:term":[{"taxonomy":"pwb-brand","embeddable":true,"href":"https:\/\/www.autonvaraosahaku.fi\/index.php?rest_route=%2Fwp%2Fv2%2Fpwb-brand&post=62121"},{"taxonomy":"product_cat","embeddable":true,"href":"https:\/\/www.autonvaraosahaku.fi\/index.php?rest_route=%2Fwp%2Fv2%2Fproduct_cat&post=62121"},{"taxonomy":"product_tag","embeddable":true,"href":"https:\/\/www.autonvaraosahaku.fi\/index.php?rest_route=%2Fwp%2Fv2%2Fproduct_tag&post=62121"}],"curies":[{"name":"wp","href":"https:\/\/api.w.org\/{rel}","templated":true}]}}