{"id":62134,"date":"2021-02-21T18:28:17","date_gmt":"2021-02-21T18:28:17","guid":{"rendered":"https:\/\/www.autonvaraosahaku.fi\/?product=moog-k150020-hammastangon-suojakumi"},"modified":"2021-02-21T18:28:20","modified_gmt":"2021-02-21T18:28:20","slug":"moog-k150020-hammastangon-suojakumi","status":"publish","type":"product","link":"https:\/\/www.autonvaraosahaku.fi\/?product=moog-k150020-hammastangon-suojakumi","title":{"rendered":"Moog K150020 Hammastangon suojakumi"},"content":{"rendered":"<p>Asennuspuoli: etuakseli molemminpuoleinen; Pituus (mm): 200; Sis\u00e4l\u00e4pimitta [mm]: 47; Ulkol\u00e4pimitta [mm]: 11; Pakkaustyyppi: Laatikko; Pituus 1 (mm): 145; Ulkol\u00e4pimitta 1 [mm]: 39; Sis\u00e4l\u00e4pimitta 1 [mm]: 50; Pakkauspituus [cm]: 23; Pakkausleveys [cm]: 14,6; Pakkauskorkeus [mm]: 9,6; Varusteet: f\u00fcr Fahrzeuge mit Servolenkung; CITRO\u00cbN: BX XB-_,BX Break XB-_; 95495914, 95496072<\/p>\n","protected":false},"excerpt":{"rendered":"<p>MOOG Paljekumisarja, Ohjaus K150020  CITRO\u00cbN,BX XB-_,BX Break XB-_<\/p>\n","protected":false},"featured_media":0,"template":"","meta":{"site-sidebar-layout":"default","site-content-layout":"default","ast-global-header-display":"","ast-main-header-display":"","ast-hfb-above-header-display":"","ast-hfb-below-header-display":"","ast-hfb-mobile-header-display":"","site-post-title":"","ast-breadcrumbs-content":"","ast-featured-img":"","footer-sml-layout":"","theme-transparent-header-meta":"","adv-header-id-meta":"","stick-header-meta":"","header-above-stick-meta":"","header-main-stick-meta":"","header-below-stick-meta":""},"pwb-brand":[548],"product_cat":[81],"product_tag":[],"class_list":{"0":"post-62134","1":"product","2":"type-product","3":"status-publish","5":"pwb-brand-moog","6":"product_cat-hammastangon-suojakumi","7":"desktop-align-left","8":"tablet-align-left","9":"mobile-align-left","11":"first","12":"instock","13":"product-type-external"},"brands":[{"id":548,"name":"Moog","slug":"moog"}],"_links":{"self":[{"href":"https:\/\/www.autonvaraosahaku.fi\/index.php?rest_route=\/wp\/v2\/product\/62134","targetHints":{"allow":["GET"]}}],"collection":[{"href":"https:\/\/www.autonvaraosahaku.fi\/index.php?rest_route=\/wp\/v2\/product"}],"about":[{"href":"https:\/\/www.autonvaraosahaku.fi\/index.php?rest_route=\/wp\/v2\/types\/product"}],"wp:attachment":[{"href":"https:\/\/www.autonvaraosahaku.fi\/index.php?rest_route=%2Fwp%2Fv2%2Fmedia&parent=62134"}],"wp:term":[{"taxonomy":"pwb-brand","embeddable":true,"href":"https:\/\/www.autonvaraosahaku.fi\/index.php?rest_route=%2Fwp%2Fv2%2Fpwb-brand&post=62134"},{"taxonomy":"product_cat","embeddable":true,"href":"https:\/\/www.autonvaraosahaku.fi\/index.php?rest_route=%2Fwp%2Fv2%2Fproduct_cat&post=62134"},{"taxonomy":"product_tag","embeddable":true,"href":"https:\/\/www.autonvaraosahaku.fi\/index.php?rest_route=%2Fwp%2Fv2%2Fproduct_tag&post=62134"}],"curies":[{"name":"wp","href":"https:\/\/api.w.org\/{rel}","templated":true}]}}