{"id":62189,"date":"2021-02-21T18:28:36","date_gmt":"2021-02-21T18:28:36","guid":{"rendered":"https:\/\/www.autonvaraosahaku.fi\/?product=osram-7515-02b-lamput-hehkulamppu"},"modified":"2021-02-21T18:28:38","modified_gmt":"2021-02-21T18:28:38","slug":"osram-7515-02b-lamput-hehkulamppu","status":"publish","type":"product","link":"https:\/\/www.autonvaraosahaku.fi\/?product=osram-7515-02b-lamput-hehkulamppu","title":{"rendered":"Osram 7515-02B Lamput (hehkulamppu)"},"content":{"rendered":"<p>Lamppumalli: W21\/5W; J\u00e4nnite (V): 12; Nimellisteho (W): 21\/5; Kantamalli: W3x16q; M\u00e4\u00e4r\u00e4: 2; lis\u00e4tieto: ORIGINAL; Vuosimallista: 2015; VW: GOLF PLUS 5M1, 521,UP,TOUAREG 7P5,BEETLE 5C1,BEETLE Cabriolet 5C7,CADDY IV Kombi SAB, SAJ,CADDY IV Kasten SAA, SAH,LOAD UP,CADDY ALLTRACK Kasten SAA,CADDY ALLTRACK Kombi SAB; MAZDA: 5 CR19,3 BK,6 Station Wagon GY,CX-5 KE, GH,MX-5 II NB,2 DY,2 DE,PREMACY CP,CX-7 ER,6 Hatchback GG,6 GG,3 BL,5 CW,3 BM,MX-5 III NC,DEMIO DW,RX 8 SE17,3 Stufenheck BK,MPV II LW,323 P V BA,3 Stufenheck BL,3 Stufenheck BM,CX-9 TB,RX 7 III FD,2 DL, DJ,CX-3 DK,CX-5 KF; SKODA: CITIGO; SEAT: Mii KF1_,ARONA KJ7; CHEVROLET: CAMARO GMX511,TRAX,MALIBU V300,CAMARO Convertible GMX511; ABARTH: 500 \/ 595 312_,500C \/ 595C 312_; LADA: GRANTA 2190,VESTA,KALINA Kombi 2194,KALINA Schr\u00e4gheck 2192,VESTA SW,GRANTA Schr\u00e4gheck 2191; NISSAN: JUKE F15,X-TRAIL T31,MICRA IV K13,350 Z Z33,PATHFINDER R50,350 Z Roadster Z33,MAXIMA QX A33,MAXIMA QX A32,CUBE Z12,MICRA V K14,NV300 Kasten X82,PATHFINDER R52,NV300 Kombi X82; LEXUS: IS I JCE1_, GXE1_,GS UZS161, JZS160,IS SportCross,RX MCU15,LS UCF20,SC UZZ40_,LS UCF30,LX UZJ100,GX _J12_,ES GSV4_, ACV4_,ES MCV_, VZV_; HONDA: CIVIC VIII Hatchback FN, FK,JAZZ II GD,CR-V III RE,CIVIC VII Hatchback EU, EP, EV,CR-V II RD_,ACCORD VII CL,FR-V BE,ACCORD VIII CU,ACCORD VII Tourer CM,ACCORD VIII Kombi,CR-V I RD,HR-V GH,CIVIC VIII Stufenheck FD, FA,S2000 AP,SHUTTLE RA,LEGEND III KA9,LEGEND IV KB_,ACCORD VII CM,INSIGHT ZE,HR-V RU,ACCORD IX Stufenheck,CROSSTOUR<\/p>\n","protected":false},"excerpt":{"rendered":"<p>OSRAM Polttimo, Jarru-\/Takavalo 7515-02B  VW,MAZDA,SKODA,GOLF PLUS 5M1, 521,UP,TOUAREG 7P5,BEETLE 5C1,BEETLE Cabriolet 5C7,CADDY IV Kombi SAB, SAJ<\/p>\n","protected":false},"featured_media":0,"template":"","meta":{"site-sidebar-layout":"default","site-content-layout":"default","ast-global-header-display":"","ast-main-header-display":"","ast-hfb-above-header-display":"","ast-hfb-below-header-display":"","ast-hfb-mobile-header-display":"","site-post-title":"","ast-breadcrumbs-content":"","ast-featured-img":"","footer-sml-layout":"","theme-transparent-header-meta":"","adv-header-id-meta":"","stick-header-meta":"","header-above-stick-meta":"","header-main-stick-meta":"","header-below-stick-meta":""},"pwb-brand":[549],"product_cat":[151],"product_tag":[],"class_list":{"0":"post-62189","1":"product","2":"type-product","3":"status-publish","5":"pwb-brand-osram","6":"product_cat-lamput-hehkulamppu","7":"desktop-align-left","8":"tablet-align-left","9":"mobile-align-left","11":"first","12":"instock","13":"product-type-external"},"brands":[{"id":549,"name":"Osram","slug":"osram"}],"_links":{"self":[{"href":"https:\/\/www.autonvaraosahaku.fi\/index.php?rest_route=\/wp\/v2\/product\/62189","targetHints":{"allow":["GET"]}}],"collection":[{"href":"https:\/\/www.autonvaraosahaku.fi\/index.php?rest_route=\/wp\/v2\/product"}],"about":[{"href":"https:\/\/www.autonvaraosahaku.fi\/index.php?rest_route=\/wp\/v2\/types\/product"}],"wp:attachment":[{"href":"https:\/\/www.autonvaraosahaku.fi\/index.php?rest_route=%2Fwp%2Fv2%2Fmedia&parent=62189"}],"wp:term":[{"taxonomy":"pwb-brand","embeddable":true,"href":"https:\/\/www.autonvaraosahaku.fi\/index.php?rest_route=%2Fwp%2Fv2%2Fpwb-brand&post=62189"},{"taxonomy":"product_cat","embeddable":true,"href":"https:\/\/www.autonvaraosahaku.fi\/index.php?rest_route=%2Fwp%2Fv2%2Fproduct_cat&post=62189"},{"taxonomy":"product_tag","embeddable":true,"href":"https:\/\/www.autonvaraosahaku.fi\/index.php?rest_route=%2Fwp%2Fv2%2Fproduct_tag&post=62189"}],"curies":[{"name":"wp","href":"https:\/\/api.w.org\/{rel}","templated":true}]}}