{"id":62226,"date":"2021-02-21T18:28:49","date_gmt":"2021-02-21T18:28:49","guid":{"rendered":"https:\/\/www.autonvaraosahaku.fi\/?product=pioneer-mvh-s420dab-muut-luokat"},"modified":"2021-02-21T18:28:50","modified_gmt":"2021-02-21T18:28:50","slug":"pioneer-mvh-s420dab-muut-luokat","status":"publish","type":"product","link":"https:\/\/www.autonvaraosahaku.fi\/?product=pioneer-mvh-s420dab-muut-luokat","title":{"rendered":"Pioneer MVH-S420DAB Muut luokat"},"content":{"rendered":"<p>K\u00e4ytt\u00f6j\u00e4nnite [V]: 14.4; Tunnusluku: Made for iPhone, Android, AOA 2.0; Bluetooth: Kyll\u00e4; Mikrofoni: Kyll\u00e4; Tyyppi: DAB\/DAB+, Bluetooth, Spotify, USB, Red illumination; Audio format: MP3, WMA, WAV, FLAC, AAC; Koko: 1-DIN; Kieliversio: Englantilainen, Saksalainen, Ranskalainen, Turkkilainen, Ven\u00e4l\u00e4inen; Liittimet\/Pistokkeet: USB, AUX in; Teho [W]: 4&#215;50; N\u00e4ytt\u00f6: LCD; Tuotelinja: MVH-S420DAB<\/p>\n","protected":false},"excerpt":{"rendered":"<p>PIONEER Autosoitin MVH-S420DAB<\/p>\n","protected":false},"featured_media":0,"template":"","meta":{"site-sidebar-layout":"default","site-content-layout":"default","ast-global-header-display":"","ast-main-header-display":"","ast-hfb-above-header-display":"","ast-hfb-below-header-display":"","ast-hfb-mobile-header-display":"","site-post-title":"","ast-breadcrumbs-content":"","ast-featured-img":"","footer-sml-layout":"","theme-transparent-header-meta":"","adv-header-id-meta":"","stick-header-meta":"","header-above-stick-meta":"","header-main-stick-meta":"","header-below-stick-meta":""},"pwb-brand":[551],"product_cat":[37],"product_tag":[],"class_list":{"0":"post-62226","1":"product","2":"type-product","3":"status-publish","5":"pwb-brand-pioneer","6":"product_cat-muut-luokat","7":"desktop-align-left","8":"tablet-align-left","9":"mobile-align-left","11":"first","12":"instock","13":"product-type-external"},"brands":[{"id":551,"name":"Pioneer","slug":"pioneer"}],"_links":{"self":[{"href":"https:\/\/www.autonvaraosahaku.fi\/index.php?rest_route=\/wp\/v2\/product\/62226","targetHints":{"allow":["GET"]}}],"collection":[{"href":"https:\/\/www.autonvaraosahaku.fi\/index.php?rest_route=\/wp\/v2\/product"}],"about":[{"href":"https:\/\/www.autonvaraosahaku.fi\/index.php?rest_route=\/wp\/v2\/types\/product"}],"wp:attachment":[{"href":"https:\/\/www.autonvaraosahaku.fi\/index.php?rest_route=%2Fwp%2Fv2%2Fmedia&parent=62226"}],"wp:term":[{"taxonomy":"pwb-brand","embeddable":true,"href":"https:\/\/www.autonvaraosahaku.fi\/index.php?rest_route=%2Fwp%2Fv2%2Fpwb-brand&post=62226"},{"taxonomy":"product_cat","embeddable":true,"href":"https:\/\/www.autonvaraosahaku.fi\/index.php?rest_route=%2Fwp%2Fv2%2Fproduct_cat&post=62226"},{"taxonomy":"product_tag","embeddable":true,"href":"https:\/\/www.autonvaraosahaku.fi\/index.php?rest_route=%2Fwp%2Fv2%2Fproduct_tag&post=62226"}],"curies":[{"name":"wp","href":"https:\/\/api.w.org\/{rel}","templated":true}]}}