{"id":62264,"date":"2021-02-21T18:29:02","date_gmt":"2021-02-21T18:29:02","guid":{"rendered":"https:\/\/www.autonvaraosahaku.fi\/?product=stc-t402771-polkimen-kumi"},"modified":"2021-02-21T18:29:03","modified_gmt":"2021-02-21T18:29:03","slug":"stc-t402771-polkimen-kumi","status":"publish","type":"product","link":"https:\/\/www.autonvaraosahaku.fi\/?product=stc-t402771-polkimen-kumi","title":{"rendered":"STC T402771 Polkimen kumi"},"content":{"rendered":"<p>Paino [kg]: 0,038; PEUGEOT: 407 SW 6E_,807 E,5008,508 SW,607 9D, 9U,407 6D_,3008,406 Break 8E\/F,PARTNER Tepee,PARTNER Combispace 5F,PARTNER Kasten 5,406 Coupe 8C,406 8B,806 221,508,407 Coupe 6C_,EXPERT Tepee VF3V_,EXPERT Kasten VF3A_, VF3U_, VF3X_,PARTNER Kasten,EXPERT Kasten 222,405 I 15B,605 6B,EXPERT 224,405 II 4B,405 II Break 4E,405 I Break 15E,EXPERT Pritsche\/Fahrgestell 223,EXPERT Pritsche\/Fahrgestell,EXPERT Kasten; CITRO\u00cbN: BERLINGO B9,C5 III Break TD_,C4 Picasso I UD_,C8 EA_, EB_,C5 II Break RE_,C5 I DC_,C5 I Break DE_,C5 III RD_,C5 II RC_,JUMPY,C6 TD_,JUMPY Kasten,XM Y4,XANTIA X2,XANTIA X1,DS5,EVASION 22, U6,XANTIA Break X2,JUMPY U6U,JUMPY Kasten BS_, BT_, BY_, BZ_,XM Y3,XANTIA Break X1,XM Break Y4,BERLINGO Pritsche\/Fahrgestell B9,JUMPY Pritsche\/Fahrgestell BU_, BV_, BW_, BX_,XM Break Y3; 213013, 213013<\/p>\n","protected":false},"excerpt":{"rendered":"<p>STC Poljinp\u00e4\u00e4llyste, Kytkinpoljin T402771  PEUGEOT,CITRO\u00cbN,407 SW 6E_,807 E,5008,508 SW,607 9D, 9U,407 6D_,3008,406 Break 8E\/F,PARTNER Tepee<\/p>\n","protected":false},"featured_media":0,"template":"","meta":{"site-sidebar-layout":"default","site-content-layout":"default","ast-global-header-display":"","ast-main-header-display":"","ast-hfb-above-header-display":"","ast-hfb-below-header-display":"","ast-hfb-mobile-header-display":"","site-post-title":"","ast-breadcrumbs-content":"","ast-featured-img":"","footer-sml-layout":"","theme-transparent-header-meta":"","adv-header-id-meta":"","stick-header-meta":"","header-above-stick-meta":"","header-main-stick-meta":"","header-below-stick-meta":""},"pwb-brand":[552],"product_cat":[107],"product_tag":[],"class_list":{"0":"post-62264","1":"product","2":"type-product","3":"status-publish","5":"pwb-brand-stc","6":"product_cat-polkimen-kumi","7":"desktop-align-left","8":"tablet-align-left","9":"mobile-align-left","11":"first","12":"instock","13":"product-type-external"},"brands":[{"id":552,"name":"STC","slug":"stc"}],"_links":{"self":[{"href":"https:\/\/www.autonvaraosahaku.fi\/index.php?rest_route=\/wp\/v2\/product\/62264","targetHints":{"allow":["GET"]}}],"collection":[{"href":"https:\/\/www.autonvaraosahaku.fi\/index.php?rest_route=\/wp\/v2\/product"}],"about":[{"href":"https:\/\/www.autonvaraosahaku.fi\/index.php?rest_route=\/wp\/v2\/types\/product"}],"wp:attachment":[{"href":"https:\/\/www.autonvaraosahaku.fi\/index.php?rest_route=%2Fwp%2Fv2%2Fmedia&parent=62264"}],"wp:term":[{"taxonomy":"pwb-brand","embeddable":true,"href":"https:\/\/www.autonvaraosahaku.fi\/index.php?rest_route=%2Fwp%2Fv2%2Fpwb-brand&post=62264"},{"taxonomy":"product_cat","embeddable":true,"href":"https:\/\/www.autonvaraosahaku.fi\/index.php?rest_route=%2Fwp%2Fv2%2Fproduct_cat&post=62264"},{"taxonomy":"product_tag","embeddable":true,"href":"https:\/\/www.autonvaraosahaku.fi\/index.php?rest_route=%2Fwp%2Fv2%2Fproduct_tag&post=62264"}],"curies":[{"name":"wp","href":"https:\/\/api.w.org\/{rel}","templated":true}]}}