{"id":62300,"date":"2021-02-21T18:29:08","date_gmt":"2021-02-21T18:29:08","guid":{"rendered":"https:\/\/www.autonvaraosahaku.fi\/?product=stc-t403836-polttoainesuodatin"},"modified":"2021-02-21T18:29:14","modified_gmt":"2021-02-21T18:29:14","slug":"stc-t403836-polttoainesuodatin","status":"publish","type":"product","link":"https:\/\/www.autonvaraosahaku.fi\/?product=stc-t403836-polttoainesuodatin","title":{"rendered":"STC T403836 Polttoainesuodatin"},"content":{"rendered":"<p>Pituus (mm): 65,5; Leveys (mm): 65,5; Korkeus (mm): 65,6; Paino [kg]: 0,41; Sis\u00e4l\u00e4pimitta [mm]: 13,9; Ulkol\u00e4pimitta [mm]: 78,4; Paino [g]: 410; Suodatintyyppi: Suodatinpanos; Sis\u00e4\u00e4ntulol\u00e4pimitta [mm]: 10; Ulostulon l\u00e4pimitta [mm]: 10; FIAT: ULYSSE 179AX; PEUGEOT: 407 SW 6E_,807 E,307 Break 3E,407 6D_,406 Break 8E\/F,406 8B,EXPERT Kasten 222; CITRO\u00cbN: C8 EA_, EB_,C5 II Break RE_,C5 I Break DE_,C5 II RC_,XSARA Coupe N0,JUMPY Kasten BS_, BT_, BY_, BZ_; LANCIA: PHEDRA 179; 190165<\/p>\n","protected":false},"excerpt":{"rendered":"<p>STC Polttoainesuodatin T403836  FIAT,PEUGEOT,CITRO\u00cbN,ULYSSE 179AX,407 SW 6E_,807 E,307 Break 3E,407 6D_,406 Break 8E\/F,406 8B,EXPERT Kasten 222<\/p>\n","protected":false},"featured_media":0,"template":"","meta":{"site-sidebar-layout":"default","site-content-layout":"default","ast-global-header-display":"","ast-main-header-display":"","ast-hfb-above-header-display":"","ast-hfb-below-header-display":"","ast-hfb-mobile-header-display":"","site-post-title":"","ast-breadcrumbs-content":"","ast-featured-img":"","footer-sml-layout":"","theme-transparent-header-meta":"","adv-header-id-meta":"","stick-header-meta":"","header-above-stick-meta":"","header-main-stick-meta":"","header-below-stick-meta":""},"pwb-brand":[552],"product_cat":[29],"product_tag":[],"class_list":{"0":"post-62300","1":"product","2":"type-product","3":"status-publish","5":"pwb-brand-stc","6":"product_cat-polttoainesuodatin","7":"desktop-align-left","8":"tablet-align-left","9":"mobile-align-left","11":"first","12":"instock","13":"product-type-external"},"brands":[{"id":552,"name":"STC","slug":"stc"}],"_links":{"self":[{"href":"https:\/\/www.autonvaraosahaku.fi\/index.php?rest_route=\/wp\/v2\/product\/62300","targetHints":{"allow":["GET"]}}],"collection":[{"href":"https:\/\/www.autonvaraosahaku.fi\/index.php?rest_route=\/wp\/v2\/product"}],"about":[{"href":"https:\/\/www.autonvaraosahaku.fi\/index.php?rest_route=\/wp\/v2\/types\/product"}],"wp:attachment":[{"href":"https:\/\/www.autonvaraosahaku.fi\/index.php?rest_route=%2Fwp%2Fv2%2Fmedia&parent=62300"}],"wp:term":[{"taxonomy":"pwb-brand","embeddable":true,"href":"https:\/\/www.autonvaraosahaku.fi\/index.php?rest_route=%2Fwp%2Fv2%2Fpwb-brand&post=62300"},{"taxonomy":"product_cat","embeddable":true,"href":"https:\/\/www.autonvaraosahaku.fi\/index.php?rest_route=%2Fwp%2Fv2%2Fproduct_cat&post=62300"},{"taxonomy":"product_tag","embeddable":true,"href":"https:\/\/www.autonvaraosahaku.fi\/index.php?rest_route=%2Fwp%2Fv2%2Fproduct_tag&post=62300"}],"curies":[{"name":"wp","href":"https:\/\/api.w.org\/{rel}","templated":true}]}}