{"id":62310,"date":"2021-02-21T18:29:15","date_gmt":"2021-02-21T18:29:15","guid":{"rendered":"https:\/\/www.autonvaraosahaku.fi\/?product=stc-t405251-oljytikku"},"modified":"2021-02-21T18:29:17","modified_gmt":"2021-02-21T18:29:17","slug":"stc-t405251-oljytikku","status":"publish","type":"product","link":"https:\/\/www.autonvaraosahaku.fi\/?product=stc-t405251-oljytikku","title":{"rendered":"STC T405251 \u00d6ljytikku"},"content":{"rendered":"<p>Pituus (mm): 570; Paino [kg]: 0,06; Paino [g]: 60; suurin pituus [mm]: 495; v\u00e4h. pituus [mm]: 530; MINI: MINI R56,MINI CLUBMAN R55,MINI Cabriolet R57,MINI COUNTRYMAN R60,MINI Coupe R58,MINI Roadster R59,MINI PACEMAN R61; CITRO\u00cbN: BERLINGO B9,C4 I LC_,C3 II,C4 II B7,BERLINGO Kasten B9; PEUGEOT: 207 WA_, WC_,207 CC WD_,207 SW WK_,308 4A_, 4C_,3008,PARTNER Tepee,PARTNER Kasten; 1174A4, 11437549422, 11437561567, 11437566021, 11437568567, 11437585970, 1174A4; \u00d6ljyn Mittatikku<\/p>\n","protected":false},"excerpt":{"rendered":"<p>STC \u00d6ljytikku T405251 \u00d6ljyn Mittatikku MINI,CITRO\u00cbN,PEUGEOT,MINI R56,MINI CLUBMAN R55,MINI Cabriolet R57,MINI COUNTRYMAN R60,MINI Coupe R58<\/p>\n","protected":false},"featured_media":0,"template":"","meta":{"site-sidebar-layout":"default","site-content-layout":"default","ast-global-header-display":"","ast-main-header-display":"","ast-hfb-above-header-display":"","ast-hfb-below-header-display":"","ast-hfb-mobile-header-display":"","site-post-title":"","ast-breadcrumbs-content":"","ast-featured-img":"","footer-sml-layout":"","theme-transparent-header-meta":"","adv-header-id-meta":"","stick-header-meta":"","header-above-stick-meta":"","header-main-stick-meta":"","header-below-stick-meta":""},"pwb-brand":[552],"product_cat":[71],"product_tag":[],"class_list":{"0":"post-62310","1":"product","2":"type-product","3":"status-publish","5":"pwb-brand-stc","6":"product_cat-oljytikku","7":"desktop-align-left","8":"tablet-align-left","9":"mobile-align-left","11":"first","12":"instock","13":"product-type-external"},"brands":[{"id":552,"name":"STC","slug":"stc"}],"_links":{"self":[{"href":"https:\/\/www.autonvaraosahaku.fi\/index.php?rest_route=\/wp\/v2\/product\/62310","targetHints":{"allow":["GET"]}}],"collection":[{"href":"https:\/\/www.autonvaraosahaku.fi\/index.php?rest_route=\/wp\/v2\/product"}],"about":[{"href":"https:\/\/www.autonvaraosahaku.fi\/index.php?rest_route=\/wp\/v2\/types\/product"}],"wp:attachment":[{"href":"https:\/\/www.autonvaraosahaku.fi\/index.php?rest_route=%2Fwp%2Fv2%2Fmedia&parent=62310"}],"wp:term":[{"taxonomy":"pwb-brand","embeddable":true,"href":"https:\/\/www.autonvaraosahaku.fi\/index.php?rest_route=%2Fwp%2Fv2%2Fpwb-brand&post=62310"},{"taxonomy":"product_cat","embeddable":true,"href":"https:\/\/www.autonvaraosahaku.fi\/index.php?rest_route=%2Fwp%2Fv2%2Fproduct_cat&post=62310"},{"taxonomy":"product_tag","embeddable":true,"href":"https:\/\/www.autonvaraosahaku.fi\/index.php?rest_route=%2Fwp%2Fv2%2Fproduct_tag&post=62310"}],"curies":[{"name":"wp","href":"https:\/\/api.w.org\/{rel}","templated":true}]}}