{"id":62355,"date":"2021-02-21T18:29:29","date_gmt":"2021-02-21T18:29:29","guid":{"rendered":"https:\/\/www.autonvaraosahaku.fi\/?product=vdo-a2c1446770080-anturit-sensorit"},"modified":"2021-02-21T18:29:32","modified_gmt":"2021-02-21T18:29:32","slug":"vdo-a2c1446770080-anturit-sensorit","status":"publish","type":"product","link":"https:\/\/www.autonvaraosahaku.fi\/?product=vdo-a2c1446770080-anturit-sensorit","title":{"rendered":"VDO A2C1446770080 Anturit (sensorit)"},"content":{"rendered":"<p>Versio: TG1C; Suositellun tarvikkeen tuotenumero: S180084510A, A2C59517072; Suurin sallittu nopeus (km\/h): 250; Vanteet: Peltivanteille, Alumiinivanteille; Venttiilivarsimateriaali: Alumiini; V\u00e4ri: Hopea; Taajuusalue [Mhz]: 434; Valmistusvuosi alkaen: 05\/2013; KIA: VENGA YN,SORENTO II XM,CEE&#8217;D JD,PICANTO TA,CEE`D Sportswagon JD,PRO CEE\u00b4D JD,OPTIMA; HYUNDAI: i20 PB, PBT,i30 GD,ix20 JC,i30 CW GD,SANTA F\u00c9 III DM,GRAND SANTA F\u00c9; 529333N100, 52933A5100, 52933B1100, 529332M600, 529332M650, 529333N100, 52933A5100, 52933B1100; Rengaspainevalvonta,Py\u00f6r\u00e4anturi, Rengaspaine<\/p>\n","protected":false},"excerpt":{"rendered":"<p>VDO Rengaspainetunnistimet A2C1446770080 Rengaspainevalvonta,Py\u00f6r\u00e4anturi, Rengaspaine KIA,HYUNDAI,VENGA YN,SORENTO II XM,CEE&#8217;D JD,PICANTO TA<\/p>\n","protected":false},"featured_media":0,"template":"","meta":{"site-sidebar-layout":"default","site-content-layout":"default","ast-global-header-display":"","ast-main-header-display":"","ast-hfb-above-header-display":"","ast-hfb-below-header-display":"","ast-hfb-mobile-header-display":"","site-post-title":"","ast-breadcrumbs-content":"","ast-featured-img":"","footer-sml-layout":"","theme-transparent-header-meta":"","adv-header-id-meta":"","stick-header-meta":"","header-above-stick-meta":"","header-main-stick-meta":"","header-below-stick-meta":""},"pwb-brand":[553],"product_cat":[98],"product_tag":[],"class_list":{"0":"post-62355","1":"product","2":"type-product","3":"status-publish","5":"pwb-brand-vdo","6":"product_cat-anturit-sensorit","7":"desktop-align-left","8":"tablet-align-left","9":"mobile-align-left","11":"first","12":"instock","13":"product-type-external"},"brands":[{"id":553,"name":"VDO","slug":"vdo"}],"_links":{"self":[{"href":"https:\/\/www.autonvaraosahaku.fi\/index.php?rest_route=\/wp\/v2\/product\/62355","targetHints":{"allow":["GET"]}}],"collection":[{"href":"https:\/\/www.autonvaraosahaku.fi\/index.php?rest_route=\/wp\/v2\/product"}],"about":[{"href":"https:\/\/www.autonvaraosahaku.fi\/index.php?rest_route=\/wp\/v2\/types\/product"}],"wp:attachment":[{"href":"https:\/\/www.autonvaraosahaku.fi\/index.php?rest_route=%2Fwp%2Fv2%2Fmedia&parent=62355"}],"wp:term":[{"taxonomy":"pwb-brand","embeddable":true,"href":"https:\/\/www.autonvaraosahaku.fi\/index.php?rest_route=%2Fwp%2Fv2%2Fpwb-brand&post=62355"},{"taxonomy":"product_cat","embeddable":true,"href":"https:\/\/www.autonvaraosahaku.fi\/index.php?rest_route=%2Fwp%2Fv2%2Fproduct_cat&post=62355"},{"taxonomy":"product_tag","embeddable":true,"href":"https:\/\/www.autonvaraosahaku.fi\/index.php?rest_route=%2Fwp%2Fv2%2Fproduct_tag&post=62355"}],"curies":[{"name":"wp","href":"https:\/\/api.w.org\/{rel}","templated":true}]}}