{"id":62360,"date":"2021-02-21T18:29:29","date_gmt":"2021-02-21T18:29:29","guid":{"rendered":"https:\/\/www.autonvaraosahaku.fi\/?product=vdo-a2c3781940780-anturit-sensorit"},"modified":"2021-02-21T18:29:34","modified_gmt":"2021-02-21T18:29:34","slug":"vdo-a2c3781940780-anturit-sensorit","status":"publish","type":"product","link":"https:\/\/www.autonvaraosahaku.fi\/?product=vdo-a2c3781940780-anturit-sensorit","title":{"rendered":"VDO A2C3781940780 Anturit (sensorit)"},"content":{"rendered":"<p>Versio: TG1D; Suositellun tarvikkeen tuotenumero: 2910000063400; Suurin sallittu nopeus (km\/h): 200; Vanteet: Peltivanteille, Alumiinivanteille; Venttiilivarsimateriaali: Kumi; V\u00e4ri: Musta; Taajuusalue [Mhz]: 434; Huomioi asennusohje: ; Valmistusvuosi alkaen: 07\/2014; MITSUBISHI: MIRAGE Schr\u00e4gheck,PAJERO IV V8_W, V9_W,PAJERO IV Van V90, V80,PAJERO SPORT II KH_, KG_,ECLIPSE CROSS GK_; 4250C275, 4250F187; Rengaspainevalvonta,Py\u00f6r\u00e4anturi, Rengaspaine<\/p>\n","protected":false},"excerpt":{"rendered":"<p>VDO Rengaspainetunnistimet A2C3781940780 Rengaspainevalvonta,Py\u00f6r\u00e4anturi, Rengaspaine MITSUBISHI,MIRAGE Schr\u00e4gheck,PAJERO IV V8_W, V9_W<\/p>\n","protected":false},"featured_media":0,"template":"","meta":{"site-sidebar-layout":"default","site-content-layout":"default","ast-global-header-display":"","ast-main-header-display":"","ast-hfb-above-header-display":"","ast-hfb-below-header-display":"","ast-hfb-mobile-header-display":"","site-post-title":"","ast-breadcrumbs-content":"","ast-featured-img":"","footer-sml-layout":"","theme-transparent-header-meta":"","adv-header-id-meta":"","stick-header-meta":"","header-above-stick-meta":"","header-main-stick-meta":"","header-below-stick-meta":""},"pwb-brand":[553],"product_cat":[98],"product_tag":[],"class_list":{"0":"post-62360","1":"product","2":"type-product","3":"status-publish","5":"pwb-brand-vdo","6":"product_cat-anturit-sensorit","7":"desktop-align-left","8":"tablet-align-left","9":"mobile-align-left","11":"first","12":"instock","13":"product-type-external"},"brands":[{"id":553,"name":"VDO","slug":"vdo"}],"_links":{"self":[{"href":"https:\/\/www.autonvaraosahaku.fi\/index.php?rest_route=\/wp\/v2\/product\/62360","targetHints":{"allow":["GET"]}}],"collection":[{"href":"https:\/\/www.autonvaraosahaku.fi\/index.php?rest_route=\/wp\/v2\/product"}],"about":[{"href":"https:\/\/www.autonvaraosahaku.fi\/index.php?rest_route=\/wp\/v2\/types\/product"}],"wp:attachment":[{"href":"https:\/\/www.autonvaraosahaku.fi\/index.php?rest_route=%2Fwp%2Fv2%2Fmedia&parent=62360"}],"wp:term":[{"taxonomy":"pwb-brand","embeddable":true,"href":"https:\/\/www.autonvaraosahaku.fi\/index.php?rest_route=%2Fwp%2Fv2%2Fpwb-brand&post=62360"},{"taxonomy":"product_cat","embeddable":true,"href":"https:\/\/www.autonvaraosahaku.fi\/index.php?rest_route=%2Fwp%2Fv2%2Fproduct_cat&post=62360"},{"taxonomy":"product_tag","embeddable":true,"href":"https:\/\/www.autonvaraosahaku.fi\/index.php?rest_route=%2Fwp%2Fv2%2Fproduct_tag&post=62360"}],"curies":[{"name":"wp","href":"https:\/\/api.w.org\/{rel}","templated":true}]}}