{"id":62470,"date":"2021-02-21T18:30:07","date_gmt":"2021-02-21T18:30:07","guid":{"rendered":"https:\/\/www.autonvaraosahaku.fi\/?product=walker-71213-takaaanenvaimennin"},"modified":"2021-02-21T18:30:09","modified_gmt":"2021-02-21T18:30:09","slug":"walker-71213-takaaanenvaimennin","status":"publish","type":"product","link":"https:\/\/www.autonvaraosahaku.fi\/?product=walker-71213-takaaanenvaimennin","title":{"rendered":"Walker 71213 Taka\u00e4\u00e4nenvaimennin"},"content":{"rendered":"<p>Pituus (mm): 810; Paino [kg]: 8,080; Tunnuskirjain: 52; Korvaava tuote\/korvaava tiedote 2: Ilman asennusosia; t\u00e4ytetty: ; Moottorinumero: TU5JP4; CITRO\u00cbN: C4 I LC_,C4 Coupe LA_,C4 Stufenheck L; PEUGEOT: 307 SW 3H,307 CC 3B,307 3A\/C,308 4A_, 4C_,307 Break 3E; 1726KF, 1726TZ, 1726XT, 1730H9, 1726KE, 1726KF, 1726TZ, 1726XT, 1730H9, 9805296880; Takavaimennin,Takap\u00f6ntt\u00f6,Taka\u00e4\u00e4nenvaimentaja<\/p>\n","protected":false},"excerpt":{"rendered":"<p>WALKER Taka\u00e4\u00e4nenvaimennin 71213 Takavaimennin,Takap\u00f6ntt\u00f6 CITRO\u00cbN,PEUGEOT,C4 I LC_,C4 Coupe LA_,C4 Stufenheck L,307 SW 3H,307 CC 3B,307 3A\/C<\/p>\n","protected":false},"featured_media":0,"template":"","meta":{"site-sidebar-layout":"default","site-content-layout":"default","ast-global-header-display":"","ast-main-header-display":"","ast-hfb-above-header-display":"","ast-hfb-below-header-display":"","ast-hfb-mobile-header-display":"","site-post-title":"","ast-breadcrumbs-content":"","ast-featured-img":"","footer-sml-layout":"","theme-transparent-header-meta":"","adv-header-id-meta":"","stick-header-meta":"","header-above-stick-meta":"","header-main-stick-meta":"","header-below-stick-meta":""},"pwb-brand":[554],"product_cat":[90],"product_tag":[],"class_list":{"0":"post-62470","1":"product","2":"type-product","3":"status-publish","5":"pwb-brand-walker","6":"product_cat-takaaanenvaimennin","7":"desktop-align-left","8":"tablet-align-left","9":"mobile-align-left","11":"first","12":"instock","13":"product-type-external"},"brands":[{"id":554,"name":"Walker","slug":"walker"}],"_links":{"self":[{"href":"https:\/\/www.autonvaraosahaku.fi\/index.php?rest_route=\/wp\/v2\/product\/62470","targetHints":{"allow":["GET"]}}],"collection":[{"href":"https:\/\/www.autonvaraosahaku.fi\/index.php?rest_route=\/wp\/v2\/product"}],"about":[{"href":"https:\/\/www.autonvaraosahaku.fi\/index.php?rest_route=\/wp\/v2\/types\/product"}],"wp:attachment":[{"href":"https:\/\/www.autonvaraosahaku.fi\/index.php?rest_route=%2Fwp%2Fv2%2Fmedia&parent=62470"}],"wp:term":[{"taxonomy":"pwb-brand","embeddable":true,"href":"https:\/\/www.autonvaraosahaku.fi\/index.php?rest_route=%2Fwp%2Fv2%2Fpwb-brand&post=62470"},{"taxonomy":"product_cat","embeddable":true,"href":"https:\/\/www.autonvaraosahaku.fi\/index.php?rest_route=%2Fwp%2Fv2%2Fproduct_cat&post=62470"},{"taxonomy":"product_tag","embeddable":true,"href":"https:\/\/www.autonvaraosahaku.fi\/index.php?rest_route=%2Fwp%2Fv2%2Fproduct_tag&post=62470"}],"curies":[{"name":"wp","href":"https:\/\/api.w.org\/{rel}","templated":true}]}}