{"id":62548,"date":"2021-02-21T18:30:33","date_gmt":"2021-02-21T18:30:33","guid":{"rendered":"https:\/\/www.autonvaraosahaku.fi\/?product=k2-t126-jarruneste"},"modified":"2021-02-21T18:30:35","modified_gmt":"2021-02-21T18:30:35","slug":"k2-t126-jarruneste","status":"publish","type":"product","link":"https:\/\/www.autonvaraosahaku.fi\/?product=k2-t126-jarruneste","title":{"rendered":"K2 T126 Jarruneste"},"content":{"rendered":"<p>DOT mukaisuus: DOT 4; Sis\u00e4lt\u00f6 [g]: 250; Pakkaustyyppi: Pullo; Erittely: FMVSS 116 DOT 3 &#038; 4, SAE J1703, SAE J1704, ISO 4925 (3 &#038; 4); Kuivakiehumispiste [\u00b0C]: 325; Huomioi j\u00e4rjestelm\u00e4-t\u00e4ytt\u00f6m\u00e4\u00e4r\u00e4: ; Suositeltu vaihtov\u00e4li [km]: 40000; Suositeltu vaihtov\u00e4li [vuotta]: 2; Tuotelinja: DOT4 RACING<\/p>\n","protected":false},"excerpt":{"rendered":"<p>K2 Jarruneste T126<\/p>\n","protected":false},"featured_media":0,"template":"","meta":{"site-sidebar-layout":"default","site-content-layout":"default","ast-global-header-display":"","ast-main-header-display":"","ast-hfb-above-header-display":"","ast-hfb-below-header-display":"","ast-hfb-mobile-header-display":"","site-post-title":"","ast-breadcrumbs-content":"","ast-featured-img":"","footer-sml-layout":"","theme-transparent-header-meta":"","adv-header-id-meta":"","stick-header-meta":"","header-above-stick-meta":"","header-main-stick-meta":"","header-below-stick-meta":""},"pwb-brand":[558],"product_cat":[142],"product_tag":[],"class_list":{"0":"post-62548","1":"product","2":"type-product","3":"status-publish","5":"pwb-brand-k2","6":"product_cat-jarruneste","7":"desktop-align-left","8":"tablet-align-left","9":"mobile-align-left","11":"first","12":"instock","13":"product-type-external"},"brands":[{"id":558,"name":"K2","slug":"k2"}],"_links":{"self":[{"href":"https:\/\/www.autonvaraosahaku.fi\/index.php?rest_route=\/wp\/v2\/product\/62548","targetHints":{"allow":["GET"]}}],"collection":[{"href":"https:\/\/www.autonvaraosahaku.fi\/index.php?rest_route=\/wp\/v2\/product"}],"about":[{"href":"https:\/\/www.autonvaraosahaku.fi\/index.php?rest_route=\/wp\/v2\/types\/product"}],"wp:attachment":[{"href":"https:\/\/www.autonvaraosahaku.fi\/index.php?rest_route=%2Fwp%2Fv2%2Fmedia&parent=62548"}],"wp:term":[{"taxonomy":"pwb-brand","embeddable":true,"href":"https:\/\/www.autonvaraosahaku.fi\/index.php?rest_route=%2Fwp%2Fv2%2Fpwb-brand&post=62548"},{"taxonomy":"product_cat","embeddable":true,"href":"https:\/\/www.autonvaraosahaku.fi\/index.php?rest_route=%2Fwp%2Fv2%2Fproduct_cat&post=62548"},{"taxonomy":"product_tag","embeddable":true,"href":"https:\/\/www.autonvaraosahaku.fi\/index.php?rest_route=%2Fwp%2Fv2%2Fproduct_tag&post=62548"}],"curies":[{"name":"wp","href":"https:\/\/api.w.org\/{rel}","templated":true}]}}