{"id":62558,"date":"2021-02-21T18:30:33","date_gmt":"2021-02-21T18:30:33","guid":{"rendered":"https:\/\/www.autonvaraosahaku.fi\/?product=k2-t201c-muut-luokat"},"modified":"2021-02-21T18:30:38","modified_gmt":"2021-02-21T18:30:38","slug":"k2-t201c-muut-luokat","status":"publish","type":"product","link":"https:\/\/www.autonvaraosahaku.fi\/?product=k2-t201c-muut-luokat","title":{"rendered":"K2 T201C Muut luokat"},"content":{"rendered":"<p>Tilavuus (litra): 1; V\u00e4ri: \u043a\u0440\u0430\u0441\u043d\u044b\u0439; L\u00e4mp\u00f6tila-alue korkeintaan [\u00b0C]: -35; Erittely: LONG LIFE ; VW: GOLF I Cabriolet 155,CORRADO 53I,SCIROCCO 53B,GOLF I 17,CADDY I 14,LT 28-46 II Kasten 2DA, 2DD, 2DH,LT 28-35 II Bus 2DB, 2DE, 2DK,LT 28-46 II Pritsche\/Fahrgestell 2DC, 2DF, 2DG, 2DL, 2DM; AUDI: A4 8D2, B5,A4 Avant 8ED, B7,A4 Avant 8E5, B6,A6 Avant 4B5, C5,A4 Avant 8D5, B5,A6 4B2, C5,80 81, 85, B2; SKODA: OCTAVIA Combi 1U5; PEUGEOT: 1007 KM_; SEAT: IBIZA V 6J5, 6P5,LEON 1M1,EXEO ST 3R5,IBIZA V SPORTCOUPE 6J1, 6P1,EXEO 3R2,INCA 6K9; J\u00e4\u00e4hdytysneste,Pakkasneste,J\u00e4\u00e4tymissuoja<\/p>\n","protected":false},"excerpt":{"rendered":"<p>K2 J\u00e4\u00e4hdytinneste T201C J\u00e4\u00e4hdytysneste,Pakkasneste VW,AUDI,SKODA,GOLF I Cabriolet 155,CORRADO 53I,SCIROCCO 53B,GOLF I 17,CADDY I 14<\/p>\n","protected":false},"featured_media":0,"template":"","meta":{"site-sidebar-layout":"default","site-content-layout":"default","ast-global-header-display":"","ast-main-header-display":"","ast-hfb-above-header-display":"","ast-hfb-below-header-display":"","ast-hfb-mobile-header-display":"","site-post-title":"","ast-breadcrumbs-content":"","ast-featured-img":"","footer-sml-layout":"","theme-transparent-header-meta":"","adv-header-id-meta":"","stick-header-meta":"","header-above-stick-meta":"","header-main-stick-meta":"","header-below-stick-meta":""},"pwb-brand":[558],"product_cat":[37],"product_tag":[],"class_list":{"0":"post-62558","1":"product","2":"type-product","3":"status-publish","5":"pwb-brand-k2","6":"product_cat-muut-luokat","7":"desktop-align-left","8":"tablet-align-left","9":"mobile-align-left","11":"first","12":"instock","13":"product-type-external"},"brands":[{"id":558,"name":"K2","slug":"k2"}],"_links":{"self":[{"href":"https:\/\/www.autonvaraosahaku.fi\/index.php?rest_route=\/wp\/v2\/product\/62558","targetHints":{"allow":["GET"]}}],"collection":[{"href":"https:\/\/www.autonvaraosahaku.fi\/index.php?rest_route=\/wp\/v2\/product"}],"about":[{"href":"https:\/\/www.autonvaraosahaku.fi\/index.php?rest_route=\/wp\/v2\/types\/product"}],"wp:attachment":[{"href":"https:\/\/www.autonvaraosahaku.fi\/index.php?rest_route=%2Fwp%2Fv2%2Fmedia&parent=62558"}],"wp:term":[{"taxonomy":"pwb-brand","embeddable":true,"href":"https:\/\/www.autonvaraosahaku.fi\/index.php?rest_route=%2Fwp%2Fv2%2Fpwb-brand&post=62558"},{"taxonomy":"product_cat","embeddable":true,"href":"https:\/\/www.autonvaraosahaku.fi\/index.php?rest_route=%2Fwp%2Fv2%2Fproduct_cat&post=62558"},{"taxonomy":"product_tag","embeddable":true,"href":"https:\/\/www.autonvaraosahaku.fi\/index.php?rest_route=%2Fwp%2Fv2%2Fproduct_tag&post=62558"}],"curies":[{"name":"wp","href":"https:\/\/api.w.org\/{rel}","templated":true}]}}