{"id":62586,"date":"2021-02-21T18:30:46","date_gmt":"2021-02-21T18:30:46","guid":{"rendered":"https:\/\/www.autonvaraosahaku.fi\/?product=k2-dv888-muut-luokat"},"modified":"2021-02-21T18:30:48","modified_gmt":"2021-02-21T18:30:48","slug":"k2-dv888-muut-luokat","status":"publish","type":"product","link":"https:\/\/www.autonvaraosahaku.fi\/?product=k2-dv888-muut-luokat","title":{"rendered":"K2 DV888 Muut luokat"},"content":{"rendered":"<p>Materiaali: Silikoni, Kupari; L\u00e4mp\u00f6alue alkaen [\u00b0C]: -73; L\u00e4mp\u00f6tila-alue korkeintaan [\u00b0C]: 371; Kemialliset ominaisuudet: \u00f6ljynkest\u00e4v\u00e4; Sis\u00e4lt\u00f6 [ml]: 85; Yleisk\u00e4ytt\u00f6inen: Kyll\u00e4; Pakkaustyyppi: Tuubi, Kuplapakkaus<\/p>\n","protected":false},"excerpt":{"rendered":"<p>K2 Tiivistysaine DV888<\/p>\n","protected":false},"featured_media":0,"template":"","meta":{"site-sidebar-layout":"default","site-content-layout":"default","ast-global-header-display":"","ast-main-header-display":"","ast-hfb-above-header-display":"","ast-hfb-below-header-display":"","ast-hfb-mobile-header-display":"","site-post-title":"","ast-breadcrumbs-content":"","ast-featured-img":"","footer-sml-layout":"","theme-transparent-header-meta":"","adv-header-id-meta":"","stick-header-meta":"","header-above-stick-meta":"","header-main-stick-meta":"","header-below-stick-meta":""},"pwb-brand":[558],"product_cat":[37],"product_tag":[],"class_list":{"0":"post-62586","1":"product","2":"type-product","3":"status-publish","5":"pwb-brand-k2","6":"product_cat-muut-luokat","7":"desktop-align-left","8":"tablet-align-left","9":"mobile-align-left","11":"first","12":"instock","13":"product-type-external"},"brands":[{"id":558,"name":"K2","slug":"k2"}],"_links":{"self":[{"href":"https:\/\/www.autonvaraosahaku.fi\/index.php?rest_route=\/wp\/v2\/product\/62586","targetHints":{"allow":["GET"]}}],"collection":[{"href":"https:\/\/www.autonvaraosahaku.fi\/index.php?rest_route=\/wp\/v2\/product"}],"about":[{"href":"https:\/\/www.autonvaraosahaku.fi\/index.php?rest_route=\/wp\/v2\/types\/product"}],"wp:attachment":[{"href":"https:\/\/www.autonvaraosahaku.fi\/index.php?rest_route=%2Fwp%2Fv2%2Fmedia&parent=62586"}],"wp:term":[{"taxonomy":"pwb-brand","embeddable":true,"href":"https:\/\/www.autonvaraosahaku.fi\/index.php?rest_route=%2Fwp%2Fv2%2Fpwb-brand&post=62586"},{"taxonomy":"product_cat","embeddable":true,"href":"https:\/\/www.autonvaraosahaku.fi\/index.php?rest_route=%2Fwp%2Fv2%2Fproduct_cat&post=62586"},{"taxonomy":"product_tag","embeddable":true,"href":"https:\/\/www.autonvaraosahaku.fi\/index.php?rest_route=%2Fwp%2Fv2%2Fproduct_tag&post=62586"}],"curies":[{"name":"wp","href":"https:\/\/api.w.org\/{rel}","templated":true}]}}