{"id":62599,"date":"2021-02-21T18:30:46","date_gmt":"2021-02-21T18:30:46","guid":{"rendered":"https:\/\/www.autonvaraosahaku.fi\/?product=huf-43477000-anturit-sensorit"},"modified":"2021-02-21T18:30:51","modified_gmt":"2021-02-21T18:30:51","slug":"huf-43477000-anturit-sensorit","status":"publish","type":"product","link":"https:\/\/www.autonvaraosahaku.fi\/?product=huf-43477000-anturit-sensorit","title":{"rendered":"HUF 43477000 Anturit (sensorit)"},"content":{"rendered":"<p>Varusteet: ajoneuvoille rengaspaineentarkkailulla; Taajuusalue [Mhz]: 433; Kopan v\u00e4ri: Oranssi; Tarkistuskilpi: CE, FCC, IC; Paino [kg]: 0,050; Asennusmalli: Poltti\/ruuvi; Valmistusvuosi alkaen: 01\/2016; NISSAN: NV200 EVALIA,NOTE E12,NV200 Kasten,QASHQAI J11, J11_,X-TRAIL T32,PULSAR Schr\u00e4gheck C13,MICRA V K14,LEAF ZE1,ALMERA N17,SENTRA B17,TIIDA Schr\u00e4gheck C12; LADA: GRANTA 2190,VESTA,KALINA Kombi 2194,KALINA Schr\u00e4gheck 2192; OPEL: MOVANO B Kasten,MOVANO B Bus,MOVANO B Pritsche\/Fahrgestell; RENAULT: KOLEOS HY_,FLUENCE L30_,KADJAR,MEGANE IV B9A\/M_,MEGANE IV Grandtour K9A\/M_,ESPACE V,TALISMAN Grandtour KP_,TALISMAN,GRAND SC\u00c9NIC IV R9_,SC\u00c9NIC IV J9_,MEGANE IV Stufenheck; 407003VU0A, 407003VU0A, 407003VU0A, 407003VU0A, 407004CB0A; Rengaspainevalvonta,Py\u00f6r\u00e4anturi, Rengaspaine<\/p>\n","protected":false},"excerpt":{"rendered":"<p>HUF Rengaspainetunnistimet 43477000 Rengaspainevalvonta,Py\u00f6r\u00e4anturi, Rengaspaine NISSAN,LADA,OPEL,NV200 EVALIA,NOTE E12,NV200 Kasten,QASHQAI J11, J11_<\/p>\n","protected":false},"featured_media":0,"template":"","meta":{"site-sidebar-layout":"default","site-content-layout":"default","ast-global-header-display":"","ast-main-header-display":"","ast-hfb-above-header-display":"","ast-hfb-below-header-display":"","ast-hfb-mobile-header-display":"","site-post-title":"","ast-breadcrumbs-content":"","ast-featured-img":"","footer-sml-layout":"","theme-transparent-header-meta":"","adv-header-id-meta":"","stick-header-meta":"","header-above-stick-meta":"","header-main-stick-meta":"","header-below-stick-meta":""},"pwb-brand":[559],"product_cat":[98],"product_tag":[],"class_list":{"0":"post-62599","1":"product","2":"type-product","3":"status-publish","5":"pwb-brand-huf","6":"product_cat-anturit-sensorit","7":"desktop-align-left","8":"tablet-align-left","9":"mobile-align-left","11":"first","12":"instock","13":"product-type-external"},"brands":[{"id":559,"name":"HUF","slug":"huf"}],"_links":{"self":[{"href":"https:\/\/www.autonvaraosahaku.fi\/index.php?rest_route=\/wp\/v2\/product\/62599","targetHints":{"allow":["GET"]}}],"collection":[{"href":"https:\/\/www.autonvaraosahaku.fi\/index.php?rest_route=\/wp\/v2\/product"}],"about":[{"href":"https:\/\/www.autonvaraosahaku.fi\/index.php?rest_route=\/wp\/v2\/types\/product"}],"wp:attachment":[{"href":"https:\/\/www.autonvaraosahaku.fi\/index.php?rest_route=%2Fwp%2Fv2%2Fmedia&parent=62599"}],"wp:term":[{"taxonomy":"pwb-brand","embeddable":true,"href":"https:\/\/www.autonvaraosahaku.fi\/index.php?rest_route=%2Fwp%2Fv2%2Fpwb-brand&post=62599"},{"taxonomy":"product_cat","embeddable":true,"href":"https:\/\/www.autonvaraosahaku.fi\/index.php?rest_route=%2Fwp%2Fv2%2Fproduct_cat&post=62599"},{"taxonomy":"product_tag","embeddable":true,"href":"https:\/\/www.autonvaraosahaku.fi\/index.php?rest_route=%2Fwp%2Fv2%2Fproduct_tag&post=62599"}],"curies":[{"name":"wp","href":"https:\/\/api.w.org\/{rel}","templated":true}]}}