{"id":62601,"date":"2021-02-21T18:30:46","date_gmt":"2021-02-21T18:30:46","guid":{"rendered":"https:\/\/www.autonvaraosahaku.fi\/?product=huf-43471000-anturit-sensorit"},"modified":"2021-02-21T18:30:51","modified_gmt":"2021-02-21T18:30:51","slug":"huf-43471000-anturit-sensorit","status":"publish","type":"product","link":"https:\/\/www.autonvaraosahaku.fi\/?product=huf-43471000-anturit-sensorit","title":{"rendered":"HUF 43471000 Anturit (sensorit)"},"content":{"rendered":"<p>Varusteet: ajoneuvoille rengaspaineentarkkailulla; Taajuusalue [Mhz]: 433; Kopan v\u00e4ri: Oranssi; Tarkistuskilpi: CE, FCC, IC; Paino [kg]: 0,050; Asennusmalli: Poltti\/ruuvi; Valmistusp\u00e4iv\u00e4m\u00e4\u00e4r\u00e4st\u00e4: 2017-10; FORD USA: MUSTANG Coupe,EDGE,MUSTANG Convertible; FORD: ECOSPORT,TRANSIT CUSTOM Kasten,TOURNEO CUSTOM Bus,TRANSIT CUSTOM Bus,TOURNEO CONNECT \/ GRAND TOURNEO CONNECT Kombi,TRANSIT CONNECT Kasten,MONDEO V Turnier,S-MAX,MONDEO V Stufenheck,FIESTA VII,GALAXY,MONDEO V Schr\u00e4gheck,TRANSIT CONNECT Kombi; 5291383, F2GT1A180DB; Rengaspainevalvonta,Py\u00f6r\u00e4anturi, Rengaspaine<\/p>\n","protected":false},"excerpt":{"rendered":"<p>HUF Rengaspainetunnistimet 43471000 Rengaspainevalvonta,Py\u00f6r\u00e4anturi, Rengaspaine FORD USA,FORD,MUSTANG Coupe,EDGE,MUSTANG Convertible,ECOSPORT<\/p>\n","protected":false},"featured_media":0,"template":"","meta":{"site-sidebar-layout":"default","site-content-layout":"default","ast-global-header-display":"","ast-main-header-display":"","ast-hfb-above-header-display":"","ast-hfb-below-header-display":"","ast-hfb-mobile-header-display":"","site-post-title":"","ast-breadcrumbs-content":"","ast-featured-img":"","footer-sml-layout":"","theme-transparent-header-meta":"","adv-header-id-meta":"","stick-header-meta":"","header-above-stick-meta":"","header-main-stick-meta":"","header-below-stick-meta":""},"pwb-brand":[559],"product_cat":[98],"product_tag":[],"class_list":{"0":"post-62601","1":"product","2":"type-product","3":"status-publish","5":"pwb-brand-huf","6":"product_cat-anturit-sensorit","7":"desktop-align-left","8":"tablet-align-left","9":"mobile-align-left","11":"first","12":"instock","13":"product-type-external"},"brands":[{"id":559,"name":"HUF","slug":"huf"}],"_links":{"self":[{"href":"https:\/\/www.autonvaraosahaku.fi\/index.php?rest_route=\/wp\/v2\/product\/62601","targetHints":{"allow":["GET"]}}],"collection":[{"href":"https:\/\/www.autonvaraosahaku.fi\/index.php?rest_route=\/wp\/v2\/product"}],"about":[{"href":"https:\/\/www.autonvaraosahaku.fi\/index.php?rest_route=\/wp\/v2\/types\/product"}],"wp:attachment":[{"href":"https:\/\/www.autonvaraosahaku.fi\/index.php?rest_route=%2Fwp%2Fv2%2Fmedia&parent=62601"}],"wp:term":[{"taxonomy":"pwb-brand","embeddable":true,"href":"https:\/\/www.autonvaraosahaku.fi\/index.php?rest_route=%2Fwp%2Fv2%2Fpwb-brand&post=62601"},{"taxonomy":"product_cat","embeddable":true,"href":"https:\/\/www.autonvaraosahaku.fi\/index.php?rest_route=%2Fwp%2Fv2%2Fproduct_cat&post=62601"},{"taxonomy":"product_tag","embeddable":true,"href":"https:\/\/www.autonvaraosahaku.fi\/index.php?rest_route=%2Fwp%2Fv2%2Fproduct_tag&post=62601"}],"curies":[{"name":"wp","href":"https:\/\/api.w.org\/{rel}","templated":true}]}}