{"id":62632,"date":"2021-02-21T18:30:59","date_gmt":"2021-02-21T18:30:59","guid":{"rendered":"https:\/\/www.autonvaraosahaku.fi\/?product=liqui-moly-3736-moottorioljy"},"modified":"2021-02-21T18:31:02","modified_gmt":"2021-02-21T18:31:02","slug":"liqui-moly-3736-moottorioljy","status":"publish","type":"product","link":"https:\/\/www.autonvaraosahaku.fi\/?product=liqui-moly-3736-moottorioljy","title":{"rendered":"Liqui Moly 3736 Moottori\u00f6ljy"},"content":{"rendered":"<p>Pakkaustyyppi: Kanisteri; Tilavuus (litra): 5; Viskositeettiluokka SAE: 0W-30; Erittely: ACEA C2; Valmistajan hyv\u00e4ksym\u00e4: Fiat 9.55535-DS1, Fiat 9.55535-GS1, PSA B71 2312; \u00d6ljy: Synteettinen \u00f6ljy; Tuotelinja: Top Tec; Versio: 4310; ACEA-m\u00e4\u00e4rittely: C2; JEEP: RENEGADE Gel\u00e4ndewagen geschlossen BU,COMPASS; IVECO: DAILY IV Kasten\/Kombi,DAILY IV Pritsche\/Fahrgestell,DAILY V Kasten\/Kombi,DAILY V Pritsche\/Fahrgestell,DAILY IV Bus,DAILY IV Kipper,DAILY V Kipper,DAILY VI Kasten\/Kombi,DAILY VI Pritsche\/Fahrgestell,DAILY VI Bus,DAILY TOURYS Bus,DAILY CITYS; NISSAN: TIIDA Schr\u00e4gheck,TIIDA Stufenheck SC11X; KIA: SPORTAGE SL,CEE&#8217;D JD,CEE`D Sportswagon JD,CARENS IV,PRO CEE\u00b4D JD,SPORTAGE QL,SORENTO III,SOUL II PS,OPTIMA Sportswagon,STINGER CK,RIO IV YB,OPTIMA,PICANTO JA,STONIC YB; LEXUS: IS II GSE2_, ALE2_, USE2_; HONDA: CIVIC VIII Hatchback FN, FK,CR-V III RE,CR-V II RD_,CR-V IV RE,ACCORD VIII CU,CIVIC IX FK,ACCORD VIII Kombi,CIVIC IX Tourer FK,HR-V RU; HYUNDAI: i20 PB, PBT,i40 CW VF,i30 GD,i30 CW GD,H-1 Travel TQ,SANTA F\u00c9 III DM,i30 Coupe,i40 VF,H-1 Cargo TQ,GRAND SANTA F\u00c9,TUCSON,i10 IA,i20 GB,H350 Bus,H350 Kasten,i20 ACTIVE GB,i20 Coupe; SUZUKI: SX4 EY, GY,SX4 S-Cross,VITARA LY,BALENO FW, EW; SUBARU: FORESTER SH,LEGACY IV Station Wagon BL, BP, B13_,IMPREZA Schr\u00e4gheck GR, GH, G3,FORESTER SJ,OUTBACK BL, BP,XV,LEGACY IV BL, BP,LEGACY V Station Wagon BM, BR,OUTBACK BM, BR,TREZIA,LEGACY V BM, BR,OUTBACK BS; LANCIA: YPSILON 312, 846<\/p>\n","protected":false},"excerpt":{"rendered":"<p>LIQUI MOLY Moottori\u00f6ljy 3736<\/p>\n","protected":false},"featured_media":0,"template":"","meta":{"site-sidebar-layout":"default","site-content-layout":"default","ast-global-header-display":"","ast-main-header-display":"","ast-hfb-above-header-display":"","ast-hfb-below-header-display":"","ast-hfb-mobile-header-display":"","site-post-title":"","ast-breadcrumbs-content":"","ast-featured-img":"","footer-sml-layout":"","theme-transparent-header-meta":"","adv-header-id-meta":"","stick-header-meta":"","header-above-stick-meta":"","header-main-stick-meta":"","header-below-stick-meta":""},"pwb-brand":[561],"product_cat":[129],"product_tag":[],"class_list":{"0":"post-62632","1":"product","2":"type-product","3":"status-publish","5":"pwb-brand-liqui-moly","6":"product_cat-moottorioljy","7":"desktop-align-left","8":"tablet-align-left","9":"mobile-align-left","11":"first","12":"instock","13":"product-type-external"},"brands":[{"id":561,"name":"Liqui Moly","slug":"liqui-moly"}],"_links":{"self":[{"href":"https:\/\/www.autonvaraosahaku.fi\/index.php?rest_route=\/wp\/v2\/product\/62632","targetHints":{"allow":["GET"]}}],"collection":[{"href":"https:\/\/www.autonvaraosahaku.fi\/index.php?rest_route=\/wp\/v2\/product"}],"about":[{"href":"https:\/\/www.autonvaraosahaku.fi\/index.php?rest_route=\/wp\/v2\/types\/product"}],"wp:attachment":[{"href":"https:\/\/www.autonvaraosahaku.fi\/index.php?rest_route=%2Fwp%2Fv2%2Fmedia&parent=62632"}],"wp:term":[{"taxonomy":"pwb-brand","embeddable":true,"href":"https:\/\/www.autonvaraosahaku.fi\/index.php?rest_route=%2Fwp%2Fv2%2Fpwb-brand&post=62632"},{"taxonomy":"product_cat","embeddable":true,"href":"https:\/\/www.autonvaraosahaku.fi\/index.php?rest_route=%2Fwp%2Fv2%2Fproduct_cat&post=62632"},{"taxonomy":"product_tag","embeddable":true,"href":"https:\/\/www.autonvaraosahaku.fi\/index.php?rest_route=%2Fwp%2Fv2%2Fproduct_tag&post=62632"}],"curies":[{"name":"wp","href":"https:\/\/api.w.org\/{rel}","templated":true}]}}