{"id":62646,"date":"2021-02-21T18:31:05","date_gmt":"2021-02-21T18:31:05","guid":{"rendered":"https:\/\/www.autonvaraosahaku.fi\/?product=liqui-moly-20845-vaihteistooljy"},"modified":"2021-02-21T18:31:07","modified_gmt":"2021-02-21T18:31:07","slug":"liqui-moly-20845-vaihteistooljy","status":"publish","type":"product","link":"https:\/\/www.autonvaraosahaku.fi\/?product=liqui-moly-20845-vaihteistooljy","title":{"rendered":"Liqui Moly 20845 Vaihteisto\u00f6ljy"},"content":{"rendered":"<p>Pituus (cm): 86; Tilavuus (litra): 1; Pakkaustyyppi: Rasia; SAE viskositeettiluokka: 75W-80; API-m\u00e4\u00e4rittely: GL-4; \u00f6ljynvalmistajan suositus: BMW 83 22 0 309 031, BMW 83 22 0 403 247, BMW MTF LT-2, BMW MTF LT-4, Ford WSD-M2C 200-C, GM 1940764, GM 1940768, NISSAN MT-XZ, NISSAN MT-XZ TL (JR), PSA B71 2330, Special Honda MTF-II, Toyota, Volvo 97308; 83220309031, 83220403247, B712330, 1940757, 1940764, B712330, 97308, G052726A2; Vaihdelaatikon \u00d6ljy<\/p>\n","protected":false},"excerpt":{"rendered":"<p>LIQUI MOLY Vaihteisto\u00f6ljy 20845 Vaihdelaatikon \u00d6ljy<\/p>\n","protected":false},"featured_media":0,"template":"","meta":{"site-sidebar-layout":"default","site-content-layout":"default","ast-global-header-display":"","ast-main-header-display":"","ast-hfb-above-header-display":"","ast-hfb-below-header-display":"","ast-hfb-mobile-header-display":"","site-post-title":"","ast-breadcrumbs-content":"","ast-featured-img":"","footer-sml-layout":"","theme-transparent-header-meta":"","adv-header-id-meta":"","stick-header-meta":"","header-above-stick-meta":"","header-main-stick-meta":"","header-below-stick-meta":""},"pwb-brand":[561],"product_cat":[58],"product_tag":[],"class_list":{"0":"post-62646","1":"product","2":"type-product","3":"status-publish","5":"pwb-brand-liqui-moly","6":"product_cat-vaihteistooljy","7":"desktop-align-left","8":"tablet-align-left","9":"mobile-align-left","11":"first","12":"instock","13":"product-type-external"},"brands":[{"id":561,"name":"Liqui Moly","slug":"liqui-moly"}],"_links":{"self":[{"href":"https:\/\/www.autonvaraosahaku.fi\/index.php?rest_route=\/wp\/v2\/product\/62646","targetHints":{"allow":["GET"]}}],"collection":[{"href":"https:\/\/www.autonvaraosahaku.fi\/index.php?rest_route=\/wp\/v2\/product"}],"about":[{"href":"https:\/\/www.autonvaraosahaku.fi\/index.php?rest_route=\/wp\/v2\/types\/product"}],"wp:attachment":[{"href":"https:\/\/www.autonvaraosahaku.fi\/index.php?rest_route=%2Fwp%2Fv2%2Fmedia&parent=62646"}],"wp:term":[{"taxonomy":"pwb-brand","embeddable":true,"href":"https:\/\/www.autonvaraosahaku.fi\/index.php?rest_route=%2Fwp%2Fv2%2Fpwb-brand&post=62646"},{"taxonomy":"product_cat","embeddable":true,"href":"https:\/\/www.autonvaraosahaku.fi\/index.php?rest_route=%2Fwp%2Fv2%2Fproduct_cat&post=62646"},{"taxonomy":"product_tag","embeddable":true,"href":"https:\/\/www.autonvaraosahaku.fi\/index.php?rest_route=%2Fwp%2Fv2%2Fproduct_tag&post=62646"}],"curies":[{"name":"wp","href":"https:\/\/api.w.org\/{rel}","templated":true}]}}